{"id":559,"date":"2013-01-09T12:43:47","date_gmt":"2013-01-09T12:43:47","guid":{"rendered":"http:\/\/www.variantinternational.com\/?page_id=559"},"modified":"2020-03-25T07:06:46","modified_gmt":"2020-03-25T06:06:46","slug":"home","status":"publish","type":"page","link":"https:\/\/www.variantinternational.com\/de\/","title":{"rendered":"Home"},"content":{"rendered":"<div class=\"inner-row rf-section\"><div class=\"sixcol  \">\n<h3>Neue Website, gleicher Service<\/h3>\n<p>Als einer der gr\u00f6\u00dften europ\u00e4ischen Hersteller von Staubsaugerbeuteln und Staubsaugerzubeh\u00f6r reagieren wir fortlaufend auf die sich st\u00e4ndig wandelnden Marktbed\u00fcrfnisse. Dazu geh\u00f6rt auch die Erstellung einer neuen Website, um Ihre Anforderungen besser zu erf\u00fcllen. Unsere Vision bleibt unver\u00e4ndert: Der Kunde steht immer im Mittelpunkt all unserer Bem\u00fchungen.<\/p>\n<p><a title=\"About Variant\" href=\"https:\/\/www.variantinternational.com\/de\/uber-variant\">Erfahren Sie mehr \u00fcber Variant<\/a><\/p>\n<div class=\"line\"><\/div>\n<\/div>\n<div class=\"sixcol last \">\n<h3>Kostenloser Online-Katalog<\/h3>\n<p>Entdecken Sie das komplette Produktsortiment, indem Sie durch unseren Online-Produktkatalog bl\u00e4ttern. Variant liefert dar\u00fcber hinaus auch Konzepte, kundenspezifische Markenentwicklungen und Handelsmarken. Wenn Sie Fragen haben oder ein Kundenkonto anlegen m\u00f6chten, nehmen Sie bitte Kontakt zu uns auf.<\/p>\n<p><a class=\"button-inner arrowed green overlay\" style=\";;;;;\n\n\n-moz-border-radius: 3px;\n\n\n-webkit-border-radius: 3px;\n\n\n-ie-border-radius: 3px;\n\n\n-o-border-radius: 3px;\n\n\nborder-radius: 3px;\" title=\"Visit online catalog\" href=\"http:\/\/shop.variantinternational.com\" target=\"_blank\" rel=\"noopener noreferrer\">Besuchen Sie den Online-Katalog<\/a><\/p>\n<div class=\"line\"><\/div>\n<\/div><\/div>\n<div class=\"inner-row rf-section\"><div class=\"sixcol  \">\n<h3>Finden Sie den passenden Staubsaugerbeutel f\u00fcr jeden Staubsauger<\/h3>\n<p><a href=\"http:\/\/www.variantinternational.com\/searchengine\" target=\"_blank\" rel=\"noopener noreferrer\"><img loading=\"lazy\" decoding=\"async\" class=\"alignnone size-full wp-image-459\" title=\"Zur Suchmaschine\" src=\"http:\/\/www.variantinternational.com\/wp-content\/uploads\/2012\/08\/threeMIboxes.jpg\" alt=\"Zur Suchmaschine \" width=\"320\" height=\"110\" srcset=\"https:\/\/www.variantinternational.com\/wp-content\/uploads\/2012\/08\/threeMIboxes.jpg 320w, https:\/\/www.variantinternational.com\/wp-content\/uploads\/2012\/08\/threeMIboxes-300x103.jpg 300w\" sizes=\"auto, (max-width: 320px) 100vw, 320px\" \/><\/a><\/p>\n<p>Nutzen Sie unsere praktische Suchmaschine, um den richtigen Staubsaugerbeuteltyp zu finden. Selektieren Sie eine Staubsaugermarke und den Typ, um zu pr\u00fcfen, welcher unserer Staubsaugerbeutel passt.<\/p>\n<p><a title=\"Zur Suchmaschine\" href=\"http:\/\/variantinternational.com\/searchengine\" target=\"_blank\" rel=\"noopener noreferrer\">Zur Suchmaschine<\/a><\/p>\n<div class=\"line\"><\/div>\n<\/div>\n<div class=\"sixcol last \">\n<h3>Aktuelle Suchergebnisse<\/h3>\n<p><img loading=\"lazy\" decoding=\"async\" class=\"alignnone size-full wp-image-852\" title=\"Job offering\" src=\"http:\/\/www.variantinternational.com\/wp-content\/uploads\/2013\/02\/foto_bewerkt.jpg\" alt=\"image of warehouse\" width=\"320\" height=\"110\" srcset=\"https:\/\/www.variantinternational.com\/wp-content\/uploads\/2013\/02\/foto_bewerkt.jpg 320w, https:\/\/www.variantinternational.com\/wp-content\/uploads\/2013\/02\/foto_bewerkt-300x103.jpg 300w\" sizes=\"auto, (max-width: 320px) 100vw, 320px\" \/><\/p>\n<div class=\"text-wrap tlid-copy-target\">\n<div class=\"result-shield-container tlid-copy-target\" tabindex=\"0\"><span class=\"tlid-translation translation\" lang=\"de\"><span class=\"\" title=\"\">Keine offenen Stellen.<\/span><\/span><\/div>\n<\/div>\n<div class=\"line\"><\/div>\n<\/div><\/div>\n<p>&nbsp;<\/p>\n","protected":false},"excerpt":{"rendered":"<p><span class=\"main-title\">Variant. Stark in starken Marken.<\/span><br \/>\n<span class=\"sub-title\"><a href=\"uber-variant\">Entdecken Sie die M\u00f6glichkeiten.<\/a><\/span><\/p>\n","protected":false},"author":7,"featured_media":0,"parent":0,"menu_order":0,"comment_status":"open","ping_status":"open","template":"","meta":{"ngg_post_thumbnail":0,"footnotes":""},"class_list":["post-559","page","type-page","status-publish","hentry"],"yoast_head":"<!-- This site is optimized with the Yoast SEO plugin v27.4 - https:\/\/yoast.com\/product\/yoast-seo-wordpress\/ -->\n<title>Variant International \u2022 Staubsaugerbeutel and Zubeh\u00f6r<\/title>\n<meta name=\"robots\" content=\"index, follow, max-snippet:-1, max-image-preview:large, max-video-preview:-1\" \/>\n<link rel=\"canonical\" href=\"https:\/\/www.variantinternational.com\/de\/\" \/>\n<meta property=\"og:locale\" content=\"de_DE\" \/>\n<meta property=\"og:type\" content=\"article\" \/>\n<meta property=\"og:title\" content=\"Variant International \u2022 Staubsaugerbeutel and Zubeh\u00f6r\" \/>\n<meta property=\"og:description\" content=\"Variant. Stark in starken Marken. Entdecken Sie die M\u00f6glichkeiten.\" \/>\n<meta property=\"og:url\" content=\"https:\/\/www.variantinternational.com\/de\/\" \/>\n<meta property=\"og:site_name\" content=\"Variant International\" \/>\n<meta property=\"article:modified_time\" content=\"2020-03-25T06:06:46+00:00\" \/>\n<meta property=\"og:image\" content=\"http:\/\/www.variantinternational.com\/wp-content\/uploads\/2012\/08\/threeMIboxes.jpg\" \/>\n<meta name=\"twitter:label1\" content=\"Gesch\u00e4tzte Lesezeit\" \/>\n\t<meta name=\"twitter:data1\" content=\"1\u00a0Minute\" \/>\n<script type=\"application\/ld+json\" class=\"yoast-schema-graph\">{\"@context\":\"https:\\\/\\\/schema.org\",\"@graph\":[{\"@type\":\"WebPage\",\"@id\":\"https:\\\/\\\/www.variantinternational.com\\\/de\\\/\",\"url\":\"https:\\\/\\\/www.variantinternational.com\\\/de\\\/\",\"name\":\"Variant International \u2022 Staubsaugerbeutel and Zubeh\u00f6r\",\"isPartOf\":{\"@id\":\"https:\\\/\\\/www.variantinternational.com\\\/#website\"},\"primaryImageOfPage\":{\"@id\":\"https:\\\/\\\/www.variantinternational.com\\\/de\\\/#primaryimage\"},\"image\":{\"@id\":\"https:\\\/\\\/www.variantinternational.com\\\/de\\\/#primaryimage\"},\"thumbnailUrl\":\"http:\\\/\\\/www.variantinternational.com\\\/wp-content\\\/uploads\\\/2012\\\/08\\\/threeMIboxes.jpg\",\"datePublished\":\"2013-01-09T12:43:47+00:00\",\"dateModified\":\"2020-03-25T06:06:46+00:00\",\"breadcrumb\":{\"@id\":\"https:\\\/\\\/www.variantinternational.com\\\/de\\\/#breadcrumb\"},\"inLanguage\":\"de\",\"potentialAction\":[{\"@type\":\"ReadAction\",\"target\":[\"https:\\\/\\\/www.variantinternational.com\\\/de\\\/\"]}]},{\"@type\":\"ImageObject\",\"inLanguage\":\"de\",\"@id\":\"https:\\\/\\\/www.variantinternational.com\\\/de\\\/#primaryimage\",\"url\":\"http:\\\/\\\/www.variantinternational.com\\\/wp-content\\\/uploads\\\/2012\\\/08\\\/threeMIboxes.jpg\",\"contentUrl\":\"http:\\\/\\\/www.variantinternational.com\\\/wp-content\\\/uploads\\\/2012\\\/08\\\/threeMIboxes.jpg\"},{\"@type\":\"BreadcrumbList\",\"@id\":\"https:\\\/\\\/www.variantinternational.com\\\/de\\\/#breadcrumb\",\"itemListElement\":[{\"@type\":\"ListItem\",\"position\":1,\"name\":\"Home\",\"item\":\"https:\\\/\\\/www.variantinternational.com\\\/de\\\/\"},{\"@type\":\"ListItem\",\"position\":2,\"name\":\"Home\"}]},{\"@type\":\"WebSite\",\"@id\":\"https:\\\/\\\/www.variantinternational.com\\\/#website\",\"url\":\"https:\\\/\\\/www.variantinternational.com\\\/\",\"name\":\"Variant International\",\"description\":\"Variant. Stark in starken Marken.\",\"potentialAction\":[{\"@type\":\"SearchAction\",\"target\":{\"@type\":\"EntryPoint\",\"urlTemplate\":\"https:\\\/\\\/www.variantinternational.com\\\/?s={search_term_string}\"},\"query-input\":{\"@type\":\"PropertyValueSpecification\",\"valueRequired\":true,\"valueName\":\"search_term_string\"}}],\"inLanguage\":\"de\"}]}<\/script>\n<!-- \/ Yoast SEO plugin. -->","yoast_head_json":{"title":"Variant International \u2022 Staubsaugerbeutel and Zubeh\u00f6r","robots":{"index":"index","follow":"follow","max-snippet":"max-snippet:-1","max-image-preview":"max-image-preview:large","max-video-preview":"max-video-preview:-1"},"canonical":"https:\/\/www.variantinternational.com\/de\/","og_locale":"de_DE","og_type":"article","og_title":"Variant International \u2022 Staubsaugerbeutel and Zubeh\u00f6r","og_description":"Variant. Stark in starken Marken. Entdecken Sie die M\u00f6glichkeiten.","og_url":"https:\/\/www.variantinternational.com\/de\/","og_site_name":"Variant International","article_modified_time":"2020-03-25T06:06:46+00:00","og_image":[{"url":"http:\/\/www.variantinternational.com\/wp-content\/uploads\/2012\/08\/threeMIboxes.jpg","type":"","width":"","height":""}],"twitter_misc":{"Gesch\u00e4tzte Lesezeit":"1\u00a0Minute"},"schema":{"@context":"https:\/\/schema.org","@graph":[{"@type":"WebPage","@id":"https:\/\/www.variantinternational.com\/de\/","url":"https:\/\/www.variantinternational.com\/de\/","name":"Variant International \u2022 Staubsaugerbeutel and Zubeh\u00f6r","isPartOf":{"@id":"https:\/\/www.variantinternational.com\/#website"},"primaryImageOfPage":{"@id":"https:\/\/www.variantinternational.com\/de\/#primaryimage"},"image":{"@id":"https:\/\/www.variantinternational.com\/de\/#primaryimage"},"thumbnailUrl":"http:\/\/www.variantinternational.com\/wp-content\/uploads\/2012\/08\/threeMIboxes.jpg","datePublished":"2013-01-09T12:43:47+00:00","dateModified":"2020-03-25T06:06:46+00:00","breadcrumb":{"@id":"https:\/\/www.variantinternational.com\/de\/#breadcrumb"},"inLanguage":"de","potentialAction":[{"@type":"ReadAction","target":["https:\/\/www.variantinternational.com\/de\/"]}]},{"@type":"ImageObject","inLanguage":"de","@id":"https:\/\/www.variantinternational.com\/de\/#primaryimage","url":"http:\/\/www.variantinternational.com\/wp-content\/uploads\/2012\/08\/threeMIboxes.jpg","contentUrl":"http:\/\/www.variantinternational.com\/wp-content\/uploads\/2012\/08\/threeMIboxes.jpg"},{"@type":"BreadcrumbList","@id":"https:\/\/www.variantinternational.com\/de\/#breadcrumb","itemListElement":[{"@type":"ListItem","position":1,"name":"Home","item":"https:\/\/www.variantinternational.com\/de\/"},{"@type":"ListItem","position":2,"name":"Home"}]},{"@type":"WebSite","@id":"https:\/\/www.variantinternational.com\/#website","url":"https:\/\/www.variantinternational.com\/","name":"Variant International","description":"Variant. Stark in starken Marken.","potentialAction":[{"@type":"SearchAction","target":{"@type":"EntryPoint","urlTemplate":"https:\/\/www.variantinternational.com\/?s={search_term_string}"},"query-input":{"@type":"PropertyValueSpecification","valueRequired":true,"valueName":"search_term_string"}}],"inLanguage":"de"}]}},"_links":{"self":[{"href":"https:\/\/www.variantinternational.com\/de\/wp-json\/wp\/v2\/pages\/559","targetHints":{"allow":["GET"]}}],"collection":[{"href":"https:\/\/www.variantinternational.com\/de\/wp-json\/wp\/v2\/pages"}],"about":[{"href":"https:\/\/www.variantinternational.com\/de\/wp-json\/wp\/v2\/types\/page"}],"author":[{"embeddable":true,"href":"https:\/\/www.variantinternational.com\/de\/wp-json\/wp\/v2\/users\/7"}],"replies":[{"embeddable":true,"href":"https:\/\/www.variantinternational.com\/de\/wp-json\/wp\/v2\/comments?post=559"}],"version-history":[{"count":24,"href":"https:\/\/www.variantinternational.com\/de\/wp-json\/wp\/v2\/pages\/559\/revisions"}],"predecessor-version":[{"id":1116,"href":"https:\/\/www.variantinternational.com\/de\/wp-json\/wp\/v2\/pages\/559\/revisions\/1116"}],"wp:attachment":[{"href":"https:\/\/www.variantinternational.com\/de\/wp-json\/wp\/v2\/media?parent=559"}],"curies":[{"name":"wp","href":"https:\/\/api.w.org\/{rel}","templated":true}]}}