{"id":562,"date":"2013-01-09T12:44:25","date_gmt":"2013-01-09T12:44:25","guid":{"rendered":"http:\/\/www.variantinternational.com\/?page_id=562"},"modified":"2025-05-20T06:31:44","modified_gmt":"2025-05-20T04:31:44","slug":"uber-variant","status":"publish","type":"page","link":"https:\/\/www.variantinternational.com\/de\/uber-variant\/","title":{"rendered":"\u00dcber Variant"},"content":{"rendered":"<p>Variant ist einer der gr\u00f6\u00dften europ\u00e4ischen Hersteller und Lieferanten von Staubsaugerbeuteln und Staubsaugerzubeh\u00f6r. Die gelieferten Qualit\u00e4tsprodukte werden fortlaufend gepr\u00fcft und verbessert.<\/p>\n<p>Vom Hauptsitz und Zentrallager in den Niederlanden aus kann Variant seine Qualit\u00e4t, Schnelligkeit und den 95-prozentigen Versand ab Lager garantieren.<\/p>\n<p>Das engagierte Verkaufsteam steht Ihnen in Ihrer Muttersprache zur Verf\u00fcgung: Die deutsch-, englisch- und franz\u00f6sischsprachigen Verkaufsmitarbeiter beantworten gerne Ihre Fragen oder nehmen ihre Bestellung entgegen. Dieser Service wird zuk\u00fcnftig auch f\u00fcr die russische und polnische Sprache angeboten.<\/p>\n<div class=\"line\"><\/div>\n<div class=\"inner-row rf-section\"><div class=\"sixcol  \">\n<h3>Kunden<\/h3>\n<p>Variant verf\u00fcgt \u00fcber einen umfangreichen Kundenkreis, inklusive der Bereiche<\/p>\n<ul>\n<li>Handel und Konsumg\u00fcter<\/li>\n<li>Reinigungsfirmen<\/li>\n<li>Geb\u00e4udedienste<\/li>\n<li>Industrieanwendungen<\/li>\n<li>Zentralstaubsaugeranlagen<\/li>\n<\/ul>\n<p>Bitte wenden Sie sich zum Anlegen eines Kundenkontos an das <a title=\"Kontakt\" href=\"https:\/\/www.variantinternational.com\/de\/kontakt\">Verkaufsteam<\/a>.<\/p>\n<div class=\"line\"><\/div>\n<\/div>\n<div class=\"sixcol last \">\n<div class=\"section section-small\"><div class=\"message primary \" style=\";background: lightgrey;color: black;;\n\t\t-moz-border-radius: 5px;\n\t\t-webkit-border-radius: 5px;\n\t\t-ie-border-radius: 5px;\n\t\t-o-border-radius: 5px;\n\t\tborder-radius: 5px; \n\t;\">\n<h3>Produkte<\/h3>\n<p>Variant verkauft nur hochqualitative Alternativprodukte, die den Originalversionen entsprechen bzw. deren Qualit\u00e4t \u00fcbertreffen.<\/p>\n<p>Wir verf\u00fcgen \u00fcber ein engagiertes Unternehmen in China, wo Staubsaugerbeutel und Plastikprodukte in eigenen Produktionsformen produziert werden. Daher k\u00f6nnen individuelle Kundenanforderungen in Bezug auf die Qualit\u00e4t schnell umgesetzt werden.<\/p>\n<p>Siehe die komplette \u00dcbersicht auf der <a title=\"Unsere Marken\" href=\"https:\/\/www.variantinternational.com\/de\/unsere-marken\">Markenseite<\/a>.<\/p>\n<\/div><\/div>\n<\/div><\/div>\n","protected":false},"excerpt":{"rendered":"<p>H\u00f6chste Qualit\u00e4t, bester Service<\/p>\n","protected":false},"author":7,"featured_media":0,"parent":0,"menu_order":0,"comment_status":"open","ping_status":"open","template":"","meta":{"ngg_post_thumbnail":0,"footnotes":""},"class_list":["post-562","page","type-page","status-publish","hentry"],"yoast_head":"<!-- This site is optimized with the Yoast SEO plugin v27.5 - https:\/\/yoast.com\/product\/yoast-seo-wordpress\/ -->\n<title>\u00dcber Variant - Variant International<\/title>\n<meta name=\"robots\" content=\"index, follow, max-snippet:-1, max-image-preview:large, max-video-preview:-1\" \/>\n<link rel=\"canonical\" href=\"https:\/\/www.variantinternational.com\/de\/uber-variant\/\" \/>\n<meta property=\"og:locale\" content=\"de_DE\" \/>\n<meta property=\"og:type\" content=\"article\" \/>\n<meta property=\"og:title\" content=\"\u00dcber Variant - Variant International\" \/>\n<meta property=\"og:description\" content=\"H\u00f6chste Qualit\u00e4t, bester Service\" \/>\n<meta property=\"og:url\" content=\"https:\/\/www.variantinternational.com\/de\/uber-variant\/\" \/>\n<meta property=\"og:site_name\" content=\"Variant International\" \/>\n<meta property=\"article:modified_time\" content=\"2025-05-20T04:31:44+00:00\" \/>\n<meta name=\"twitter:label1\" content=\"Gesch\u00e4tzte Lesezeit\" \/>\n\t<meta name=\"twitter:data1\" content=\"1\u00a0Minute\" \/>\n<script type=\"application\/ld+json\" class=\"yoast-schema-graph\">{\"@context\":\"https:\\\/\\\/schema.org\",\"@graph\":[{\"@type\":\"WebPage\",\"@id\":\"https:\\\/\\\/www.variantinternational.com\\\/de\\\/uber-variant\\\/\",\"url\":\"https:\\\/\\\/www.variantinternational.com\\\/de\\\/uber-variant\\\/\",\"name\":\"\u00dcber Variant - Variant International\",\"isPartOf\":{\"@id\":\"https:\\\/\\\/www.variantinternational.com\\\/#website\"},\"datePublished\":\"2013-01-09T12:44:25+00:00\",\"dateModified\":\"2025-05-20T04:31:44+00:00\",\"breadcrumb\":{\"@id\":\"https:\\\/\\\/www.variantinternational.com\\\/de\\\/uber-variant\\\/#breadcrumb\"},\"inLanguage\":\"de\",\"potentialAction\":[{\"@type\":\"ReadAction\",\"target\":[\"https:\\\/\\\/www.variantinternational.com\\\/de\\\/uber-variant\\\/\"]}]},{\"@type\":\"BreadcrumbList\",\"@id\":\"https:\\\/\\\/www.variantinternational.com\\\/de\\\/uber-variant\\\/#breadcrumb\",\"itemListElement\":[{\"@type\":\"ListItem\",\"position\":1,\"name\":\"Home\",\"item\":\"https:\\\/\\\/www.variantinternational.com\\\/de\\\/\"},{\"@type\":\"ListItem\",\"position\":2,\"name\":\"\u00dcber Variant\"}]},{\"@type\":\"WebSite\",\"@id\":\"https:\\\/\\\/www.variantinternational.com\\\/#website\",\"url\":\"https:\\\/\\\/www.variantinternational.com\\\/\",\"name\":\"Variant International\",\"description\":\"Variant. Stark in starken Marken.\",\"potentialAction\":[{\"@type\":\"SearchAction\",\"target\":{\"@type\":\"EntryPoint\",\"urlTemplate\":\"https:\\\/\\\/www.variantinternational.com\\\/?s={search_term_string}\"},\"query-input\":{\"@type\":\"PropertyValueSpecification\",\"valueRequired\":true,\"valueName\":\"search_term_string\"}}],\"inLanguage\":\"de\"}]}<\/script>\n<!-- \/ Yoast SEO plugin. -->","yoast_head_json":{"title":"\u00dcber Variant - Variant International","robots":{"index":"index","follow":"follow","max-snippet":"max-snippet:-1","max-image-preview":"max-image-preview:large","max-video-preview":"max-video-preview:-1"},"canonical":"https:\/\/www.variantinternational.com\/de\/uber-variant\/","og_locale":"de_DE","og_type":"article","og_title":"\u00dcber Variant - Variant International","og_description":"H\u00f6chste Qualit\u00e4t, bester Service","og_url":"https:\/\/www.variantinternational.com\/de\/uber-variant\/","og_site_name":"Variant International","article_modified_time":"2025-05-20T04:31:44+00:00","twitter_misc":{"Gesch\u00e4tzte Lesezeit":"1\u00a0Minute"},"schema":{"@context":"https:\/\/schema.org","@graph":[{"@type":"WebPage","@id":"https:\/\/www.variantinternational.com\/de\/uber-variant\/","url":"https:\/\/www.variantinternational.com\/de\/uber-variant\/","name":"\u00dcber Variant - Variant International","isPartOf":{"@id":"https:\/\/www.variantinternational.com\/#website"},"datePublished":"2013-01-09T12:44:25+00:00","dateModified":"2025-05-20T04:31:44+00:00","breadcrumb":{"@id":"https:\/\/www.variantinternational.com\/de\/uber-variant\/#breadcrumb"},"inLanguage":"de","potentialAction":[{"@type":"ReadAction","target":["https:\/\/www.variantinternational.com\/de\/uber-variant\/"]}]},{"@type":"BreadcrumbList","@id":"https:\/\/www.variantinternational.com\/de\/uber-variant\/#breadcrumb","itemListElement":[{"@type":"ListItem","position":1,"name":"Home","item":"https:\/\/www.variantinternational.com\/de\/"},{"@type":"ListItem","position":2,"name":"\u00dcber Variant"}]},{"@type":"WebSite","@id":"https:\/\/www.variantinternational.com\/#website","url":"https:\/\/www.variantinternational.com\/","name":"Variant International","description":"Variant. Stark in starken Marken.","potentialAction":[{"@type":"SearchAction","target":{"@type":"EntryPoint","urlTemplate":"https:\/\/www.variantinternational.com\/?s={search_term_string}"},"query-input":{"@type":"PropertyValueSpecification","valueRequired":true,"valueName":"search_term_string"}}],"inLanguage":"de"}]}},"_links":{"self":[{"href":"https:\/\/www.variantinternational.com\/de\/wp-json\/wp\/v2\/pages\/562","targetHints":{"allow":["GET"]}}],"collection":[{"href":"https:\/\/www.variantinternational.com\/de\/wp-json\/wp\/v2\/pages"}],"about":[{"href":"https:\/\/www.variantinternational.com\/de\/wp-json\/wp\/v2\/types\/page"}],"author":[{"embeddable":true,"href":"https:\/\/www.variantinternational.com\/de\/wp-json\/wp\/v2\/users\/7"}],"replies":[{"embeddable":true,"href":"https:\/\/www.variantinternational.com\/de\/wp-json\/wp\/v2\/comments?post=562"}],"version-history":[{"count":5,"href":"https:\/\/www.variantinternational.com\/de\/wp-json\/wp\/v2\/pages\/562\/revisions"}],"predecessor-version":[{"id":1130,"href":"https:\/\/www.variantinternational.com\/de\/wp-json\/wp\/v2\/pages\/562\/revisions\/1130"}],"wp:attachment":[{"href":"https:\/\/www.variantinternational.com\/de\/wp-json\/wp\/v2\/media?parent=562"}],"curies":[{"name":"wp","href":"https:\/\/api.w.org\/{rel}","templated":true}]}}