{"id":564,"date":"2013-01-09T12:44:34","date_gmt":"2013-01-09T12:44:34","guid":{"rendered":"http:\/\/www.variantinternational.com\/?page_id=564"},"modified":"2016-11-03T11:31:35","modified_gmt":"2016-11-03T10:31:35","slug":"unsere-marken","status":"publish","type":"page","link":"https:\/\/www.variantinternational.com\/de\/unsere-marken\/","title":{"rendered":"Unsere Marken"},"content":{"rendered":"<div class=\"inner-row rf-section\"><div class=\"tencol  \">\n<h2>Variant Staubsaugerbeutel und Zubeh\u00f6r<\/h2>\n<p>Mit ma\u00dfgefertigten Plastikformen und einer engagierten Fabrik in China ist Variant in der Lage, ein gro\u00dfes Produktsortiment mit hervorragender Qualit\u00e4t zu produzieren. Das Produktsortiment umfasst:<\/p>\n<ul>\n<li>Staubsaugerbeutel f\u00fcr die private\/professionelle Anwendung<\/li>\n<li>Industriestaubsaugerbeutel<\/li>\n<li>Staubsaugerbeutel f\u00fcr private Haushalte (auch Zubeh\u00f6r)<\/li>\n<li>Schl\u00e4uche f\u00fcr Industrieanwendungen<\/li>\n<li>D\u00fcsen und B\u00fcrsten<\/li>\n<li>Gebogene Rohrendst\u00fccke<\/li>\n<li>Beh\u00e4lterzubeh\u00f6r<\/li>\n<li>Rohre, auch teleskopisch, in PVC, INOX, Aluminium<\/li>\n<li>Zentralstaubsaugeranlagen<\/li>\n<\/ul>\n<p><a href=\"http:\/\/shop.variantinternational.com\" target=\"_blank\" style=\";;;;;\n\t\t-moz-border-radius: 3px;\n\t\t-webkit-border-radius: 3px;\n\t\t-ie-border-radius: 3px;\n\t\t-o-border-radius: 3px;\n\t\tborder-radius: 3px; \n\t\" class=\"button-inner arrowed green overlay\">Durchbl\u00e4ttern Sie den gesamten Katalog<\/a><\/p>\n<p>Neben unserer eigenen Produktlinie haben wir einige der weltf\u00fchrenden Spezialmarkenartikel selektiert um ein noch st\u00e4rkeres Produktportfolio anbieten zu k\u00f6nnen.<\/p>\n<\/div>\n<div class=\"twocol last \">\n<\/div><\/div>\n<div class=\"line\"><\/div>\n<div class=\"inner-row rf-section\"><div class=\"sixcol  \">\n<h3><a name=\"plastiflex\"><\/a>Plastiflex<\/h3>\n<p><img loading=\"lazy\" decoding=\"async\" class=\"alignnone size-full wp-image-417\" title=\"logo_plastiflex\" src=\"http:\/\/www.variantinternational.com\/wp-content\/uploads\/2012\/08\/logo_plastiflex.jpg\" alt=\"\" width=\"320\" height=\"110\" srcset=\"https:\/\/www.variantinternational.com\/wp-content\/uploads\/2012\/08\/logo_plastiflex.jpg 320w, https:\/\/www.variantinternational.com\/wp-content\/uploads\/2012\/08\/logo_plastiflex-300x103.jpg 300w\" sizes=\"auto, (max-width: 320px) 100vw, 320px\" \/><\/p>\n<p>Plastiflex ist der weltweite Marktf\u00fchrer in der Entwicklung und Herstellung von flexiblen Schlauchsysteml\u00f6sungen f\u00fcr ein breites Anwendungsspektrum von der Gesundheitspflege bis zu Poolanwendungen, Industrie und Bodenpflege.<\/p>\n<p>Variant liefert ein breites Sortiment an Plastiflex-Produkten. Bl\u00e4ttern Sie durch den <a href=\"http:\/\/catalog.variantinternational.com\/categories\/55-hoses-plastiflex\/products\" target=\"_blank\">Online-Katalog<\/a>, um das gesamte Angebot anzuschauen.<\/p>\n<p><a title=\"Besuchen Sie die Plastiflex-Website\" href=\"http:\/\/www.plastiflex-industrial-hoses.com\/\" target=\"_blank\">Besuchen Sie die Plastiflex-Website<\/a><\/p>\n<div class=\"line\"><\/div>\n<\/div>\n<div class=\"sixcol last \">\n<h3><a name=\"wesselwerk\"><\/a>Wessel\u2219Werk<\/h3>\n<p><img loading=\"lazy\" decoding=\"async\" class=\"alignnone size-full wp-image-419\" title=\"logo_wessel-werk\" src=\"http:\/\/www.variantinternational.com\/wp-content\/uploads\/2012\/08\/logo_wessel-werk.jpg\" alt=\"\" width=\"320\" height=\"110\" srcset=\"https:\/\/www.variantinternational.com\/wp-content\/uploads\/2012\/08\/logo_wessel-werk.jpg 320w, https:\/\/www.variantinternational.com\/wp-content\/uploads\/2012\/08\/logo_wessel-werk-300x103.jpg 300w\" sizes=\"auto, (max-width: 320px) 100vw, 320px\" \/><\/p>\n<p>Aktuell ist die Wessel Werk GmbH der weltweit f\u00fchrende Produzent von Staubsaugerd\u00fcsen und Staubsaugerzubeh\u00f6r. Innovation und beste Qualit\u00e4t zeichnen diese Marke aus.<\/p>\n<p>Variant kann Ihnen diese <a href=\"http:\/\/catalog.variantinternational.com\/categories\/66-nozzles-brushes-wessel-werk\/products\" target=\"_blank\">kommerziellen und Industried\u00fcsen und B\u00fcrsten<\/a> liefern.<\/p>\n<p><a title=\"Besuchen Sie die Website der Wessel Werk GmbH\" href=\"http:\/\/www.wessel-werk.com\" target=\"_blank\">Besuchen Sie die Website der Wessel Werk GmbH<\/a><\/p>\n<div class=\"line\"><\/div>\n<\/div><\/div>\n<div class=\"inner-row rf-section\"><div class=\"sixcol  \">\n<h3><a name=\"centralvac\"><\/a>Zentralstaubsauger<\/h3>\n<p><img loading=\"lazy\" decoding=\"async\" class=\"alignnone size-full wp-image-417\" title=\"logo_plastiflex\" src=\"http:\/\/www.variantinternational.com\/wp-content\/uploads\/2012\/08\/logo_plastiflex.jpg\" alt=\"\" width=\"320\" height=\"110\" srcset=\"https:\/\/www.variantinternational.com\/wp-content\/uploads\/2012\/08\/logo_plastiflex.jpg 320w, https:\/\/www.variantinternational.com\/wp-content\/uploads\/2012\/08\/logo_plastiflex-300x103.jpg 300w\" sizes=\"auto, (max-width: 320px) 100vw, 320px\" \/><\/p>\n<p>Variant kann alle Rohre, Verbindungsst\u00fccke und Ausgangsmaterialien liefern. Weitere Details finden Sie im Kapitel &#8222;CentralVac&#8220; im <a href=\"http:\/\/catalog.variantinternational.com\/categories\/63-central-vac-plastiflex\/products\" target=\"_blank\">Katalog<\/a>.<\/p>\n<p><a title=\"Besuchen Sie die CentralVac-Website\" href=\"http:\/\/cvac.plastiflex.com\/\" target=\"_blank\">Besuchen Sie die CentralVac-Website<\/a><\/p>\n<div class=\"line\"><\/div>\n<\/div>\n<div class=\"sixcol last \">\n<h3><a name=\"privatelabel\"><\/a>Eigenmarkenverpackung<\/h3>\n<p><img loading=\"lazy\" decoding=\"async\" class=\"alignnone size-full wp-image-459\" title=\"threeMIboxes\" src=\"http:\/\/www.variantinternational.com\/wp-content\/uploads\/2012\/08\/threeMIboxes.jpg\" alt=\"\" width=\"320\" height=\"110\" srcset=\"https:\/\/www.variantinternational.com\/wp-content\/uploads\/2012\/08\/threeMIboxes.jpg 320w, https:\/\/www.variantinternational.com\/wp-content\/uploads\/2012\/08\/threeMIboxes-300x103.jpg 300w\" sizes=\"auto, (max-width: 320px) 100vw, 320px\" \/><\/p>\n<div>\n<p>Die M\u00f6glichkeiten der Eigenmarkenverpackung sind unbegrenzt: Handels- und Markenfirmen k\u00f6nnen uns mit ihren eigenen Verpackungsdesigns beliefern, die von uns produziert und direkt von der Fabrik bis zur Haust\u00fcr geliefert werden.<\/p>\n<p>Au\u00dferdem k\u00f6nnen wir sowohl f\u00fcr Variant als auch f\u00fcr die Eigenmarken komplette Konzeptl\u00f6sungen anbieten.<\/p>\n<p>Wenden Sie sich an unser <a title=\"Kontakt\" href=\"https:\/\/www.variantinternational.com\/de\/kontakt\">Verkaufsteam<\/a>, um weitere Informationen zu erhalten.<\/p>\n<div class=\"line\"><\/div>\n<\/div>\n<\/div><\/div>\n","protected":false},"excerpt":{"rendered":"<p>F\u00fcr hochwertige Marken.<\/p>\n","protected":false},"author":7,"featured_media":0,"parent":0,"menu_order":0,"comment_status":"open","ping_status":"open","template":"","meta":{"ngg_post_thumbnail":0,"footnotes":""},"class_list":["post-564","page","type-page","status-publish","hentry"],"yoast_head":"<!-- This site is optimized with the Yoast SEO plugin v27.6 - https:\/\/yoast.com\/product\/yoast-seo-wordpress\/ -->\n<title>Unsere Marken - Variant International<\/title>\n<meta name=\"robots\" content=\"index, follow, max-snippet:-1, max-image-preview:large, max-video-preview:-1\" \/>\n<link rel=\"canonical\" href=\"https:\/\/www.variantinternational.com\/de\/unsere-marken\/\" \/>\n<meta property=\"og:locale\" content=\"de_DE\" \/>\n<meta property=\"og:type\" content=\"article\" \/>\n<meta property=\"og:title\" content=\"Unsere Marken - Variant International\" \/>\n<meta property=\"og:description\" content=\"F\u00fcr hochwertige Marken.\" \/>\n<meta property=\"og:url\" content=\"https:\/\/www.variantinternational.com\/de\/unsere-marken\/\" \/>\n<meta property=\"og:site_name\" content=\"Variant International\" \/>\n<meta property=\"article:modified_time\" content=\"2016-11-03T10:31:35+00:00\" \/>\n<meta property=\"og:image\" content=\"http:\/\/www.variantinternational.com\/wp-content\/uploads\/2012\/08\/logo_plastiflex.jpg\" \/>\n<meta name=\"twitter:label1\" content=\"Gesch\u00e4tzte Lesezeit\" \/>\n\t<meta name=\"twitter:data1\" content=\"2\u00a0Minuten\" \/>\n<script type=\"application\/ld+json\" class=\"yoast-schema-graph\">{\"@context\":\"https:\\\/\\\/schema.org\",\"@graph\":[{\"@type\":\"WebPage\",\"@id\":\"https:\\\/\\\/www.variantinternational.com\\\/de\\\/unsere-marken\\\/\",\"url\":\"https:\\\/\\\/www.variantinternational.com\\\/de\\\/unsere-marken\\\/\",\"name\":\"Unsere Marken - Variant International\",\"isPartOf\":{\"@id\":\"https:\\\/\\\/www.variantinternational.com\\\/#website\"},\"primaryImageOfPage\":{\"@id\":\"https:\\\/\\\/www.variantinternational.com\\\/de\\\/unsere-marken\\\/#primaryimage\"},\"image\":{\"@id\":\"https:\\\/\\\/www.variantinternational.com\\\/de\\\/unsere-marken\\\/#primaryimage\"},\"thumbnailUrl\":\"http:\\\/\\\/www.variantinternational.com\\\/wp-content\\\/uploads\\\/2012\\\/08\\\/logo_plastiflex.jpg\",\"datePublished\":\"2013-01-09T12:44:34+00:00\",\"dateModified\":\"2016-11-03T10:31:35+00:00\",\"breadcrumb\":{\"@id\":\"https:\\\/\\\/www.variantinternational.com\\\/de\\\/unsere-marken\\\/#breadcrumb\"},\"inLanguage\":\"de\",\"potentialAction\":[{\"@type\":\"ReadAction\",\"target\":[\"https:\\\/\\\/www.variantinternational.com\\\/de\\\/unsere-marken\\\/\"]}]},{\"@type\":\"ImageObject\",\"inLanguage\":\"de\",\"@id\":\"https:\\\/\\\/www.variantinternational.com\\\/de\\\/unsere-marken\\\/#primaryimage\",\"url\":\"http:\\\/\\\/www.variantinternational.com\\\/wp-content\\\/uploads\\\/2012\\\/08\\\/logo_plastiflex.jpg\",\"contentUrl\":\"http:\\\/\\\/www.variantinternational.com\\\/wp-content\\\/uploads\\\/2012\\\/08\\\/logo_plastiflex.jpg\"},{\"@type\":\"BreadcrumbList\",\"@id\":\"https:\\\/\\\/www.variantinternational.com\\\/de\\\/unsere-marken\\\/#breadcrumb\",\"itemListElement\":[{\"@type\":\"ListItem\",\"position\":1,\"name\":\"Home\",\"item\":\"https:\\\/\\\/www.variantinternational.com\\\/de\\\/\"},{\"@type\":\"ListItem\",\"position\":2,\"name\":\"Unsere Marken\"}]},{\"@type\":\"WebSite\",\"@id\":\"https:\\\/\\\/www.variantinternational.com\\\/#website\",\"url\":\"https:\\\/\\\/www.variantinternational.com\\\/\",\"name\":\"Variant International\",\"description\":\"Variant. Stark in starken Marken.\",\"potentialAction\":[{\"@type\":\"SearchAction\",\"target\":{\"@type\":\"EntryPoint\",\"urlTemplate\":\"https:\\\/\\\/www.variantinternational.com\\\/?s={search_term_string}\"},\"query-input\":{\"@type\":\"PropertyValueSpecification\",\"valueRequired\":true,\"valueName\":\"search_term_string\"}}],\"inLanguage\":\"de\"}]}<\/script>\n<!-- \/ Yoast SEO plugin. -->","yoast_head_json":{"title":"Unsere Marken - Variant International","robots":{"index":"index","follow":"follow","max-snippet":"max-snippet:-1","max-image-preview":"max-image-preview:large","max-video-preview":"max-video-preview:-1"},"canonical":"https:\/\/www.variantinternational.com\/de\/unsere-marken\/","og_locale":"de_DE","og_type":"article","og_title":"Unsere Marken - Variant International","og_description":"F\u00fcr hochwertige Marken.","og_url":"https:\/\/www.variantinternational.com\/de\/unsere-marken\/","og_site_name":"Variant International","article_modified_time":"2016-11-03T10:31:35+00:00","og_image":[{"url":"http:\/\/www.variantinternational.com\/wp-content\/uploads\/2012\/08\/logo_plastiflex.jpg","type":"","width":"","height":""}],"twitter_misc":{"Gesch\u00e4tzte Lesezeit":"2\u00a0Minuten"},"schema":{"@context":"https:\/\/schema.org","@graph":[{"@type":"WebPage","@id":"https:\/\/www.variantinternational.com\/de\/unsere-marken\/","url":"https:\/\/www.variantinternational.com\/de\/unsere-marken\/","name":"Unsere Marken - Variant International","isPartOf":{"@id":"https:\/\/www.variantinternational.com\/#website"},"primaryImageOfPage":{"@id":"https:\/\/www.variantinternational.com\/de\/unsere-marken\/#primaryimage"},"image":{"@id":"https:\/\/www.variantinternational.com\/de\/unsere-marken\/#primaryimage"},"thumbnailUrl":"http:\/\/www.variantinternational.com\/wp-content\/uploads\/2012\/08\/logo_plastiflex.jpg","datePublished":"2013-01-09T12:44:34+00:00","dateModified":"2016-11-03T10:31:35+00:00","breadcrumb":{"@id":"https:\/\/www.variantinternational.com\/de\/unsere-marken\/#breadcrumb"},"inLanguage":"de","potentialAction":[{"@type":"ReadAction","target":["https:\/\/www.variantinternational.com\/de\/unsere-marken\/"]}]},{"@type":"ImageObject","inLanguage":"de","@id":"https:\/\/www.variantinternational.com\/de\/unsere-marken\/#primaryimage","url":"http:\/\/www.variantinternational.com\/wp-content\/uploads\/2012\/08\/logo_plastiflex.jpg","contentUrl":"http:\/\/www.variantinternational.com\/wp-content\/uploads\/2012\/08\/logo_plastiflex.jpg"},{"@type":"BreadcrumbList","@id":"https:\/\/www.variantinternational.com\/de\/unsere-marken\/#breadcrumb","itemListElement":[{"@type":"ListItem","position":1,"name":"Home","item":"https:\/\/www.variantinternational.com\/de\/"},{"@type":"ListItem","position":2,"name":"Unsere Marken"}]},{"@type":"WebSite","@id":"https:\/\/www.variantinternational.com\/#website","url":"https:\/\/www.variantinternational.com\/","name":"Variant International","description":"Variant. Stark in starken Marken.","potentialAction":[{"@type":"SearchAction","target":{"@type":"EntryPoint","urlTemplate":"https:\/\/www.variantinternational.com\/?s={search_term_string}"},"query-input":{"@type":"PropertyValueSpecification","valueRequired":true,"valueName":"search_term_string"}}],"inLanguage":"de"}]}},"_links":{"self":[{"href":"https:\/\/www.variantinternational.com\/de\/wp-json\/wp\/v2\/pages\/564","targetHints":{"allow":["GET"]}}],"collection":[{"href":"https:\/\/www.variantinternational.com\/de\/wp-json\/wp\/v2\/pages"}],"about":[{"href":"https:\/\/www.variantinternational.com\/de\/wp-json\/wp\/v2\/types\/page"}],"author":[{"embeddable":true,"href":"https:\/\/www.variantinternational.com\/de\/wp-json\/wp\/v2\/users\/7"}],"replies":[{"embeddable":true,"href":"https:\/\/www.variantinternational.com\/de\/wp-json\/wp\/v2\/comments?post=564"}],"version-history":[{"count":11,"href":"https:\/\/www.variantinternational.com\/de\/wp-json\/wp\/v2\/pages\/564\/revisions"}],"predecessor-version":[{"id":1096,"href":"https:\/\/www.variantinternational.com\/de\/wp-json\/wp\/v2\/pages\/564\/revisions\/1096"}],"wp:attachment":[{"href":"https:\/\/www.variantinternational.com\/de\/wp-json\/wp\/v2\/media?parent=564"}],"curies":[{"name":"wp","href":"https:\/\/api.w.org\/{rel}","templated":true}]}}