{"id":568,"date":"2013-01-09T12:44:04","date_gmt":"2013-01-09T12:44:04","guid":{"rendered":"http:\/\/www.variantinternational.com\/?page_id=568"},"modified":"2013-01-09T12:44:04","modified_gmt":"2013-01-09T12:44:04","slug":"haftungsausschluss","status":"publish","type":"page","link":"https:\/\/www.variantinternational.com\/de\/haftungsausschluss\/","title":{"rendered":"Haftungsausschluss"},"content":{"rendered":"<p>Nichts von dieser Website darf ohne vorherige schriftliche Genehmigung des Herstellers kopiert und\/oder ver\u00f6ffentlicht werden.<\/p>\n<p>Die Informationen dieser Website basieren auf den allgemeinen Informationen in Bezug auf die Konstruktion, Materialeigenschaften und Arbeitsverfahren, die zum Zeitpunkt der Ver\u00f6ffentlichung bekannt waren und daher behalten wir uns das Recht vor, \u00c4nderungen ohne vorherige Bekanntgabe durchzuf\u00fchren. Aus diesem Grund m\u00fcssen die Informationen dieser Website als Richtlinie betrachtet werden.<\/p>\n<p>Diese Website wurde mit \u00e4u\u00dferster Sorgfalt zusammengestellt, aber der Hersteller \u00fcbernimmt keinerlei Haftung f\u00fcr irgendwelche Fehler oder irgendwelche Konsequenzen solcher Fehler. Die Informationen entsprechen dem Zeitpunkt der Ver\u00f6ffentlichung; doch aufgrund der kontinuierlichen Entwicklung unserer Produkte behalten wir uns das Recht vor, Spezifikationen ohne vorherige Bekanntgabe zu \u00e4ndern.<\/p>\n","protected":false},"excerpt":{"rendered":"<p>Nichts von dieser Website darf ohne vorherige schriftliche Genehmigung des Herstellers kopiert und\/oder ver\u00f6ffentlicht werden. Die Informationen dieser Website basieren auf den allgemeinen Informationen in Bezug auf die Konstruktion, Materialeigenschaften und Arbeitsverfahren, die zum Zeitpunkt der Ver\u00f6ffentlichung bekannt waren und daher behalten wir uns das Recht vor, \u00c4nderungen ohne vorherige Bekanntgabe durchzuf\u00fchren. Aus diesem Grund [&hellip;]<\/p>\n","protected":false},"author":7,"featured_media":0,"parent":0,"menu_order":0,"comment_status":"open","ping_status":"open","template":"","meta":{"ngg_post_thumbnail":0,"footnotes":""},"class_list":["post-568","page","type-page","status-publish","hentry"],"yoast_head":"<!-- This site is optimized with the Yoast SEO plugin v27.4 - https:\/\/yoast.com\/product\/yoast-seo-wordpress\/ -->\n<title>Haftungsausschluss - Variant International<\/title>\n<meta name=\"robots\" content=\"index, follow, max-snippet:-1, max-image-preview:large, max-video-preview:-1\" \/>\n<link rel=\"canonical\" href=\"https:\/\/www.variantinternational.com\/de\/haftungsausschluss\/\" \/>\n<meta property=\"og:locale\" content=\"de_DE\" \/>\n<meta property=\"og:type\" content=\"article\" \/>\n<meta property=\"og:title\" content=\"Haftungsausschluss - Variant International\" \/>\n<meta property=\"og:description\" content=\"Nichts von dieser Website darf ohne vorherige schriftliche Genehmigung des Herstellers kopiert und\/oder ver\u00f6ffentlicht werden. Die Informationen dieser Website basieren auf den allgemeinen Informationen in Bezug auf die Konstruktion, Materialeigenschaften und Arbeitsverfahren, die zum Zeitpunkt der Ver\u00f6ffentlichung bekannt waren und daher behalten wir uns das Recht vor, \u00c4nderungen ohne vorherige Bekanntgabe durchzuf\u00fchren. Aus diesem Grund [&hellip;]\" \/>\n<meta property=\"og:url\" content=\"https:\/\/www.variantinternational.com\/de\/haftungsausschluss\/\" \/>\n<meta property=\"og:site_name\" content=\"Variant International\" \/>\n<meta name=\"twitter:label1\" content=\"Gesch\u00e4tzte Lesezeit\" \/>\n\t<meta name=\"twitter:data1\" content=\"1\u00a0Minute\" \/>\n<script type=\"application\/ld+json\" class=\"yoast-schema-graph\">{\"@context\":\"https:\\\/\\\/schema.org\",\"@graph\":[{\"@type\":\"WebPage\",\"@id\":\"https:\\\/\\\/www.variantinternational.com\\\/de\\\/haftungsausschluss\\\/\",\"url\":\"https:\\\/\\\/www.variantinternational.com\\\/de\\\/haftungsausschluss\\\/\",\"name\":\"Haftungsausschluss - Variant International\",\"isPartOf\":{\"@id\":\"https:\\\/\\\/www.variantinternational.com\\\/#website\"},\"datePublished\":\"2013-01-09T12:44:04+00:00\",\"breadcrumb\":{\"@id\":\"https:\\\/\\\/www.variantinternational.com\\\/de\\\/haftungsausschluss\\\/#breadcrumb\"},\"inLanguage\":\"de\",\"potentialAction\":[{\"@type\":\"ReadAction\",\"target\":[\"https:\\\/\\\/www.variantinternational.com\\\/de\\\/haftungsausschluss\\\/\"]}]},{\"@type\":\"BreadcrumbList\",\"@id\":\"https:\\\/\\\/www.variantinternational.com\\\/de\\\/haftungsausschluss\\\/#breadcrumb\",\"itemListElement\":[{\"@type\":\"ListItem\",\"position\":1,\"name\":\"Home\",\"item\":\"https:\\\/\\\/www.variantinternational.com\\\/de\\\/\"},{\"@type\":\"ListItem\",\"position\":2,\"name\":\"Haftungsausschluss\"}]},{\"@type\":\"WebSite\",\"@id\":\"https:\\\/\\\/www.variantinternational.com\\\/#website\",\"url\":\"https:\\\/\\\/www.variantinternational.com\\\/\",\"name\":\"Variant International\",\"description\":\"Variant. Stark in starken Marken.\",\"potentialAction\":[{\"@type\":\"SearchAction\",\"target\":{\"@type\":\"EntryPoint\",\"urlTemplate\":\"https:\\\/\\\/www.variantinternational.com\\\/?s={search_term_string}\"},\"query-input\":{\"@type\":\"PropertyValueSpecification\",\"valueRequired\":true,\"valueName\":\"search_term_string\"}}],\"inLanguage\":\"de\"}]}<\/script>\n<!-- \/ Yoast SEO plugin. -->","yoast_head_json":{"title":"Haftungsausschluss - Variant International","robots":{"index":"index","follow":"follow","max-snippet":"max-snippet:-1","max-image-preview":"max-image-preview:large","max-video-preview":"max-video-preview:-1"},"canonical":"https:\/\/www.variantinternational.com\/de\/haftungsausschluss\/","og_locale":"de_DE","og_type":"article","og_title":"Haftungsausschluss - Variant International","og_description":"Nichts von dieser Website darf ohne vorherige schriftliche Genehmigung des Herstellers kopiert und\/oder ver\u00f6ffentlicht werden. Die Informationen dieser Website basieren auf den allgemeinen Informationen in Bezug auf die Konstruktion, Materialeigenschaften und Arbeitsverfahren, die zum Zeitpunkt der Ver\u00f6ffentlichung bekannt waren und daher behalten wir uns das Recht vor, \u00c4nderungen ohne vorherige Bekanntgabe durchzuf\u00fchren. Aus diesem Grund [&hellip;]","og_url":"https:\/\/www.variantinternational.com\/de\/haftungsausschluss\/","og_site_name":"Variant International","twitter_misc":{"Gesch\u00e4tzte Lesezeit":"1\u00a0Minute"},"schema":{"@context":"https:\/\/schema.org","@graph":[{"@type":"WebPage","@id":"https:\/\/www.variantinternational.com\/de\/haftungsausschluss\/","url":"https:\/\/www.variantinternational.com\/de\/haftungsausschluss\/","name":"Haftungsausschluss - Variant International","isPartOf":{"@id":"https:\/\/www.variantinternational.com\/#website"},"datePublished":"2013-01-09T12:44:04+00:00","breadcrumb":{"@id":"https:\/\/www.variantinternational.com\/de\/haftungsausschluss\/#breadcrumb"},"inLanguage":"de","potentialAction":[{"@type":"ReadAction","target":["https:\/\/www.variantinternational.com\/de\/haftungsausschluss\/"]}]},{"@type":"BreadcrumbList","@id":"https:\/\/www.variantinternational.com\/de\/haftungsausschluss\/#breadcrumb","itemListElement":[{"@type":"ListItem","position":1,"name":"Home","item":"https:\/\/www.variantinternational.com\/de\/"},{"@type":"ListItem","position":2,"name":"Haftungsausschluss"}]},{"@type":"WebSite","@id":"https:\/\/www.variantinternational.com\/#website","url":"https:\/\/www.variantinternational.com\/","name":"Variant International","description":"Variant. Stark in starken Marken.","potentialAction":[{"@type":"SearchAction","target":{"@type":"EntryPoint","urlTemplate":"https:\/\/www.variantinternational.com\/?s={search_term_string}"},"query-input":{"@type":"PropertyValueSpecification","valueRequired":true,"valueName":"search_term_string"}}],"inLanguage":"de"}]}},"_links":{"self":[{"href":"https:\/\/www.variantinternational.com\/de\/wp-json\/wp\/v2\/pages\/568","targetHints":{"allow":["GET"]}}],"collection":[{"href":"https:\/\/www.variantinternational.com\/de\/wp-json\/wp\/v2\/pages"}],"about":[{"href":"https:\/\/www.variantinternational.com\/de\/wp-json\/wp\/v2\/types\/page"}],"author":[{"embeddable":true,"href":"https:\/\/www.variantinternational.com\/de\/wp-json\/wp\/v2\/users\/7"}],"replies":[{"embeddable":true,"href":"https:\/\/www.variantinternational.com\/de\/wp-json\/wp\/v2\/comments?post=568"}],"version-history":[{"count":2,"href":"https:\/\/www.variantinternational.com\/de\/wp-json\/wp\/v2\/pages\/568\/revisions"}],"predecessor-version":[{"id":577,"href":"https:\/\/www.variantinternational.com\/de\/wp-json\/wp\/v2\/pages\/568\/revisions\/577"}],"wp:attachment":[{"href":"https:\/\/www.variantinternational.com\/de\/wp-json\/wp\/v2\/media?parent=568"}],"curies":[{"name":"wp","href":"https:\/\/api.w.org\/{rel}","templated":true}]}}