{"id":570,"date":"2013-01-09T12:43:22","date_gmt":"2013-01-09T12:43:22","guid":{"rendered":"http:\/\/www.variantinternational.com\/?page_id=570"},"modified":"2013-01-09T12:43:22","modified_gmt":"2013-01-09T12:43:22","slug":"datenschutz","status":"publish","type":"page","link":"https:\/\/www.variantinternational.com\/de\/datenschutz\/","title":{"rendered":"Datenschutz"},"content":{"rendered":"<p>Variant Benelux B.V. setzt sich f\u00fcr den Schutz ihrer personenbezogenen Daten ein. Wenn Sie f\u00fcr die Nutzung dieser Website nach Informationen in Bezug auf ihre pers\u00f6nlichen Daten befragt werden, garantieren wir Ihnen, dass diese nur entsprechend der gesetzlichen Bestimmungen verwendet werden.<\/p>\n<p>Diese Datenschutzerkl\u00e4rung erl\u00e4utert, wir die personenbezogenen Daten, die wir von Ihnen erhalten bzw. gespeichert haben, genutzt werden.<\/p>\n<p>Es kann sein, dass diese Datenschutzerkl\u00e4rung gelegentlich bei der Aktualisierung dieser Website ge\u00e4ndert wird. Pr\u00fcfen Sie diese Seite gelegentlich, um sich zu vergewissern, dass  s\u00e4mtliche \u00c4nderungen in Ihrem Sinne sind. Diese Datenschutzerkl\u00e4rung gilt ab August 2012.<\/p>\n<h2>Von uns gespeicherte Informationen<\/h2>\n<ol>\n<li>Details \u00fcber Ihre Besuche auf unserer Website und die Ressourcen, auf die Sie zugreifen, inklusive, aber nicht begrenzt auf Datenverkehr, Standortdaten, Weblogs und sonstige Kommunikationsdaten.<\/li>\n<li>Informationen, die Sie durch Ausf\u00fcllen von Formularen auf unserer Website zur Verf\u00fcgung stellen, wenn Sie sich z.B. f\u00fcr unseren Infobrief anmelden, Informationen anfragen oder eine Bestellung aufgeben.<\/li>\n<li>Informationen, die Sie durch irgendeine Form der Kommunkation mit uns zur Verf\u00fcgung stellen.<\/li>\n<\/ol>\n<h2>Verwendung von Cookies<\/h2>\n<p>Gelegentlich k\u00f6nnen wir Informationen \u00fcber Ihren Computer f\u00fcr unsere Serviceleistungen erfassen und um statistische Informationen in Bezug auf die Nutzung unserer Website f\u00fcr unsere Werbetreibenden zu gewinnen. Diese Informationen identifizieren Sie nicht. Es handelt sich nur um statistische Daten \u00fcber unsere Besucher und die Nutzung unserer Website. Diese statistischen Daten geben keinerlei M\u00f6glichkeit zur Identifizierung Ihrer Person.<\/p>\n<p>\u00c4hnlich wie oben k\u00f6nnen wir Informationen in Bezug auf Ihre allgemeine Internetnutzung mithilfe einer Cookie-Datei speichern. Ein Cookie ist eine kleine Datei, die f\u00fcr die Speicherung auf der Festplatte ihres Computers zugelassen werden muss. Nach Ihrer Zustimmung wird die Datei zugef\u00fcgt und das Cookie unterst\u00fctzt bei der Analyse von Datenverkehr oder informiert uns, wenn Sie eine bestimmte Seite besuchen. Cookies erm\u00f6glichen Webanwendungen individuell auf Sie zu reagieren. Die Webanwendung kann ihre Aktionen in Bezug auf Ihre Bed\u00fcrfnisse, Vorlieben und Abneigungen durch Erfassung und Speicherung von Informationen in Bezug auf Pr\u00e4ferenzen  individuell anpassen.<\/p>\n<p>Alle Computer verf\u00fcgen \u00fcber die M\u00f6glichkeit Cookies automatisch zuzulassen oder abzulehnen. Dies kann \u00fcber die Aktivierung der Einstellung Ihres Browsers in Bezug auf Cookies ausgef\u00fchrt werden. Bitte beachten Sie, dass ihnen bestimmte Bereiche der Website nicht zug\u00e4nglich sind, wenn Cookies nicht zugelassen werden.<\/p>\n<p>Unsere Werbetreibenden k\u00f6nnen ebenfalls Cookies anwenden, in Bezug auf die wir keinen Einfluss haben. Solche Cookies werden (wenn sie vorhanden sind) heruntergeladen, wenn Sie eine der Anzeigen auf unserer Website anklicken.<\/p>\n<h2>Nutzung Ihrer Daten<\/h2>\n<p>Die Informationen, die wir \u00fcber Sie erfassen und speichern, werden in erster Linie dazu verwendet unsere Serviceleistung f\u00fcr Sie zu verbessern. Dar\u00fcber hinaus k\u00f6nnen wir die Informationen f\u00fcr folgende Zwecke nutzen:<\/p>\n<ol>\n<li>Um Sie mit angefragten Informationen in Bezug auf unsere Produkte oder Dienstleistungen zu versorgen. Um Sie \u00fcber andere Produkte zu informieren, die f\u00fcr Sie interessant sein k\u00f6nnten, wenn Sie zugestimmt haben, solche Informationen zu erhalten.<\/li>\n<li>Um unsere vertraglichen Verpflichtungen zu erf\u00fcllen.<\/li>\n<li>Um Sie \u00fcber irgendwelche \u00c4nderungen an unserer Website zu informieren, wie zum Beispiel Verbesserungen oder Service\/Produkt-\u00c4nderungen, die unseren Service betreffen.<\/li>\n<\/ol>\n<p>Wenn Sie ein bestehender Kunde sind, k\u00f6nnen wir Sie kontaktieren, um Sie \u00fcber Produkte und Dienstleistungen zu informieren, die einem Ihrer vorangehenden K\u00e4ufe \u00e4hneln.<\/p>\n<h2>Speicherung Ihre pers\u00f6nlichen Daten<\/h2>\n<p>Die uns zur Verf\u00fcgung gestellten Daten werden auf unseren sicheren Servern gespeichert. Details in Bezug auf irgendwelche Transaktionen, die \u00fcber unsere Website eingegeben wurden, werden aus Sicherheitsgr\u00fcnden verschl\u00fcsselt.<\/p>\n<p>Da die Informations\u00fcbertragung \u00fcber das Internet nicht vollst\u00e4ndig sicher ist, k\u00f6nnen wir die Sicherheit der elektronisch versandten Daten und der \u00dcbertragung solcher Daten nicht garantieren. Diese gehen daher auf Ihr eigenens Risiko. Wenn wir Ihnen ein Passwort zugewiesen haben (oder Sie ein Passwort gew\u00e4hlt haben), um auf bestimmte Bereiche unserer Website zugreifen zu k\u00f6nnen, sind Sie verpflichtet, dieses Passwort vertraulich zu behandeln.<\/p>\n<h2>Weitergabe Ihre Informationen<\/h2>\n<p>Gegebenenfalls k\u00f6nnen wir Ihre personenbezogenen Daten Mitgliedern unserer Gruppe weitergeben. Dies umfasst gegebenenfalls unsere Tochterunternehmen, unsere Holdinggesellschaft und deren Tochterunternehmen (falls vorhanden).<\/p>\n<p>Wir k\u00f6nnen personenbezogene Daten an Dritte weitergeben:<\/p>\n<ol>\n<li>Wenn wir einen Teil unseres oder das gesamte Unternehmen und\/oder Verm\u00f6genswerte an einen Dritten verkaufen.<\/li>\n<li>Wenn wir gesetzlich zur Informationserteilung verpflichtet sind.<\/li>\n<li>Um Betrug vorzubeugen und Kreditrisiken einzugrenzen.<\/li>\n<\/ol>\n<h2>Links dritter Anbieter<\/h2>\n<p>Sie k\u00f6nnten auf unserer Website Links zu dritten Parteien finden. Diese Websites haben ihre eigene Datenschutzpolitik, die Sie pr\u00fcfen sollten. Wir \u00fcbernehmen keinerlei Verantwortung oder Haftung f\u00fcr deren Datenschutzpolitik, da wir diese nicht beeinflussen k\u00f6nnen.<\/p>\n<h2>Zugang zu Informationen<\/h2>\n<p>Wenn Sie wissen m\u00f6chten, welche personenbezogenen Daten von Ihnen gespeichert wurden, nehmen Sie bitte mithilfe der folgenden Kontaktdaten Kontakt zu uns auf.<\/p>\n<h2>Kontaktieren Sie uns<\/h2>\n<p>Wir beantworten alle Fragen, Kommentare oder W\u00fcnsche, die Sie in Bezug auf diese Datenschutzerkl\u00e4rung haben. Wir stehen Ihnen gerne zur Verf\u00fcgung unter <a href=\"mailto:info@variantinternational.com\">info@variantinternational.com<\/a>. <\/p>\n<h2>Ihre Einwilligung<\/h2>\n<p>Mit der Nutzung dieser Website stimmen Sie der Speicherung und Verwendung von Informationen entsprechend der oben genannten Unterlagen zu. Sollten wir uns entscheiden unsere Datenschutzerkl\u00e4rung zu \u00e4ndern, werden wir diese \u00c4nderungen auf dieser Website bekanntgeben, sodass Sie immer wissen, welche Informationen wir speichern, wie wir diese verwenden und unter welchen Umst\u00e4nden wir diese weitergeben.<\/p>\n","protected":false},"excerpt":{"rendered":"<p>Variant Benelux B.V. setzt sich f\u00fcr den Schutz ihrer personenbezogenen Daten ein. Wenn Sie f\u00fcr die Nutzung dieser Website nach Informationen in Bezug auf ihre pers\u00f6nlichen Daten befragt werden, garantieren wir Ihnen, dass diese nur entsprechend der gesetzlichen Bestimmungen verwendet werden. Diese Datenschutzerkl\u00e4rung erl\u00e4utert, wir die personenbezogenen Daten, die wir von Ihnen erhalten bzw. gespeichert [&hellip;]<\/p>\n","protected":false},"author":7,"featured_media":0,"parent":0,"menu_order":0,"comment_status":"open","ping_status":"open","template":"","meta":{"ngg_post_thumbnail":0,"footnotes":""},"class_list":["post-570","page","type-page","status-publish","hentry"],"yoast_head":"<!-- This site is optimized with the Yoast SEO plugin v27.4 - https:\/\/yoast.com\/product\/yoast-seo-wordpress\/ -->\n<title>Datenschutz - Variant International<\/title>\n<meta name=\"robots\" content=\"index, follow, max-snippet:-1, max-image-preview:large, max-video-preview:-1\" \/>\n<link rel=\"canonical\" href=\"https:\/\/www.variantinternational.com\/de\/datenschutz\/\" \/>\n<meta property=\"og:locale\" content=\"de_DE\" \/>\n<meta property=\"og:type\" content=\"article\" \/>\n<meta property=\"og:title\" content=\"Datenschutz - Variant International\" \/>\n<meta property=\"og:description\" content=\"Variant Benelux B.V. setzt sich f\u00fcr den Schutz ihrer personenbezogenen Daten ein. Wenn Sie f\u00fcr die Nutzung dieser Website nach Informationen in Bezug auf ihre pers\u00f6nlichen Daten befragt werden, garantieren wir Ihnen, dass diese nur entsprechend der gesetzlichen Bestimmungen verwendet werden. Diese Datenschutzerkl\u00e4rung erl\u00e4utert, wir die personenbezogenen Daten, die wir von Ihnen erhalten bzw. gespeichert [&hellip;]\" \/>\n<meta property=\"og:url\" content=\"https:\/\/www.variantinternational.com\/de\/datenschutz\/\" \/>\n<meta property=\"og:site_name\" content=\"Variant International\" \/>\n<meta name=\"twitter:label1\" content=\"Gesch\u00e4tzte Lesezeit\" \/>\n\t<meta name=\"twitter:data1\" content=\"4\u00a0Minuten\" \/>\n<script type=\"application\/ld+json\" class=\"yoast-schema-graph\">{\"@context\":\"https:\\\/\\\/schema.org\",\"@graph\":[{\"@type\":\"WebPage\",\"@id\":\"https:\\\/\\\/www.variantinternational.com\\\/de\\\/datenschutz\\\/\",\"url\":\"https:\\\/\\\/www.variantinternational.com\\\/de\\\/datenschutz\\\/\",\"name\":\"Datenschutz - Variant International\",\"isPartOf\":{\"@id\":\"https:\\\/\\\/www.variantinternational.com\\\/#website\"},\"datePublished\":\"2013-01-09T12:43:22+00:00\",\"breadcrumb\":{\"@id\":\"https:\\\/\\\/www.variantinternational.com\\\/de\\\/datenschutz\\\/#breadcrumb\"},\"inLanguage\":\"de\",\"potentialAction\":[{\"@type\":\"ReadAction\",\"target\":[\"https:\\\/\\\/www.variantinternational.com\\\/de\\\/datenschutz\\\/\"]}]},{\"@type\":\"BreadcrumbList\",\"@id\":\"https:\\\/\\\/www.variantinternational.com\\\/de\\\/datenschutz\\\/#breadcrumb\",\"itemListElement\":[{\"@type\":\"ListItem\",\"position\":1,\"name\":\"Home\",\"item\":\"https:\\\/\\\/www.variantinternational.com\\\/de\\\/\"},{\"@type\":\"ListItem\",\"position\":2,\"name\":\"Datenschutz\"}]},{\"@type\":\"WebSite\",\"@id\":\"https:\\\/\\\/www.variantinternational.com\\\/#website\",\"url\":\"https:\\\/\\\/www.variantinternational.com\\\/\",\"name\":\"Variant International\",\"description\":\"Variant. Stark in starken Marken.\",\"potentialAction\":[{\"@type\":\"SearchAction\",\"target\":{\"@type\":\"EntryPoint\",\"urlTemplate\":\"https:\\\/\\\/www.variantinternational.com\\\/?s={search_term_string}\"},\"query-input\":{\"@type\":\"PropertyValueSpecification\",\"valueRequired\":true,\"valueName\":\"search_term_string\"}}],\"inLanguage\":\"de\"}]}<\/script>\n<!-- \/ Yoast SEO plugin. -->","yoast_head_json":{"title":"Datenschutz - Variant International","robots":{"index":"index","follow":"follow","max-snippet":"max-snippet:-1","max-image-preview":"max-image-preview:large","max-video-preview":"max-video-preview:-1"},"canonical":"https:\/\/www.variantinternational.com\/de\/datenschutz\/","og_locale":"de_DE","og_type":"article","og_title":"Datenschutz - Variant International","og_description":"Variant Benelux B.V. setzt sich f\u00fcr den Schutz ihrer personenbezogenen Daten ein. Wenn Sie f\u00fcr die Nutzung dieser Website nach Informationen in Bezug auf ihre pers\u00f6nlichen Daten befragt werden, garantieren wir Ihnen, dass diese nur entsprechend der gesetzlichen Bestimmungen verwendet werden. Diese Datenschutzerkl\u00e4rung erl\u00e4utert, wir die personenbezogenen Daten, die wir von Ihnen erhalten bzw. gespeichert [&hellip;]","og_url":"https:\/\/www.variantinternational.com\/de\/datenschutz\/","og_site_name":"Variant International","twitter_misc":{"Gesch\u00e4tzte Lesezeit":"4\u00a0Minuten"},"schema":{"@context":"https:\/\/schema.org","@graph":[{"@type":"WebPage","@id":"https:\/\/www.variantinternational.com\/de\/datenschutz\/","url":"https:\/\/www.variantinternational.com\/de\/datenschutz\/","name":"Datenschutz - Variant International","isPartOf":{"@id":"https:\/\/www.variantinternational.com\/#website"},"datePublished":"2013-01-09T12:43:22+00:00","breadcrumb":{"@id":"https:\/\/www.variantinternational.com\/de\/datenschutz\/#breadcrumb"},"inLanguage":"de","potentialAction":[{"@type":"ReadAction","target":["https:\/\/www.variantinternational.com\/de\/datenschutz\/"]}]},{"@type":"BreadcrumbList","@id":"https:\/\/www.variantinternational.com\/de\/datenschutz\/#breadcrumb","itemListElement":[{"@type":"ListItem","position":1,"name":"Home","item":"https:\/\/www.variantinternational.com\/de\/"},{"@type":"ListItem","position":2,"name":"Datenschutz"}]},{"@type":"WebSite","@id":"https:\/\/www.variantinternational.com\/#website","url":"https:\/\/www.variantinternational.com\/","name":"Variant International","description":"Variant. Stark in starken Marken.","potentialAction":[{"@type":"SearchAction","target":{"@type":"EntryPoint","urlTemplate":"https:\/\/www.variantinternational.com\/?s={search_term_string}"},"query-input":{"@type":"PropertyValueSpecification","valueRequired":true,"valueName":"search_term_string"}}],"inLanguage":"de"}]}},"_links":{"self":[{"href":"https:\/\/www.variantinternational.com\/de\/wp-json\/wp\/v2\/pages\/570","targetHints":{"allow":["GET"]}}],"collection":[{"href":"https:\/\/www.variantinternational.com\/de\/wp-json\/wp\/v2\/pages"}],"about":[{"href":"https:\/\/www.variantinternational.com\/de\/wp-json\/wp\/v2\/types\/page"}],"author":[{"embeddable":true,"href":"https:\/\/www.variantinternational.com\/de\/wp-json\/wp\/v2\/users\/7"}],"replies":[{"embeddable":true,"href":"https:\/\/www.variantinternational.com\/de\/wp-json\/wp\/v2\/comments?post=570"}],"version-history":[{"count":2,"href":"https:\/\/www.variantinternational.com\/de\/wp-json\/wp\/v2\/pages\/570\/revisions"}],"predecessor-version":[{"id":574,"href":"https:\/\/www.variantinternational.com\/de\/wp-json\/wp\/v2\/pages\/570\/revisions\/574"}],"wp:attachment":[{"href":"https:\/\/www.variantinternational.com\/de\/wp-json\/wp\/v2\/media?parent=570"}],"curies":[{"name":"wp","href":"https:\/\/api.w.org\/{rel}","templated":true}]}}