{"id":736,"date":"2013-02-13T09:31:01","date_gmt":"2013-02-13T09:31:01","guid":{"rendered":"http:\/\/www.variantinternational.com\/?page_id=736"},"modified":"2025-05-20T06:31:24","modified_gmt":"2025-05-20T04:31:24","slug":"a-propos-de-variant","status":"publish","type":"page","link":"https:\/\/www.variantinternational.com\/fr\/a-propos-de-variant\/","title":{"rendered":"A propos de Variant"},"content":{"rendered":"<p>Variant compte parmi les principaux fabricants et fournisseurs de sacs \u00e0 poussi\u00e8re et d\u2019accessoires pour aspirateurs en Europe. La soci\u00e9t\u00e9 propose des produits de haute qualit\u00e9, avec un suivi permanent et des am\u00e9liorations constantes.<\/p>\n<p>Depuis son si\u00e8ge et son entrep\u00f4t centralis\u00e9 aux Pays-Bas, Variant garantit la qualit\u00e9, la r\u00e9activit\u00e9 et 95% des exp\u00e9ditions depuis son stock.<\/p>\n<p>Une \u00e9quipe de vente d\u00e9di\u00e9e est l\u00e0 pour vous assister dans votre langue maternelle : des agents de vente n\u00e9erlandais, anglais, allemands et fran\u00e7ais sont \u00e0 votre disposition pour r\u00e9pondre aux questions et vous conseiller sur vos commandes. Nous proposerons bient\u00f4t nos services en russe et en polonais.<\/p>\n<div class=\"line\"><\/div>\n<div class=\"inner-row rf-section\"><div class=\"sixcol  \">\n<h3>Clients<\/h3>\n<p>Variant sert de tr\u00e8s nombreux clients, et notamment<\/p>\n<ul>\n<li>Produits de d\u00e9tail et de grande consommation<\/li>\n<li>Soci\u00e9t\u00e9s de nettoyage<\/li>\n<li>Soci\u00e9t\u00e9s de service<\/li>\n<li>Applications industrielles<\/li>\n<li>Installation d\u2019aspiration centralis\u00e9e<\/li>\n<\/ul>\n<p>Veuillez <a title=\"Contact\" href=\"https:\/\/www.variantinternational.com\/fr\/contact\">contacter<\/a> l\u2019\u00e9quipe de vente pour demander un compte client.<\/p>\n<div class=\"line\"><\/div>\n<\/div>\n<div class=\"sixcol last \">\n<div class=\"section section-small\"><div class=\"message primary \" style=\";background: lightgrey;color: black;;\n\t\t-moz-border-radius: 5px;\n\t\t-webkit-border-radius: 5px;\n\t\t-ie-border-radius: 5px;\n\t\t-o-border-radius: 5px;\n\t\tborder-radius: 5px; \n\t;\">\n<h3>Produits<\/h3>\n<p>Variant vend uniquement des produits alternatifs de haute qualit\u00e9, identiques ou parfois sup\u00e9rieurs aux versions des fabricants d\u2019origine.<\/p>\n<p>La soci\u00e9t\u00e9 dispose d\u2019une usine d\u00e9di\u00e9e en Chine o\u00f9 sont fabriqu\u00e9s des sacs \u00e0 poussi\u00e8re et des produits plastiques \u00e0 partir de moules propres. C\u2019est pourquoi nous pouvons effectuer des ajustements tr\u00e8s rapides face aux demandes des clients.<\/p>\n<p>D\u00e9couvrez un aper\u00e7u complet sur la page des <a title=\"Our brands\" href=\"https:\/\/www.variantinternational.com\/fr\/nos-marques\">marques<\/a>.<\/p>\n<\/div><\/div>\n<\/div><\/div>\n","protected":false},"excerpt":{"rendered":"<p>Haute qualit\u00e9, service optimal<\/p>\n","protected":false},"author":7,"featured_media":0,"parent":0,"menu_order":0,"comment_status":"open","ping_status":"open","template":"","meta":{"ngg_post_thumbnail":0,"footnotes":""},"class_list":["post-736","page","type-page","status-publish","hentry"],"yoast_head":"<!-- This site is optimized with the Yoast SEO plugin v27.4 - https:\/\/yoast.com\/product\/yoast-seo-wordpress\/ -->\n<title>A propos de Variant - Variant International - Sacs aspirateur et accessoires<\/title>\n<meta name=\"robots\" content=\"index, follow, max-snippet:-1, max-image-preview:large, max-video-preview:-1\" \/>\n<link rel=\"canonical\" href=\"https:\/\/www.variantinternational.com\/fr\/a-propos-de-variant\/\" \/>\n<meta property=\"og:locale\" content=\"fr_FR\" \/>\n<meta property=\"og:type\" content=\"article\" \/>\n<meta property=\"og:title\" content=\"A propos de Variant - Variant International - Sacs aspirateur et accessoires\" \/>\n<meta property=\"og:description\" content=\"Haute qualit\u00e9, service optimal\" \/>\n<meta property=\"og:url\" content=\"https:\/\/www.variantinternational.com\/fr\/a-propos-de-variant\/\" \/>\n<meta property=\"og:site_name\" content=\"Variant International - Sacs aspirateur et accessoires\" \/>\n<meta property=\"article:modified_time\" content=\"2025-05-20T04:31:24+00:00\" \/>\n<meta name=\"twitter:label1\" content=\"Dur\u00e9e de lecture estim\u00e9e\" \/>\n\t<meta name=\"twitter:data1\" content=\"2 minutes\" \/>\n<script type=\"application\/ld+json\" class=\"yoast-schema-graph\">{\"@context\":\"https:\\\/\\\/schema.org\",\"@graph\":[{\"@type\":\"WebPage\",\"@id\":\"https:\\\/\\\/www.variantinternational.com\\\/fr\\\/a-propos-de-variant\\\/\",\"url\":\"https:\\\/\\\/www.variantinternational.com\\\/fr\\\/a-propos-de-variant\\\/\",\"name\":\"A propos de Variant - Variant International - Sacs aspirateur et accessoires\",\"isPartOf\":{\"@id\":\"https:\\\/\\\/www.variantinternational.com\\\/#website\"},\"datePublished\":\"2013-02-13T09:31:01+00:00\",\"dateModified\":\"2025-05-20T04:31:24+00:00\",\"breadcrumb\":{\"@id\":\"https:\\\/\\\/www.variantinternational.com\\\/fr\\\/a-propos-de-variant\\\/#breadcrumb\"},\"inLanguage\":\"fr-FR\",\"potentialAction\":[{\"@type\":\"ReadAction\",\"target\":[\"https:\\\/\\\/www.variantinternational.com\\\/fr\\\/a-propos-de-variant\\\/\"]}]},{\"@type\":\"BreadcrumbList\",\"@id\":\"https:\\\/\\\/www.variantinternational.com\\\/fr\\\/a-propos-de-variant\\\/#breadcrumb\",\"itemListElement\":[{\"@type\":\"ListItem\",\"position\":1,\"name\":\"Home\",\"item\":\"https:\\\/\\\/www.variantinternational.com\\\/\"},{\"@type\":\"ListItem\",\"position\":2,\"name\":\"A propos de Variant\"}]},{\"@type\":\"WebSite\",\"@id\":\"https:\\\/\\\/www.variantinternational.com\\\/#website\",\"url\":\"https:\\\/\\\/www.variantinternational.com\\\/\",\"name\":\"Variant International - Sacs aspirateur et accessoires\",\"description\":\"Variant. Fort dans des marques fortes.\",\"potentialAction\":[{\"@type\":\"SearchAction\",\"target\":{\"@type\":\"EntryPoint\",\"urlTemplate\":\"https:\\\/\\\/www.variantinternational.com\\\/?s={search_term_string}\"},\"query-input\":{\"@type\":\"PropertyValueSpecification\",\"valueRequired\":true,\"valueName\":\"search_term_string\"}}],\"inLanguage\":\"fr-FR\"}]}<\/script>\n<!-- \/ Yoast SEO plugin. -->","yoast_head_json":{"title":"A propos de Variant - Variant International - Sacs aspirateur et accessoires","robots":{"index":"index","follow":"follow","max-snippet":"max-snippet:-1","max-image-preview":"max-image-preview:large","max-video-preview":"max-video-preview:-1"},"canonical":"https:\/\/www.variantinternational.com\/fr\/a-propos-de-variant\/","og_locale":"fr_FR","og_type":"article","og_title":"A propos de Variant - Variant International - Sacs aspirateur et accessoires","og_description":"Haute qualit\u00e9, service optimal","og_url":"https:\/\/www.variantinternational.com\/fr\/a-propos-de-variant\/","og_site_name":"Variant International - Sacs aspirateur et accessoires","article_modified_time":"2025-05-20T04:31:24+00:00","twitter_misc":{"Dur\u00e9e de lecture estim\u00e9e":"2 minutes"},"schema":{"@context":"https:\/\/schema.org","@graph":[{"@type":"WebPage","@id":"https:\/\/www.variantinternational.com\/fr\/a-propos-de-variant\/","url":"https:\/\/www.variantinternational.com\/fr\/a-propos-de-variant\/","name":"A propos de Variant - Variant International - Sacs aspirateur et accessoires","isPartOf":{"@id":"https:\/\/www.variantinternational.com\/#website"},"datePublished":"2013-02-13T09:31:01+00:00","dateModified":"2025-05-20T04:31:24+00:00","breadcrumb":{"@id":"https:\/\/www.variantinternational.com\/fr\/a-propos-de-variant\/#breadcrumb"},"inLanguage":"fr-FR","potentialAction":[{"@type":"ReadAction","target":["https:\/\/www.variantinternational.com\/fr\/a-propos-de-variant\/"]}]},{"@type":"BreadcrumbList","@id":"https:\/\/www.variantinternational.com\/fr\/a-propos-de-variant\/#breadcrumb","itemListElement":[{"@type":"ListItem","position":1,"name":"Home","item":"https:\/\/www.variantinternational.com\/"},{"@type":"ListItem","position":2,"name":"A propos de Variant"}]},{"@type":"WebSite","@id":"https:\/\/www.variantinternational.com\/#website","url":"https:\/\/www.variantinternational.com\/","name":"Variant International - Sacs aspirateur et accessoires","description":"Variant. Fort dans des marques fortes.","potentialAction":[{"@type":"SearchAction","target":{"@type":"EntryPoint","urlTemplate":"https:\/\/www.variantinternational.com\/?s={search_term_string}"},"query-input":{"@type":"PropertyValueSpecification","valueRequired":true,"valueName":"search_term_string"}}],"inLanguage":"fr-FR"}]}},"_links":{"self":[{"href":"https:\/\/www.variantinternational.com\/fr\/wp-json\/wp\/v2\/pages\/736","targetHints":{"allow":["GET"]}}],"collection":[{"href":"https:\/\/www.variantinternational.com\/fr\/wp-json\/wp\/v2\/pages"}],"about":[{"href":"https:\/\/www.variantinternational.com\/fr\/wp-json\/wp\/v2\/types\/page"}],"author":[{"embeddable":true,"href":"https:\/\/www.variantinternational.com\/fr\/wp-json\/wp\/v2\/users\/7"}],"replies":[{"embeddable":true,"href":"https:\/\/www.variantinternational.com\/fr\/wp-json\/wp\/v2\/comments?post=736"}],"version-history":[{"count":3,"href":"https:\/\/www.variantinternational.com\/fr\/wp-json\/wp\/v2\/pages\/736\/revisions"}],"predecessor-version":[{"id":1129,"href":"https:\/\/www.variantinternational.com\/fr\/wp-json\/wp\/v2\/pages\/736\/revisions\/1129"}],"wp:attachment":[{"href":"https:\/\/www.variantinternational.com\/fr\/wp-json\/wp\/v2\/media?parent=736"}],"curies":[{"name":"wp","href":"https:\/\/api.w.org\/{rel}","templated":true}]}}