{"id":744,"date":"2013-02-13T09:34:05","date_gmt":"2013-02-13T09:34:05","guid":{"rendered":"http:\/\/www.variantinternational.com\/?page_id=744"},"modified":"2013-02-13T09:34:05","modified_gmt":"2013-02-13T09:34:05","slug":"note-legale","status":"publish","type":"page","link":"https:\/\/www.variantinternational.com\/fr\/note-legale\/","title":{"rendered":"Note l\u00e9gale"},"content":{"rendered":"<p>Aucun \u00e9l\u00e9ment du pr\u00e9sent site ne sera copi\u00e9 et\/ou publi\u00e9 sans l\u2019autorisation \u00e9crite pr\u00e9alable du fabricant.<\/p>\n<p>Les informations fournies sur ce site reposent sur les informations g\u00e9n\u00e9rales en lien avec la construction, les caract\u00e9ristiques mat\u00e9rielles et les m\u00e9thodes de travail connues au moment de la publication, et nous nous r\u00e9servons donc le droit d\u2019effectuer des modifications \u00e0 tout moment et sans notification. Pour cette raison, les donn\u00e9es du site sont fournies uniquement \u00e0 titre indicatif.<\/p>\n<p>Nous avons pris toutes les pr\u00e9cautions n\u00e9cessaires lors de la cr\u00e9ation du pr\u00e9sent site Internet, mais le fabricant d\u00e9cline toute responsabilit\u00e9 en cas d\u2019erreur ou de dommage cons\u00e9cutif. Les informations du pr\u00e9sent site sont exactes au moment de son lancement, mais nous continuons de d\u00e9velopper nos produits et nous r\u00e9servons donc le droit de modifier certaines sp\u00e9cifications sans notification pr\u00e9alable.<\/p>\n","protected":false},"excerpt":{"rendered":"<p>Aucun \u00e9l\u00e9ment du pr\u00e9sent site ne sera copi\u00e9 et\/ou publi\u00e9 sans l\u2019autorisation \u00e9crite pr\u00e9alable du fabricant. Les informations fournies sur ce site reposent sur les informations g\u00e9n\u00e9rales en lien avec la construction, les caract\u00e9ristiques mat\u00e9rielles et les m\u00e9thodes de travail connues au moment de la publication, et nous nous r\u00e9servons donc le droit d\u2019effectuer des [&hellip;]<\/p>\n","protected":false},"author":7,"featured_media":0,"parent":0,"menu_order":0,"comment_status":"open","ping_status":"open","template":"","meta":{"ngg_post_thumbnail":0,"footnotes":""},"class_list":["post-744","page","type-page","status-publish","hentry"],"yoast_head":"<!-- This site is optimized with the Yoast SEO plugin v27.4 - https:\/\/yoast.com\/product\/yoast-seo-wordpress\/ -->\n<title>Note l\u00e9gale - Variant International - Sacs aspirateur et accessoires<\/title>\n<meta name=\"robots\" content=\"index, follow, max-snippet:-1, max-image-preview:large, max-video-preview:-1\" \/>\n<link rel=\"canonical\" href=\"https:\/\/www.variantinternational.com\/fr\/note-legale\/\" \/>\n<meta property=\"og:locale\" content=\"fr_FR\" \/>\n<meta property=\"og:type\" content=\"article\" \/>\n<meta property=\"og:title\" content=\"Note l\u00e9gale - Variant International - Sacs aspirateur et accessoires\" \/>\n<meta property=\"og:description\" content=\"Aucun \u00e9l\u00e9ment du pr\u00e9sent site ne sera copi\u00e9 et\/ou publi\u00e9 sans l\u2019autorisation \u00e9crite pr\u00e9alable du fabricant. Les informations fournies sur ce site reposent sur les informations g\u00e9n\u00e9rales en lien avec la construction, les caract\u00e9ristiques mat\u00e9rielles et les m\u00e9thodes de travail connues au moment de la publication, et nous nous r\u00e9servons donc le droit d\u2019effectuer des [&hellip;]\" \/>\n<meta property=\"og:url\" content=\"https:\/\/www.variantinternational.com\/fr\/note-legale\/\" \/>\n<meta property=\"og:site_name\" content=\"Variant International - Sacs aspirateur et accessoires\" \/>\n<meta name=\"twitter:label1\" content=\"Dur\u00e9e de lecture estim\u00e9e\" \/>\n\t<meta name=\"twitter:data1\" content=\"1 minute\" \/>\n<script type=\"application\/ld+json\" class=\"yoast-schema-graph\">{\"@context\":\"https:\\\/\\\/schema.org\",\"@graph\":[{\"@type\":\"WebPage\",\"@id\":\"https:\\\/\\\/www.variantinternational.com\\\/fr\\\/note-legale\\\/\",\"url\":\"https:\\\/\\\/www.variantinternational.com\\\/fr\\\/note-legale\\\/\",\"name\":\"Note l\u00e9gale - Variant International - Sacs aspirateur et accessoires\",\"isPartOf\":{\"@id\":\"https:\\\/\\\/www.variantinternational.com\\\/#website\"},\"datePublished\":\"2013-02-13T09:34:05+00:00\",\"breadcrumb\":{\"@id\":\"https:\\\/\\\/www.variantinternational.com\\\/fr\\\/note-legale\\\/#breadcrumb\"},\"inLanguage\":\"fr-FR\",\"potentialAction\":[{\"@type\":\"ReadAction\",\"target\":[\"https:\\\/\\\/www.variantinternational.com\\\/fr\\\/note-legale\\\/\"]}]},{\"@type\":\"BreadcrumbList\",\"@id\":\"https:\\\/\\\/www.variantinternational.com\\\/fr\\\/note-legale\\\/#breadcrumb\",\"itemListElement\":[{\"@type\":\"ListItem\",\"position\":1,\"name\":\"Home\",\"item\":\"https:\\\/\\\/www.variantinternational.com\\\/\"},{\"@type\":\"ListItem\",\"position\":2,\"name\":\"Note l\u00e9gale\"}]},{\"@type\":\"WebSite\",\"@id\":\"https:\\\/\\\/www.variantinternational.com\\\/#website\",\"url\":\"https:\\\/\\\/www.variantinternational.com\\\/\",\"name\":\"Variant International - Sacs aspirateur et accessoires\",\"description\":\"Variant. Fort dans des marques fortes.\",\"potentialAction\":[{\"@type\":\"SearchAction\",\"target\":{\"@type\":\"EntryPoint\",\"urlTemplate\":\"https:\\\/\\\/www.variantinternational.com\\\/?s={search_term_string}\"},\"query-input\":{\"@type\":\"PropertyValueSpecification\",\"valueRequired\":true,\"valueName\":\"search_term_string\"}}],\"inLanguage\":\"fr-FR\"}]}<\/script>\n<!-- \/ Yoast SEO plugin. -->","yoast_head_json":{"title":"Note l\u00e9gale - Variant International - Sacs aspirateur et accessoires","robots":{"index":"index","follow":"follow","max-snippet":"max-snippet:-1","max-image-preview":"max-image-preview:large","max-video-preview":"max-video-preview:-1"},"canonical":"https:\/\/www.variantinternational.com\/fr\/note-legale\/","og_locale":"fr_FR","og_type":"article","og_title":"Note l\u00e9gale - Variant International - Sacs aspirateur et accessoires","og_description":"Aucun \u00e9l\u00e9ment du pr\u00e9sent site ne sera copi\u00e9 et\/ou publi\u00e9 sans l\u2019autorisation \u00e9crite pr\u00e9alable du fabricant. Les informations fournies sur ce site reposent sur les informations g\u00e9n\u00e9rales en lien avec la construction, les caract\u00e9ristiques mat\u00e9rielles et les m\u00e9thodes de travail connues au moment de la publication, et nous nous r\u00e9servons donc le droit d\u2019effectuer des [&hellip;]","og_url":"https:\/\/www.variantinternational.com\/fr\/note-legale\/","og_site_name":"Variant International - Sacs aspirateur et accessoires","twitter_misc":{"Dur\u00e9e de lecture estim\u00e9e":"1 minute"},"schema":{"@context":"https:\/\/schema.org","@graph":[{"@type":"WebPage","@id":"https:\/\/www.variantinternational.com\/fr\/note-legale\/","url":"https:\/\/www.variantinternational.com\/fr\/note-legale\/","name":"Note l\u00e9gale - Variant International - Sacs aspirateur et accessoires","isPartOf":{"@id":"https:\/\/www.variantinternational.com\/#website"},"datePublished":"2013-02-13T09:34:05+00:00","breadcrumb":{"@id":"https:\/\/www.variantinternational.com\/fr\/note-legale\/#breadcrumb"},"inLanguage":"fr-FR","potentialAction":[{"@type":"ReadAction","target":["https:\/\/www.variantinternational.com\/fr\/note-legale\/"]}]},{"@type":"BreadcrumbList","@id":"https:\/\/www.variantinternational.com\/fr\/note-legale\/#breadcrumb","itemListElement":[{"@type":"ListItem","position":1,"name":"Home","item":"https:\/\/www.variantinternational.com\/"},{"@type":"ListItem","position":2,"name":"Note l\u00e9gale"}]},{"@type":"WebSite","@id":"https:\/\/www.variantinternational.com\/#website","url":"https:\/\/www.variantinternational.com\/","name":"Variant International - Sacs aspirateur et accessoires","description":"Variant. Fort dans des marques fortes.","potentialAction":[{"@type":"SearchAction","target":{"@type":"EntryPoint","urlTemplate":"https:\/\/www.variantinternational.com\/?s={search_term_string}"},"query-input":{"@type":"PropertyValueSpecification","valueRequired":true,"valueName":"search_term_string"}}],"inLanguage":"fr-FR"}]}},"_links":{"self":[{"href":"https:\/\/www.variantinternational.com\/fr\/wp-json\/wp\/v2\/pages\/744","targetHints":{"allow":["GET"]}}],"collection":[{"href":"https:\/\/www.variantinternational.com\/fr\/wp-json\/wp\/v2\/pages"}],"about":[{"href":"https:\/\/www.variantinternational.com\/fr\/wp-json\/wp\/v2\/types\/page"}],"author":[{"embeddable":true,"href":"https:\/\/www.variantinternational.com\/fr\/wp-json\/wp\/v2\/users\/7"}],"replies":[{"embeddable":true,"href":"https:\/\/www.variantinternational.com\/fr\/wp-json\/wp\/v2\/comments?post=744"}],"version-history":[{"count":2,"href":"https:\/\/www.variantinternational.com\/fr\/wp-json\/wp\/v2\/pages\/744\/revisions"}],"predecessor-version":[{"id":746,"href":"https:\/\/www.variantinternational.com\/fr\/wp-json\/wp\/v2\/pages\/744\/revisions\/746"}],"wp:attachment":[{"href":"https:\/\/www.variantinternational.com\/fr\/wp-json\/wp\/v2\/media?parent=744"}],"curies":[{"name":"wp","href":"https:\/\/api.w.org\/{rel}","templated":true}]}}