{"id":752,"date":"2013-02-13T09:38:21","date_gmt":"2013-02-13T09:38:21","guid":{"rendered":"http:\/\/www.variantinternational.com\/?page_id=752"},"modified":"2013-02-13T09:38:21","modified_gmt":"2013-02-13T09:38:21","slug":"confidentialite","status":"publish","type":"page","link":"https:\/\/www.variantinternational.com\/fr\/confidentialite\/","title":{"rendered":"Confidentialit\u00e9"},"content":{"rendered":"<p>Variant Benelux B.V. s\u2019engage \u00e0 garantir la protection de votre vie priv\u00e9e. Si nous vous demandons certaines informations pouvant vous identifier lorsque vous utilisez le pr\u00e9sent site Internet, vous aurez la garantie que lesdites donn\u00e9es seront utilis\u00e9es en toute confidentialit\u00e9.<\/p>\n<p>La politique de confidentialit\u00e9 vous explique l\u2019utilisation qui est faite des donn\u00e9es personnelles que vous nous fournissez ou que nous collectons.<\/p>\n<p>Nous sommes susceptibles de mettre \u00e0 jour si besoin la pr\u00e9sente page. Vous \u00eates invit\u00e9 \u00e0 consulter cette page r\u00e9guli\u00e8rement pour contr\u00f4ler les \u00e9ventuels changements. La pr\u00e9sente politique est en vigueur depuis ao\u00fbt 2012.<\/p>\n<h2>Les donn\u00e9es que nous collectons<\/h2>\n<ol>\n<li>Les d\u00e9tails de vos visites sur notre site Internet et les ressources que vous consultez, comprenant sans y \u00eatre limit\u00e9es les donn\u00e9es de trafic, les donn\u00e9es de localisation, les weblogs et d\u2019autres donn\u00e9es de communication.<\/li>\n<li>Les informations que vous fournissez lorsque vous renseignez des formulaires sur notre site Internet, par ex. si vous vous abonnez \u00e0 notre newsletter, vous inscrivez pour obtenir des infos ou effectuez un achat.<\/li>\n<li>Les informations que vous fournissez lorsque vous communiquez avec nous pour une raison ou une autre.<\/li>\n<\/ol>\n<h2>Utilisation des cookies<\/h2>\n<p>Dans certains cas, nous pouvons collecter des informations sur votre ordinateur pour nos services et pour fournir \u00e0 nos publicitaires des donn\u00e9es statistiques sur l&rsquo;utilisation de notre site Internet. Lesdites informations ne vous identifient pas personnellement, il s\u2019agit de donn\u00e9es statistiques sur la fr\u00e9quentation et l\u2019utilisation de notre site. Ces donn\u00e9es statistiques ne comportent aucun d\u00e9tail personnel de quelque type.<\/p>\n<p>De la m\u00eame fa\u00e7on, nous sommes susceptibles de rassembler des informations sur votre usage g\u00e9n\u00e9ral de l\u2019Internet, \u00e0 l\u2019aide de cookies. Un cookie est un petit fichier qui demande l\u2019autorisation de se placer sur le disque dur de votre ordinateur. Apr\u00e8s votre autorisation, le fichier est ajout\u00e9 et le cookie aide \u00e0 analyser le trafic Internet ou vous permet de savoir quels sites vous consultez. Les cookies permettent aux applications Web de vous r\u00e9pondre en tant qu\u2019individu. L\u2019application Web peut adapter ses op\u00e9rations \u00e0 vos besoins et vos go\u00fbts en collectant et sauvegardant des informations sur vos pr\u00e9f\u00e9rences.<\/p>\n<p>Tous les ordinateurs ont la possibilit\u00e9 d\u2019accepter ou de refuser automatiquement les cookies. Vous pouvez le faire en activant sur votre navigateur le param\u00e8tre qui d\u00e9termine la gestion des cookies. Veuillez noter que si vous refusez les cookies, vous ne pourrez peut-\u00eatre pas acc\u00e9der \u00e0 certaines parties de notre site Internet.<\/p>\n<p>Nos publicitaires peuvent \u00e9galement utiliser des cookies sur lesquels vous n\u2019avez aucun contr\u00f4le. Ces cookies (le cas \u00e9ch\u00e9ant) se t\u00e9l\u00e9chargent lorsque vous cliquez sur des publicit\u00e9s de notre site Internet.<\/p>\n<h2>Utilisation de vos informations<\/h2>\n<p>Les informations que nous collectons et sauvegardons \u00e0 votre sujet sont principalement utilis\u00e9es pour nous permettre de vous proposer nos services. De plus, nous sommes susceptibles d\u2019utiliser les donn\u00e9es pour les usages suivants :<\/p>\n<ol>\n<li>Vous fournir des informations sur nos produits ou services. Fournir des infos sur d\u2019autres produits susceptibles de vous int\u00e9resser, si vous avez accept\u00e9 de recevoir ce type de donn\u00e9es.<\/li>\n<li>Respecter nos engagements contractuels vis-\u00e0-vis de vous.<\/li>\n<li>Vous informer sur des changements op\u00e9r\u00e9s sur notre site Internet, comme des am\u00e9liorations ou des changements de produit\/service, susceptibles d\u2019affecter notre service.<\/li>\n<\/ol>\n<p>Si vous \u00eates d\u00e9j\u00e0 client, nous pouvons vous contacter avec des informations de produits et services similaires \u00e0 ceux que vous avez pr\u00e9c\u00e9demment achet\u00e9s.<\/p>\n<h2>Sauvegarde de vos donn\u00e9es personnelles<\/h2>\n<p>Les donn\u00e9es que vous nous fournissez sont sauvegard\u00e9es sur nos serveurs s\u00e9curis\u00e9s. Les d\u00e9tails de toute transaction effectu\u00e9e sur notre site sont crypt\u00e9s afin de garantir leur s\u00e9curit\u00e9.<\/p>\n<p>La transmission des informations via Internet n\u2019est pas int\u00e9gralement s\u00e9curis\u00e9e et nous ne pouvons donc pas garantir la parfaite s\u00e9curit\u00e9 des donn\u00e9es envoy\u00e9es \u00e9lectroniquement et la transmission de ces donn\u00e9es se fait donc \u00e0 votre enti\u00e8re responsabilit\u00e9. Si vous obtenez un mot de passe de notre part (de votre propre choix ou non) pour acc\u00e9der \u00e0 certaines parties du site, vous \u00eates responsable de conserver ce mot de passe en toute s\u00e9curit\u00e9.<\/p>\n<h2>Divulgation de vos informations<\/h2>\n<p>Le cas \u00e9ch\u00e9ant, nous sommes susceptibles de communiquer vos informations personnelles \u00e0 tout membre de notre groupe. Cela comprend, selon le cas, nos filiales, notre holding ou ses autres filiales (le cas \u00e9ch\u00e9ant).<\/p>\n<p>Nous pouvons \u00e9galement divulguer vos informations personnelles \u00e0 des tiers :<\/p>\n<ol>\n<li>Si nous vendons tout ou partie de notre activit\u00e9 et\/ou nos actifs \u00e0 un tiers.<\/li>\n<li>Si nous sommes l\u00e9galement contraints de divulguer vos informations.<\/li>\n<li>Pour assurer une protection antifraude et minimiser le risque de cr\u00e9dit.<\/li>\n<\/ol>\n<h2>Liens de tiers<\/h2>\n<p>Notre site Internet comporte des liens vers des sites Internet de tiers. Ces sites appliquent leur propre politique de confidentialit\u00e9, que nous vous invitons \u00e0 consulter. Nous d\u00e9clinons toute responsabilit\u00e9 vis-\u00e0-vis de ces politiques ; elles sont ind\u00e9pendantes de notre volont\u00e9.<\/p>\n<h2>Acc\u00e8s aux informations<\/h2>\n<p>Si vous souhaitez en savoir plus sur les donn\u00e9es que nous poss\u00e9dons \u00e0 votre \u00e9gard, veuillez utiliser les coordonn\u00e9es ci-dessous pour nous contacter.<\/p>\n<h2>Nous contacter<\/h2>\n<p>Vous pouvez \u00e0 tout moment nous envoyer des questions, commentaires ou demandes en lien avec la pr\u00e9sente politique de confidentialit\u00e9. N\u2019h\u00e9sitez pas \u00e0 nous contacter sur <a href=\"mailto:info@variantinternational.com\">info@variantinternational.com<\/a>.<\/p>\n<h2>Votre approbation<\/h2>\n<p>En utilisant le pr\u00e9sent site, vous autorisez la collecte et l\u2019utilisation d\u2019informations telles que celles mentionn\u00e9es dans la pr\u00e9sente documentation. Si nous d\u00e9cidons de modifier notre politique de confidentialit\u00e9, nous publierons les changements sur cette page afin de vous informer sur les donn\u00e9es que nous collectons, sur leur utilisation et sur les conditions de leur divulgation.<\/p>\n","protected":false},"excerpt":{"rendered":"<p>Variant Benelux B.V. s\u2019engage \u00e0 garantir la protection de votre vie priv\u00e9e. Si nous vous demandons certaines informations pouvant vous identifier lorsque vous utilisez le pr\u00e9sent site Internet, vous aurez la garantie que lesdites donn\u00e9es seront utilis\u00e9es en toute confidentialit\u00e9. La politique de confidentialit\u00e9 vous explique l\u2019utilisation qui est faite des donn\u00e9es personnelles que vous [&hellip;]<\/p>\n","protected":false},"author":7,"featured_media":0,"parent":0,"menu_order":0,"comment_status":"open","ping_status":"open","template":"","meta":{"ngg_post_thumbnail":0,"footnotes":""},"class_list":["post-752","page","type-page","status-publish","hentry"],"yoast_head":"<!-- This site is optimized with the Yoast SEO plugin v27.4 - https:\/\/yoast.com\/product\/yoast-seo-wordpress\/ -->\n<title>Confidentialit\u00e9 - Variant International - Sacs aspirateur et accessoires<\/title>\n<meta name=\"robots\" content=\"index, follow, max-snippet:-1, max-image-preview:large, max-video-preview:-1\" \/>\n<link rel=\"canonical\" href=\"https:\/\/www.variantinternational.com\/fr\/confidentialite\/\" \/>\n<meta property=\"og:locale\" content=\"fr_FR\" \/>\n<meta property=\"og:type\" content=\"article\" \/>\n<meta property=\"og:title\" content=\"Confidentialit\u00e9 - Variant International - Sacs aspirateur et accessoires\" \/>\n<meta property=\"og:description\" content=\"Variant Benelux B.V. s\u2019engage \u00e0 garantir la protection de votre vie priv\u00e9e. Si nous vous demandons certaines informations pouvant vous identifier lorsque vous utilisez le pr\u00e9sent site Internet, vous aurez la garantie que lesdites donn\u00e9es seront utilis\u00e9es en toute confidentialit\u00e9. La politique de confidentialit\u00e9 vous explique l\u2019utilisation qui est faite des donn\u00e9es personnelles que vous [&hellip;]\" \/>\n<meta property=\"og:url\" content=\"https:\/\/www.variantinternational.com\/fr\/confidentialite\/\" \/>\n<meta property=\"og:site_name\" content=\"Variant International - Sacs aspirateur et accessoires\" \/>\n<meta name=\"twitter:label1\" content=\"Dur\u00e9e de lecture estim\u00e9e\" \/>\n\t<meta name=\"twitter:data1\" content=\"5 minutes\" \/>\n<script type=\"application\/ld+json\" class=\"yoast-schema-graph\">{\"@context\":\"https:\\\/\\\/schema.org\",\"@graph\":[{\"@type\":\"WebPage\",\"@id\":\"https:\\\/\\\/www.variantinternational.com\\\/fr\\\/confidentialite\\\/\",\"url\":\"https:\\\/\\\/www.variantinternational.com\\\/fr\\\/confidentialite\\\/\",\"name\":\"Confidentialit\u00e9 - Variant International - Sacs aspirateur et accessoires\",\"isPartOf\":{\"@id\":\"https:\\\/\\\/www.variantinternational.com\\\/#website\"},\"datePublished\":\"2013-02-13T09:38:21+00:00\",\"breadcrumb\":{\"@id\":\"https:\\\/\\\/www.variantinternational.com\\\/fr\\\/confidentialite\\\/#breadcrumb\"},\"inLanguage\":\"fr-FR\",\"potentialAction\":[{\"@type\":\"ReadAction\",\"target\":[\"https:\\\/\\\/www.variantinternational.com\\\/fr\\\/confidentialite\\\/\"]}]},{\"@type\":\"BreadcrumbList\",\"@id\":\"https:\\\/\\\/www.variantinternational.com\\\/fr\\\/confidentialite\\\/#breadcrumb\",\"itemListElement\":[{\"@type\":\"ListItem\",\"position\":1,\"name\":\"Home\",\"item\":\"https:\\\/\\\/www.variantinternational.com\\\/\"},{\"@type\":\"ListItem\",\"position\":2,\"name\":\"Confidentialit\u00e9\"}]},{\"@type\":\"WebSite\",\"@id\":\"https:\\\/\\\/www.variantinternational.com\\\/#website\",\"url\":\"https:\\\/\\\/www.variantinternational.com\\\/\",\"name\":\"Variant International - Sacs aspirateur et accessoires\",\"description\":\"Variant. Fort dans des marques fortes.\",\"potentialAction\":[{\"@type\":\"SearchAction\",\"target\":{\"@type\":\"EntryPoint\",\"urlTemplate\":\"https:\\\/\\\/www.variantinternational.com\\\/?s={search_term_string}\"},\"query-input\":{\"@type\":\"PropertyValueSpecification\",\"valueRequired\":true,\"valueName\":\"search_term_string\"}}],\"inLanguage\":\"fr-FR\"}]}<\/script>\n<!-- \/ Yoast SEO plugin. -->","yoast_head_json":{"title":"Confidentialit\u00e9 - Variant International - Sacs aspirateur et accessoires","robots":{"index":"index","follow":"follow","max-snippet":"max-snippet:-1","max-image-preview":"max-image-preview:large","max-video-preview":"max-video-preview:-1"},"canonical":"https:\/\/www.variantinternational.com\/fr\/confidentialite\/","og_locale":"fr_FR","og_type":"article","og_title":"Confidentialit\u00e9 - Variant International - Sacs aspirateur et accessoires","og_description":"Variant Benelux B.V. s\u2019engage \u00e0 garantir la protection de votre vie priv\u00e9e. Si nous vous demandons certaines informations pouvant vous identifier lorsque vous utilisez le pr\u00e9sent site Internet, vous aurez la garantie que lesdites donn\u00e9es seront utilis\u00e9es en toute confidentialit\u00e9. La politique de confidentialit\u00e9 vous explique l\u2019utilisation qui est faite des donn\u00e9es personnelles que vous [&hellip;]","og_url":"https:\/\/www.variantinternational.com\/fr\/confidentialite\/","og_site_name":"Variant International - Sacs aspirateur et accessoires","twitter_misc":{"Dur\u00e9e de lecture estim\u00e9e":"5 minutes"},"schema":{"@context":"https:\/\/schema.org","@graph":[{"@type":"WebPage","@id":"https:\/\/www.variantinternational.com\/fr\/confidentialite\/","url":"https:\/\/www.variantinternational.com\/fr\/confidentialite\/","name":"Confidentialit\u00e9 - Variant International - Sacs aspirateur et accessoires","isPartOf":{"@id":"https:\/\/www.variantinternational.com\/#website"},"datePublished":"2013-02-13T09:38:21+00:00","breadcrumb":{"@id":"https:\/\/www.variantinternational.com\/fr\/confidentialite\/#breadcrumb"},"inLanguage":"fr-FR","potentialAction":[{"@type":"ReadAction","target":["https:\/\/www.variantinternational.com\/fr\/confidentialite\/"]}]},{"@type":"BreadcrumbList","@id":"https:\/\/www.variantinternational.com\/fr\/confidentialite\/#breadcrumb","itemListElement":[{"@type":"ListItem","position":1,"name":"Home","item":"https:\/\/www.variantinternational.com\/"},{"@type":"ListItem","position":2,"name":"Confidentialit\u00e9"}]},{"@type":"WebSite","@id":"https:\/\/www.variantinternational.com\/#website","url":"https:\/\/www.variantinternational.com\/","name":"Variant International - Sacs aspirateur et accessoires","description":"Variant. Fort dans des marques fortes.","potentialAction":[{"@type":"SearchAction","target":{"@type":"EntryPoint","urlTemplate":"https:\/\/www.variantinternational.com\/?s={search_term_string}"},"query-input":{"@type":"PropertyValueSpecification","valueRequired":true,"valueName":"search_term_string"}}],"inLanguage":"fr-FR"}]}},"_links":{"self":[{"href":"https:\/\/www.variantinternational.com\/fr\/wp-json\/wp\/v2\/pages\/752","targetHints":{"allow":["GET"]}}],"collection":[{"href":"https:\/\/www.variantinternational.com\/fr\/wp-json\/wp\/v2\/pages"}],"about":[{"href":"https:\/\/www.variantinternational.com\/fr\/wp-json\/wp\/v2\/types\/page"}],"author":[{"embeddable":true,"href":"https:\/\/www.variantinternational.com\/fr\/wp-json\/wp\/v2\/users\/7"}],"replies":[{"embeddable":true,"href":"https:\/\/www.variantinternational.com\/fr\/wp-json\/wp\/v2\/comments?post=752"}],"version-history":[{"count":2,"href":"https:\/\/www.variantinternational.com\/fr\/wp-json\/wp\/v2\/pages\/752\/revisions"}],"predecessor-version":[{"id":754,"href":"https:\/\/www.variantinternational.com\/fr\/wp-json\/wp\/v2\/pages\/752\/revisions\/754"}],"wp:attachment":[{"href":"https:\/\/www.variantinternational.com\/fr\/wp-json\/wp\/v2\/media?parent=752"}],"curies":[{"name":"wp","href":"https:\/\/api.w.org\/{rel}","templated":true}]}}