{"id":755,"date":"2013-02-13T09:43:42","date_gmt":"2013-02-13T09:43:42","guid":{"rendered":"http:\/\/www.variantinternational.com\/?page_id=755"},"modified":"2016-11-03T11:31:20","modified_gmt":"2016-11-03T10:31:20","slug":"nos-marques","status":"publish","type":"page","link":"https:\/\/www.variantinternational.com\/fr\/nos-marques\/","title":{"rendered":"Nos marques"},"content":{"rendered":"<div class=\"inner-row rf-section\"><div class=\"tencol  \">\n<h2>Sacs \u00e0 poussi\u00e8re et accessoires Variant<\/h2>\n<p>A l\u2019aide de moules plastiques personnalis\u00e9s et une usine d\u00e9di\u00e9e en Chine, Variant a la possibilit\u00e9 de fabriquer une large gamme de produits de tr\u00e8s haute qualit\u00e9. Ces produits incluent :<\/p>\n<ul>\n<li>Sacs \u00e0 poussi\u00e8re pour aspirateurs domestiques \/ commerciaux<\/li>\n<li>Sacs \u00e0 poussi\u00e8re industriels<\/li>\n<li>Tuyaux d\u2019aspiration domestiques (et tuyaux de rechange)<\/li>\n<li>Tuyaux pour applications industrielles<\/li>\n<li>Flexibles et brosses<\/li>\n<li>Embouts courb\u00e9s<\/li>\n<li>Raccords de r\u00e9servoir<\/li>\n<li>Tubes, y compris t\u00e9lescopiques. En PVC, inox, aluminium<\/li>\n<li>Syst\u00e8mes d\u2019aspiration centralis\u00e9e<\/li>\n<\/ul>\n<p><a href=\"http:\/\/shop.variantinternational.com\" target=\"_blank\" style=\";;;;;\n\t\t-moz-border-radius: 3px;\n\t\t-webkit-border-radius: 3px;\n\t\t-ie-border-radius: 3px;\n\t\t-o-border-radius: 3px;\n\t\tborder-radius: 3px; \n\t\" class=\"button-inner arrowed green overlay\">Consulter le catalogue complet<\/a><\/p>\n<p>En plus de notre propre gamme de produits, nous avons s\u00e9lectionn\u00e9 certaines des plus grandes marques au monde afin de proposer un portefeuille de produits vraiment convaincant.<\/p>\n<\/div>\n<div class=\"twocol last \">\n<\/div><\/div>\n<div class=\"line\"><\/div>\n<div class=\"inner-row rf-section\"><div class=\"sixcol  \">\n<h3><a name=\"plastiflex\"><\/a>Plastiflex<\/h3>\n<p><img loading=\"lazy\" decoding=\"async\" class=\"alignnone size-full wp-image-417\" title=\"logo_plastiflex\" src=\"http:\/\/www.variantinternational.com\/wp-content\/uploads\/2012\/08\/logo_plastiflex.jpg\" alt=\"\" width=\"320\" height=\"110\" srcset=\"https:\/\/www.variantinternational.com\/wp-content\/uploads\/2012\/08\/logo_plastiflex.jpg 320w, https:\/\/www.variantinternational.com\/wp-content\/uploads\/2012\/08\/logo_plastiflex-300x103.jpg 300w\" sizes=\"auto, (max-width: 320px) 100vw, 320px\" \/><\/p>\n<p>Plastiflex est le leader mondial du d\u00e9veloppement et de la fabrication de syst\u00e8mes \u00e0 tuyau souple destin\u00e9s \u00e0 de nombreuses applications, depuis le secteur de la sant\u00e9 jusqu\u2019aux applications en bassin, l\u2019industrie et l&rsquo;entretien de sol.<\/p>\n<p>Variant fournit un grand nombre de produits Plastiflex. Consultez le <a href=\"http:\/\/catalog.variantinternational.com\/categories\/55-hoses-plastiflex\/products\" target=\"_blank\">catalogue en ligne<\/a> pour en savoir plus.<\/p>\n<p><a title=\"Visitez le site Internet de Plastiflex\" href=\"http:\/\/www.plastiflex-industrial-hoses.com\/\" target=\"_blank\">Visitez le site Internet de Plastiflex<\/a><\/p>\n<div class=\"line\"><\/div>\n<\/div>\n<div class=\"sixcol last \">\n<h3><a name=\"wesselwerk\"><\/a>Wessel\u2219Werk<\/h3>\n<p><img loading=\"lazy\" decoding=\"async\" class=\"alignnone size-full wp-image-419\" title=\"logo_wessel-werk\" src=\"http:\/\/www.variantinternational.com\/wp-content\/uploads\/2012\/08\/logo_wessel-werk.jpg\" alt=\"\" width=\"320\" height=\"110\" srcset=\"https:\/\/www.variantinternational.com\/wp-content\/uploads\/2012\/08\/logo_wessel-werk.jpg 320w, https:\/\/www.variantinternational.com\/wp-content\/uploads\/2012\/08\/logo_wessel-werk-300x103.jpg 300w\" sizes=\"auto, (max-width: 320px) 100vw, 320px\" \/><\/p>\n<p>Aujourd\u2019hui, Wessel\u2219Werk GmbH est le premier fabricant mondial de flexibles et d\u2019accessoires pour aspirateurs. Cette marque se distingue par sa force d\u2019innovation et sa qualit\u00e9.<\/p>\n<p>Variant peut vous proposer des brosses et des <a href=\"http:\/\/catalog.variantinternational.com\/categories\/66-nozzles-brushes-wessel-werk\/products\" target=\"_blank\">flexibles commerciaux et industriels<\/a> de cette marque.<\/p>\n<p><a title=\"Visitez le site Internet de Wessel\u2219Werk\" href=\"http:\/\/www.wessel-werk.com\" target=\"_blank\">Visitez le site Internet de Wessel\u2219Werk<\/a><\/p>\n<div class=\"line\"><\/div>\n<\/div><\/div>\n<div class=\"inner-row rf-section\"><div class=\"sixcol  \">\n<h3><a name=\"centralvac\"><\/a>Central VAC<\/h3>\n<p><img loading=\"lazy\" decoding=\"async\" class=\"alignnone size-full wp-image-417\" title=\"logo_plastiflex\" src=\"http:\/\/www.variantinternational.com\/wp-content\/uploads\/2012\/08\/logo_plastiflex.jpg\" alt=\"\" width=\"320\" height=\"110\" srcset=\"https:\/\/www.variantinternational.com\/wp-content\/uploads\/2012\/08\/logo_plastiflex.jpg 320w, https:\/\/www.variantinternational.com\/wp-content\/uploads\/2012\/08\/logo_plastiflex-300x103.jpg 300w\" sizes=\"auto, (max-width: 320px) 100vw, 320px\" \/><\/p>\n<p>Variant peut vous fournir tous les tuyaux, branchements et raccords de sortie. Consultez la section du catalogue <a href=\"http:\/\/catalog.variantinternational.com\/categories\/63-central-vac-plastiflex\/products\" target=\"_blank\">CentralVac<\/a> pour en savoir plus.<\/p>\n<p><a title=\"Visitez le site Internet de CentralVac\" href=\"http:\/\/cvac.plastiflex.com\/\" target=\"_blank\">Visitez le site Internet de CentralVac<\/a><\/p>\n<div class=\"line\"><\/div>\n<\/div>\n<div class=\"sixcol last \">\n<h3><a name=\"privatelabel\"><\/a>Emballage de marque priv\u00e9e<\/h3>\n<p><img loading=\"lazy\" decoding=\"async\" class=\"alignnone size-full wp-image-459\" title=\"threeMIboxes\" src=\"http:\/\/www.variantinternational.com\/wp-content\/uploads\/2012\/08\/threeMIboxes.jpg\" alt=\"\" width=\"320\" height=\"110\" srcset=\"https:\/\/www.variantinternational.com\/wp-content\/uploads\/2012\/08\/threeMIboxes.jpg 320w, https:\/\/www.variantinternational.com\/wp-content\/uploads\/2012\/08\/threeMIboxes-300x103.jpg 300w\" sizes=\"auto, (max-width: 320px) 100vw, 320px\" \/><\/p>\n<p>Les possibilit\u00e9s de solutions d\u2019emballage priv\u00e9 sont illimit\u00e9es : des magasins de d\u00e9tail ou de marque peuvent nous procurer leur propre design d&#8217;emballage, que nous fabriquerons et exp\u00e9dierons directement depuis notre usine, jusqu&rsquo;\u00e0 vos locaux.<\/p>\n<p>Nous pouvons \u00e9galement proposer des solutions enti\u00e8rement approvisionn\u00e9es, depuis Variant ou depuis une marque priv\u00e9e.<\/p>\n<p><a title=\"Contact\" href=\"https:\/\/www.variantinternational.com\/fr\/contact\">Contactez<\/a> l\u2019\u00e9quipe de vente pour plus d\u2019information.<\/p>\n<div class=\"line\"><\/div>\n<\/div><\/div>\n","protected":false},"excerpt":{"rendered":"<p>Pour marques de grande qualit\u00e9.<\/p>\n","protected":false},"author":7,"featured_media":0,"parent":0,"menu_order":0,"comment_status":"open","ping_status":"open","template":"","meta":{"ngg_post_thumbnail":0,"footnotes":""},"class_list":["post-755","page","type-page","status-publish","hentry"],"yoast_head":"<!-- This site is optimized with the Yoast SEO plugin v27.4 - https:\/\/yoast.com\/product\/yoast-seo-wordpress\/ -->\n<title>Nos marques - Variant International - Sacs aspirateur et accessoires<\/title>\n<meta name=\"robots\" content=\"index, follow, max-snippet:-1, max-image-preview:large, max-video-preview:-1\" \/>\n<link rel=\"canonical\" href=\"https:\/\/www.variantinternational.com\/fr\/nos-marques\/\" \/>\n<meta property=\"og:locale\" content=\"fr_FR\" \/>\n<meta property=\"og:type\" content=\"article\" \/>\n<meta property=\"og:title\" content=\"Nos marques - Variant International - Sacs aspirateur et accessoires\" \/>\n<meta property=\"og:description\" content=\"Pour marques de grande qualit\u00e9.\" \/>\n<meta property=\"og:url\" content=\"https:\/\/www.variantinternational.com\/fr\/nos-marques\/\" \/>\n<meta property=\"og:site_name\" content=\"Variant International - Sacs aspirateur et accessoires\" \/>\n<meta property=\"article:modified_time\" content=\"2016-11-03T10:31:20+00:00\" \/>\n<meta property=\"og:image\" content=\"http:\/\/www.variantinternational.com\/wp-content\/uploads\/2012\/08\/logo_plastiflex.jpg\" \/>\n<meta name=\"twitter:label1\" content=\"Dur\u00e9e de lecture estim\u00e9e\" \/>\n\t<meta name=\"twitter:data1\" content=\"2 minutes\" \/>\n<script type=\"application\/ld+json\" class=\"yoast-schema-graph\">{\"@context\":\"https:\\\/\\\/schema.org\",\"@graph\":[{\"@type\":\"WebPage\",\"@id\":\"https:\\\/\\\/www.variantinternational.com\\\/fr\\\/nos-marques\\\/\",\"url\":\"https:\\\/\\\/www.variantinternational.com\\\/fr\\\/nos-marques\\\/\",\"name\":\"Nos marques - Variant International - Sacs aspirateur et accessoires\",\"isPartOf\":{\"@id\":\"https:\\\/\\\/www.variantinternational.com\\\/#website\"},\"primaryImageOfPage\":{\"@id\":\"https:\\\/\\\/www.variantinternational.com\\\/fr\\\/nos-marques\\\/#primaryimage\"},\"image\":{\"@id\":\"https:\\\/\\\/www.variantinternational.com\\\/fr\\\/nos-marques\\\/#primaryimage\"},\"thumbnailUrl\":\"http:\\\/\\\/www.variantinternational.com\\\/wp-content\\\/uploads\\\/2012\\\/08\\\/logo_plastiflex.jpg\",\"datePublished\":\"2013-02-13T09:43:42+00:00\",\"dateModified\":\"2016-11-03T10:31:20+00:00\",\"breadcrumb\":{\"@id\":\"https:\\\/\\\/www.variantinternational.com\\\/fr\\\/nos-marques\\\/#breadcrumb\"},\"inLanguage\":\"fr-FR\",\"potentialAction\":[{\"@type\":\"ReadAction\",\"target\":[\"https:\\\/\\\/www.variantinternational.com\\\/fr\\\/nos-marques\\\/\"]}]},{\"@type\":\"ImageObject\",\"inLanguage\":\"fr-FR\",\"@id\":\"https:\\\/\\\/www.variantinternational.com\\\/fr\\\/nos-marques\\\/#primaryimage\",\"url\":\"http:\\\/\\\/www.variantinternational.com\\\/wp-content\\\/uploads\\\/2012\\\/08\\\/logo_plastiflex.jpg\",\"contentUrl\":\"http:\\\/\\\/www.variantinternational.com\\\/wp-content\\\/uploads\\\/2012\\\/08\\\/logo_plastiflex.jpg\"},{\"@type\":\"BreadcrumbList\",\"@id\":\"https:\\\/\\\/www.variantinternational.com\\\/fr\\\/nos-marques\\\/#breadcrumb\",\"itemListElement\":[{\"@type\":\"ListItem\",\"position\":1,\"name\":\"Home\",\"item\":\"https:\\\/\\\/www.variantinternational.com\\\/\"},{\"@type\":\"ListItem\",\"position\":2,\"name\":\"Nos marques\"}]},{\"@type\":\"WebSite\",\"@id\":\"https:\\\/\\\/www.variantinternational.com\\\/#website\",\"url\":\"https:\\\/\\\/www.variantinternational.com\\\/\",\"name\":\"Variant International - Sacs aspirateur et accessoires\",\"description\":\"Variant. Fort dans des marques fortes.\",\"potentialAction\":[{\"@type\":\"SearchAction\",\"target\":{\"@type\":\"EntryPoint\",\"urlTemplate\":\"https:\\\/\\\/www.variantinternational.com\\\/?s={search_term_string}\"},\"query-input\":{\"@type\":\"PropertyValueSpecification\",\"valueRequired\":true,\"valueName\":\"search_term_string\"}}],\"inLanguage\":\"fr-FR\"}]}<\/script>\n<!-- \/ Yoast SEO plugin. -->","yoast_head_json":{"title":"Nos marques - Variant International - Sacs aspirateur et accessoires","robots":{"index":"index","follow":"follow","max-snippet":"max-snippet:-1","max-image-preview":"max-image-preview:large","max-video-preview":"max-video-preview:-1"},"canonical":"https:\/\/www.variantinternational.com\/fr\/nos-marques\/","og_locale":"fr_FR","og_type":"article","og_title":"Nos marques - Variant International - Sacs aspirateur et accessoires","og_description":"Pour marques de grande qualit\u00e9.","og_url":"https:\/\/www.variantinternational.com\/fr\/nos-marques\/","og_site_name":"Variant International - Sacs aspirateur et accessoires","article_modified_time":"2016-11-03T10:31:20+00:00","og_image":[{"url":"http:\/\/www.variantinternational.com\/wp-content\/uploads\/2012\/08\/logo_plastiflex.jpg","type":"","width":"","height":""}],"twitter_misc":{"Dur\u00e9e de lecture estim\u00e9e":"2 minutes"},"schema":{"@context":"https:\/\/schema.org","@graph":[{"@type":"WebPage","@id":"https:\/\/www.variantinternational.com\/fr\/nos-marques\/","url":"https:\/\/www.variantinternational.com\/fr\/nos-marques\/","name":"Nos marques - Variant International - Sacs aspirateur et accessoires","isPartOf":{"@id":"https:\/\/www.variantinternational.com\/#website"},"primaryImageOfPage":{"@id":"https:\/\/www.variantinternational.com\/fr\/nos-marques\/#primaryimage"},"image":{"@id":"https:\/\/www.variantinternational.com\/fr\/nos-marques\/#primaryimage"},"thumbnailUrl":"http:\/\/www.variantinternational.com\/wp-content\/uploads\/2012\/08\/logo_plastiflex.jpg","datePublished":"2013-02-13T09:43:42+00:00","dateModified":"2016-11-03T10:31:20+00:00","breadcrumb":{"@id":"https:\/\/www.variantinternational.com\/fr\/nos-marques\/#breadcrumb"},"inLanguage":"fr-FR","potentialAction":[{"@type":"ReadAction","target":["https:\/\/www.variantinternational.com\/fr\/nos-marques\/"]}]},{"@type":"ImageObject","inLanguage":"fr-FR","@id":"https:\/\/www.variantinternational.com\/fr\/nos-marques\/#primaryimage","url":"http:\/\/www.variantinternational.com\/wp-content\/uploads\/2012\/08\/logo_plastiflex.jpg","contentUrl":"http:\/\/www.variantinternational.com\/wp-content\/uploads\/2012\/08\/logo_plastiflex.jpg"},{"@type":"BreadcrumbList","@id":"https:\/\/www.variantinternational.com\/fr\/nos-marques\/#breadcrumb","itemListElement":[{"@type":"ListItem","position":1,"name":"Home","item":"https:\/\/www.variantinternational.com\/"},{"@type":"ListItem","position":2,"name":"Nos marques"}]},{"@type":"WebSite","@id":"https:\/\/www.variantinternational.com\/#website","url":"https:\/\/www.variantinternational.com\/","name":"Variant International - Sacs aspirateur et accessoires","description":"Variant. Fort dans des marques fortes.","potentialAction":[{"@type":"SearchAction","target":{"@type":"EntryPoint","urlTemplate":"https:\/\/www.variantinternational.com\/?s={search_term_string}"},"query-input":{"@type":"PropertyValueSpecification","valueRequired":true,"valueName":"search_term_string"}}],"inLanguage":"fr-FR"}]}},"_links":{"self":[{"href":"https:\/\/www.variantinternational.com\/fr\/wp-json\/wp\/v2\/pages\/755","targetHints":{"allow":["GET"]}}],"collection":[{"href":"https:\/\/www.variantinternational.com\/fr\/wp-json\/wp\/v2\/pages"}],"about":[{"href":"https:\/\/www.variantinternational.com\/fr\/wp-json\/wp\/v2\/types\/page"}],"author":[{"embeddable":true,"href":"https:\/\/www.variantinternational.com\/fr\/wp-json\/wp\/v2\/users\/7"}],"replies":[{"embeddable":true,"href":"https:\/\/www.variantinternational.com\/fr\/wp-json\/wp\/v2\/comments?post=755"}],"version-history":[{"count":7,"href":"https:\/\/www.variantinternational.com\/fr\/wp-json\/wp\/v2\/pages\/755\/revisions"}],"predecessor-version":[{"id":1094,"href":"https:\/\/www.variantinternational.com\/fr\/wp-json\/wp\/v2\/pages\/755\/revisions\/1094"}],"wp:attachment":[{"href":"https:\/\/www.variantinternational.com\/fr\/wp-json\/wp\/v2\/media?parent=755"}],"curies":[{"name":"wp","href":"https:\/\/api.w.org\/{rel}","templated":true}]}}