{"id":759,"date":"2013-02-13T09:47:23","date_gmt":"2013-02-13T09:47:23","guid":{"rendered":"http:\/\/www.variantinternational.com\/?page_id=759"},"modified":"2020-03-25T07:06:28","modified_gmt":"2020-03-25T06:06:28","slug":"accueil","status":"publish","type":"page","link":"https:\/\/www.variantinternational.com\/fr\/","title":{"rendered":"Accueil"},"content":{"rendered":"<div class=\"inner-row rf-section\"><div class=\"sixcol  \">\n<h3>Nouveau site Internet, mais le m\u00eame service<\/h3>\n<p>Nous sommes l\u2019un des principaux fabricants de sacs et d\u2019accessoires d\u2019aspirateur en Europe et nous nous adaptons constamment au march\u00e9. Et ce nouveau site Internet est pr\u00e9cis\u00e9ment con\u00e7u pour r\u00e9pondre encore mieux \u00e0 vos besoins. Nous poursuivons encore et toujours une m\u00eame vision&nbsp;: placer le client au c\u0153ur de tous nos processus.<\/p>\n<p><a title=\"A propos de Variant\" href=\"https:\/\/www.variantinternational.com\/fr\/a-propos-de-variant\/\">En savoir plus sur Variant<\/a><\/p>\n<div class=\"line\"><\/div>\n<\/div>\n<div class=\"sixcol last \">\n<h3>Catalogue en ligne gratuit<\/h3>\n<p>D\u00e9couvrez l\u2019ensemble de la gamme en parcourant le catalogue de produits en ligne. Variant propose \u00e9galement des concepts, une strat\u00e9gie de marque personnalis\u00e9e et l\u2019emballage de marque sp\u00e9cifique. Pour toute question ou toute demande de compte client, n\u2019h\u00e9sitez pas \u00e0 nous contacter.<\/p>\n<p><a class=\"button-inner arrowed green overlay\" style=\";;;;; -moz-border-radius: 3px; -webkit-border-radius: 3px; -ie-border-radius: 3px; -o-border-radius: 3px; border-radius: 3px;\" title=\"Consultez le catalogue en ligne\" href=\"http:\/\/shop.variantinternational.com\" target=\"_blank\" rel=\"noopener noreferrer\">Consultez le catalogue en ligne<\/a><\/p>\n<div class=\"line\"><\/div>\n<\/div><\/div>\n<div class=\"inner-row rf-section\"><div class=\"sixcol  \">\n<h3>Trouvez le bon sac pour n\u2019importe quelle marque<\/h3>\n<p><a href=\"http:\/\/www.variantinternational.com\/searchengine\" target=\"_blank\" rel=\"noopener noreferrer\"><img loading=\"lazy\" decoding=\"async\" class=\"alignnone size-full wp-image-459\" title=\"Ouvrir le moteur de recherche\" src=\"http:\/\/www.variantinternational.com\/wp-content\/uploads\/2012\/08\/threeMIboxes.jpg\" alt=\"Ouvrir le moteur de recherche\" width=\"320\" height=\"110\" srcset=\"https:\/\/www.variantinternational.com\/wp-content\/uploads\/2012\/08\/threeMIboxes.jpg 320w, https:\/\/www.variantinternational.com\/wp-content\/uploads\/2012\/08\/threeMIboxes-300x103.jpg 300w\" sizes=\"auto, (max-width: 320px) 100vw, 320px\" \/><\/a><\/p>\n<p>Utilisez notre moteur de recherche pour trouver le type de sac \u00e0 poussi\u00e8re dont vous avez besoin. S\u00e9lectionnez une marque d\u2019aspirateur et d\u00e9couvrez les sacs qui vous conviennent.<\/p>\n<p><a title=\"Ouvrir le moteur de recherche\" href=\"http:\/\/variantinternational.com\/searchengine\" target=\"_blank\" rel=\"noopener noreferrer\">Ouvrir le moteur de recherche<\/a><\/p>\n<div class=\"line\"><\/div>\n<\/div>\n<div class=\"sixcol last \">\n<h3>Derni\u00e8res offres d\u2019emploi<\/h3>\n<p><img loading=\"lazy\" decoding=\"async\" class=\"alignnone size-full wp-image-852\" title=\"Job offering\" src=\"http:\/\/www.variantinternational.com\/wp-content\/uploads\/2013\/02\/foto_bewerkt.jpg\" alt=\"image of warehouse\" width=\"320\" height=\"110\" srcset=\"https:\/\/www.variantinternational.com\/wp-content\/uploads\/2013\/02\/foto_bewerkt.jpg 320w, https:\/\/www.variantinternational.com\/wp-content\/uploads\/2013\/02\/foto_bewerkt-300x103.jpg 300w\" sizes=\"auto, (max-width: 320px) 100vw, 320px\" \/><\/p>\n<div class=\"text-wrap tlid-copy-target\">\n<div class=\"result-shield-container tlid-copy-target\" tabindex=\"0\"><span class=\"tlid-translation translation\" lang=\"fr\"><span class=\"\" title=\"\">Pas de postes vacants.<\/span><\/span><\/div>\n<\/div>\n<div class=\"line\"><\/div>\n<\/div><\/div>\n<p>&nbsp;<\/p>\n","protected":false},"excerpt":{"rendered":"<p><span class=\"main-title\">Variant. Fort dans des marques fortes.<\/span><br \/>\n<span class=\"sub-title\"><a href=\"\/fr\/a-propos-de-variant\">D\u00e9couvrez les possibilit\u00e9s.<\/a><\/span><\/p>\n","protected":false},"author":7,"featured_media":0,"parent":0,"menu_order":0,"comment_status":"open","ping_status":"open","template":"","meta":{"ngg_post_thumbnail":0,"footnotes":""},"class_list":["post-759","page","type-page","status-publish","hentry"],"yoast_head":"<!-- This site is optimized with the Yoast SEO plugin v27.4 - https:\/\/yoast.com\/product\/yoast-seo-wordpress\/ -->\n<title>Variant International \u2022 Sacs aspirateur et accessoires<\/title>\n<meta name=\"robots\" content=\"index, follow, max-snippet:-1, max-image-preview:large, max-video-preview:-1\" \/>\n<link rel=\"canonical\" href=\"https:\/\/www.variantinternational.com\/\" \/>\n<meta property=\"og:locale\" content=\"fr_FR\" \/>\n<meta property=\"og:type\" content=\"article\" \/>\n<meta property=\"og:title\" content=\"Variant International \u2022 Sacs aspirateur et accessoires\" \/>\n<meta property=\"og:description\" content=\"Variant. Fort dans des marques fortes. D\u00e9couvrez les possibilit\u00e9s.\" \/>\n<meta property=\"og:url\" content=\"https:\/\/www.variantinternational.com\/\" \/>\n<meta property=\"og:site_name\" content=\"Variant International - Sacs aspirateur et accessoires\" \/>\n<meta property=\"article:modified_time\" content=\"2020-03-25T06:06:28+00:00\" \/>\n<meta property=\"og:image\" content=\"http:\/\/www.variantinternational.com\/wp-content\/uploads\/2012\/08\/threeMIboxes.jpg\" \/>\n<meta name=\"twitter:label1\" content=\"Dur\u00e9e de lecture estim\u00e9e\" \/>\n\t<meta name=\"twitter:data1\" content=\"1 minute\" \/>\n<script type=\"application\/ld+json\" class=\"yoast-schema-graph\">{\"@context\":\"https:\\\/\\\/schema.org\",\"@graph\":[{\"@type\":\"WebPage\",\"@id\":\"https:\\\/\\\/www.variantinternational.com\\\/\",\"url\":\"https:\\\/\\\/www.variantinternational.com\\\/\",\"name\":\"Variant International \u2022 Sacs aspirateur et accessoires\",\"isPartOf\":{\"@id\":\"https:\\\/\\\/www.variantinternational.com\\\/#website\"},\"primaryImageOfPage\":{\"@id\":\"https:\\\/\\\/www.variantinternational.com\\\/#primaryimage\"},\"image\":{\"@id\":\"https:\\\/\\\/www.variantinternational.com\\\/#primaryimage\"},\"thumbnailUrl\":\"http:\\\/\\\/www.variantinternational.com\\\/wp-content\\\/uploads\\\/2012\\\/08\\\/threeMIboxes.jpg\",\"datePublished\":\"2013-02-13T09:47:23+00:00\",\"dateModified\":\"2020-03-25T06:06:28+00:00\",\"breadcrumb\":{\"@id\":\"https:\\\/\\\/www.variantinternational.com\\\/#breadcrumb\"},\"inLanguage\":\"fr-FR\",\"potentialAction\":[{\"@type\":\"ReadAction\",\"target\":[\"https:\\\/\\\/www.variantinternational.com\\\/\"]}]},{\"@type\":\"ImageObject\",\"inLanguage\":\"fr-FR\",\"@id\":\"https:\\\/\\\/www.variantinternational.com\\\/#primaryimage\",\"url\":\"http:\\\/\\\/www.variantinternational.com\\\/wp-content\\\/uploads\\\/2012\\\/08\\\/threeMIboxes.jpg\",\"contentUrl\":\"http:\\\/\\\/www.variantinternational.com\\\/wp-content\\\/uploads\\\/2012\\\/08\\\/threeMIboxes.jpg\"},{\"@type\":\"BreadcrumbList\",\"@id\":\"https:\\\/\\\/www.variantinternational.com\\\/#breadcrumb\",\"itemListElement\":[{\"@type\":\"ListItem\",\"position\":1,\"name\":\"Home\",\"item\":\"https:\\\/\\\/www.variantinternational.com\\\/\"},{\"@type\":\"ListItem\",\"position\":2,\"name\":\"Accueil\"}]},{\"@type\":\"WebSite\",\"@id\":\"https:\\\/\\\/www.variantinternational.com\\\/#website\",\"url\":\"https:\\\/\\\/www.variantinternational.com\\\/\",\"name\":\"Variant International - Sacs aspirateur et accessoires\",\"description\":\"Variant. Fort dans des marques fortes.\",\"potentialAction\":[{\"@type\":\"SearchAction\",\"target\":{\"@type\":\"EntryPoint\",\"urlTemplate\":\"https:\\\/\\\/www.variantinternational.com\\\/?s={search_term_string}\"},\"query-input\":{\"@type\":\"PropertyValueSpecification\",\"valueRequired\":true,\"valueName\":\"search_term_string\"}}],\"inLanguage\":\"fr-FR\"}]}<\/script>\n<!-- \/ Yoast SEO plugin. -->","yoast_head_json":{"title":"Variant International \u2022 Sacs aspirateur et accessoires","robots":{"index":"index","follow":"follow","max-snippet":"max-snippet:-1","max-image-preview":"max-image-preview:large","max-video-preview":"max-video-preview:-1"},"canonical":"https:\/\/www.variantinternational.com\/","og_locale":"fr_FR","og_type":"article","og_title":"Variant International \u2022 Sacs aspirateur et accessoires","og_description":"Variant. Fort dans des marques fortes. D\u00e9couvrez les possibilit\u00e9s.","og_url":"https:\/\/www.variantinternational.com\/","og_site_name":"Variant International - Sacs aspirateur et accessoires","article_modified_time":"2020-03-25T06:06:28+00:00","og_image":[{"url":"http:\/\/www.variantinternational.com\/wp-content\/uploads\/2012\/08\/threeMIboxes.jpg","type":"","width":"","height":""}],"twitter_misc":{"Dur\u00e9e de lecture estim\u00e9e":"1 minute"},"schema":{"@context":"https:\/\/schema.org","@graph":[{"@type":"WebPage","@id":"https:\/\/www.variantinternational.com\/","url":"https:\/\/www.variantinternational.com\/","name":"Variant International \u2022 Sacs aspirateur et accessoires","isPartOf":{"@id":"https:\/\/www.variantinternational.com\/#website"},"primaryImageOfPage":{"@id":"https:\/\/www.variantinternational.com\/#primaryimage"},"image":{"@id":"https:\/\/www.variantinternational.com\/#primaryimage"},"thumbnailUrl":"http:\/\/www.variantinternational.com\/wp-content\/uploads\/2012\/08\/threeMIboxes.jpg","datePublished":"2013-02-13T09:47:23+00:00","dateModified":"2020-03-25T06:06:28+00:00","breadcrumb":{"@id":"https:\/\/www.variantinternational.com\/#breadcrumb"},"inLanguage":"fr-FR","potentialAction":[{"@type":"ReadAction","target":["https:\/\/www.variantinternational.com\/"]}]},{"@type":"ImageObject","inLanguage":"fr-FR","@id":"https:\/\/www.variantinternational.com\/#primaryimage","url":"http:\/\/www.variantinternational.com\/wp-content\/uploads\/2012\/08\/threeMIboxes.jpg","contentUrl":"http:\/\/www.variantinternational.com\/wp-content\/uploads\/2012\/08\/threeMIboxes.jpg"},{"@type":"BreadcrumbList","@id":"https:\/\/www.variantinternational.com\/#breadcrumb","itemListElement":[{"@type":"ListItem","position":1,"name":"Home","item":"https:\/\/www.variantinternational.com\/"},{"@type":"ListItem","position":2,"name":"Accueil"}]},{"@type":"WebSite","@id":"https:\/\/www.variantinternational.com\/#website","url":"https:\/\/www.variantinternational.com\/","name":"Variant International - Sacs aspirateur et accessoires","description":"Variant. Fort dans des marques fortes.","potentialAction":[{"@type":"SearchAction","target":{"@type":"EntryPoint","urlTemplate":"https:\/\/www.variantinternational.com\/?s={search_term_string}"},"query-input":{"@type":"PropertyValueSpecification","valueRequired":true,"valueName":"search_term_string"}}],"inLanguage":"fr-FR"}]}},"_links":{"self":[{"href":"https:\/\/www.variantinternational.com\/fr\/wp-json\/wp\/v2\/pages\/759","targetHints":{"allow":["GET"]}}],"collection":[{"href":"https:\/\/www.variantinternational.com\/fr\/wp-json\/wp\/v2\/pages"}],"about":[{"href":"https:\/\/www.variantinternational.com\/fr\/wp-json\/wp\/v2\/types\/page"}],"author":[{"embeddable":true,"href":"https:\/\/www.variantinternational.com\/fr\/wp-json\/wp\/v2\/users\/7"}],"replies":[{"embeddable":true,"href":"https:\/\/www.variantinternational.com\/fr\/wp-json\/wp\/v2\/comments?post=759"}],"version-history":[{"count":20,"href":"https:\/\/www.variantinternational.com\/fr\/wp-json\/wp\/v2\/pages\/759\/revisions"}],"predecessor-version":[{"id":1115,"href":"https:\/\/www.variantinternational.com\/fr\/wp-json\/wp\/v2\/pages\/759\/revisions\/1115"}],"wp:attachment":[{"href":"https:\/\/www.variantinternational.com\/fr\/wp-json\/wp\/v2\/media?parent=759"}],"curies":[{"name":"wp","href":"https:\/\/api.w.org\/{rel}","templated":true}]}}