{"id":702,"date":"2013-01-29T07:48:57","date_gmt":"2013-01-29T07:48:57","guid":{"rendered":"http:\/\/www.variantinternational.com\/?page_id=702"},"modified":"2025-05-20T06:32:21","modified_gmt":"2025-05-20T04:32:21","slug":"o-nas","status":"publish","type":"page","link":"https:\/\/www.variantinternational.com\/pl\/o-nas\/","title":{"rendered":"O nas"},"content":{"rendered":"<p>Variant jest jednym z najwi\u0119kszych europejskich producent\u00f3w i dostawc\u00f3w work\u00f3w i akcesori\u00f3w do odkurzaczy. Dostarczamy wysokiej jako\u015bci produkty, kt\u00f3re s\u0105 ca\u0142y czas kontrolowane i doskonalone.<\/p>\n<p>Z g\u0142\u00f3wnej siedziby i centralnego magazynu w Holandii, Variant mo\u017ce zapewni\u0107 jako\u015b\u0107, szybko\u015b\u0107 oraz w 95% zam\u00f3wie\u0144 wysy\u0142k\u0119 od r\u0119ki.<\/p>\n<p>Oddany zesp\u00f3\u0142 sprzeda\u017cy mo\u017ce pom\u00f3c Tobie w ojczystym j\u0119zyku: holenderskim, angielskim, niemieckim i francuskim. Agenci sprzeda\u017cy pomagaj\u0105 odpowiedaj\u0105c na wszelkie pytania i towarzysz\u0105c w z\u0142o\u017ceniu zam\u00f3wienia. Ju\u017c wkr\u00f3tce tak\u017ce w j\u0119zyku rosyjskim i polskim.<\/p>\n<div class=\"line\"><\/div>\n<div class=\"inner-row rf-section\"><div class=\"sixcol  \">\n<h3>Klienci<\/h3>\n<p>Variant ma szeroki kr\u0105g odbiorc\u00f3w, w tym<\/p>\n<ul>\n<li>sprzeda\u017c detaliczna i produkt\u00f3w konsumenckich<\/li>\n<li>firmy sprz\u0105taj\u0105ce<\/li>\n<li>serwisy naprawcze<\/li>\n<li>zastosowania przemys\u0142owe<\/li>\n<li>instalacja odkurzacza centralnego<\/li>\n<\/ul>\n<p><a title=\"Contact\" href=\"https:\/\/www.variantinternational.com\/pl\/kontakt\">Prosimy o kontakt z dzia\u0142em sprzeda\u017cy, aby utworzy\u0107 konto klienta.<br \/>\n<\/a><\/p>\n<div class=\"line\"><\/div>\n<\/div>\n<div class=\"sixcol last \">\n<div class=\"section section-small\"><div class=\"message primary \" style=\";background: lightgrey;color: black;;\n\t\t-moz-border-radius: 5px;\n\t\t-webkit-border-radius: 5px;\n\t\t-ie-border-radius: 5px;\n\t\t-o-border-radius: 5px;\n\t\tborder-radius: 5px; \n\t;\">\n<h3>Produkty<\/h3>\n<p>Variant sprzedaje tylko wysokiej jako\u015bci produkty zamienne, kt\u00f3re s\u0105 takie same, a czasami nawet lepsze od orginalnych wersji.<\/p>\n<p>Posiada w\u0142asn\u0105 fabryk\u0119 w Chinach, gdzie wytwarzane s\u0105 worki i tworzywa sztuczne z form w\u0142asnej produkcji. Dlatego wszelkie poprawy jako\u015bci, poprzez opinie klient\u00f3w, s\u0105 szybko realizowane.<\/p>\n<p>Zobacz pe\u0142ne zestawienie na stronie z naszymi <a title=\"Nasze marki\" href=\"https:\/\/www.variantinternational.com\/pl\/nasze-marki\">markami<\/a>.<\/p>\n<\/div><\/div>\n<\/div><\/div>\n","protected":false},"excerpt":{"rendered":"<p>Najwy\u017csza jako\u015b\u0107, najlepszy serwis<\/p>\n","protected":false},"author":7,"featured_media":0,"parent":0,"menu_order":0,"comment_status":"open","ping_status":"open","template":"","meta":{"ngg_post_thumbnail":0,"footnotes":""},"class_list":["post-702","page","type-page","status-publish","hentry"],"yoast_head":"<!-- This site is optimized with the Yoast SEO plugin v27.4 - https:\/\/yoast.com\/product\/yoast-seo-wordpress\/ -->\n<title>O nas - Variant International - Torby i akcesoria Vacuumcleaner<\/title>\n<meta name=\"robots\" content=\"index, follow, max-snippet:-1, max-image-preview:large, max-video-preview:-1\" \/>\n<link rel=\"canonical\" href=\"https:\/\/www.variantinternational.com\/pl\/o-nas\/\" \/>\n<meta property=\"og:locale\" content=\"pl_PL\" \/>\n<meta property=\"og:type\" content=\"article\" \/>\n<meta property=\"og:title\" content=\"O nas - Variant International - Torby i akcesoria Vacuumcleaner\" \/>\n<meta property=\"og:description\" content=\"Najwy\u017csza jako\u015b\u0107, najlepszy serwis\" \/>\n<meta property=\"og:url\" content=\"https:\/\/www.variantinternational.com\/pl\/o-nas\/\" \/>\n<meta property=\"og:site_name\" content=\"Variant International - Torby i akcesoria Vacuumcleaner\" \/>\n<meta property=\"article:modified_time\" content=\"2025-05-20T04:32:21+00:00\" \/>\n<meta name=\"twitter:label1\" content=\"Szacowany czas czytania\" \/>\n\t<meta name=\"twitter:data1\" content=\"1 minuta\" \/>\n<script type=\"application\/ld+json\" class=\"yoast-schema-graph\">{\"@context\":\"https:\\\/\\\/schema.org\",\"@graph\":[{\"@type\":\"WebPage\",\"@id\":\"https:\\\/\\\/www.variantinternational.com\\\/pl\\\/o-nas\\\/\",\"url\":\"https:\\\/\\\/www.variantinternational.com\\\/pl\\\/o-nas\\\/\",\"name\":\"O nas - Variant International - Torby i akcesoria Vacuumcleaner\",\"isPartOf\":{\"@id\":\"https:\\\/\\\/www.variantinternational.com\\\/#website\"},\"datePublished\":\"2013-01-29T07:48:57+00:00\",\"dateModified\":\"2025-05-20T04:32:21+00:00\",\"breadcrumb\":{\"@id\":\"https:\\\/\\\/www.variantinternational.com\\\/pl\\\/o-nas\\\/#breadcrumb\"},\"inLanguage\":\"pl-PL\",\"potentialAction\":[{\"@type\":\"ReadAction\",\"target\":[\"https:\\\/\\\/www.variantinternational.com\\\/pl\\\/o-nas\\\/\"]}]},{\"@type\":\"BreadcrumbList\",\"@id\":\"https:\\\/\\\/www.variantinternational.com\\\/pl\\\/o-nas\\\/#breadcrumb\",\"itemListElement\":[{\"@type\":\"ListItem\",\"position\":1,\"name\":\"Home\",\"item\":\"https:\\\/\\\/www.variantinternational.com\\\/pl\\\/\"},{\"@type\":\"ListItem\",\"position\":2,\"name\":\"O nas\"}]},{\"@type\":\"WebSite\",\"@id\":\"https:\\\/\\\/www.variantinternational.com\\\/#website\",\"url\":\"https:\\\/\\\/www.variantinternational.com\\\/\",\"name\":\"Variant International - Torby i akcesoria Vacuumcleaner\",\"description\":\"Variant. Mocny w\u015br\u00f3d mocnych marek.\",\"potentialAction\":[{\"@type\":\"SearchAction\",\"target\":{\"@type\":\"EntryPoint\",\"urlTemplate\":\"https:\\\/\\\/www.variantinternational.com\\\/?s={search_term_string}\"},\"query-input\":{\"@type\":\"PropertyValueSpecification\",\"valueRequired\":true,\"valueName\":\"search_term_string\"}}],\"inLanguage\":\"pl-PL\"}]}<\/script>\n<!-- \/ Yoast SEO plugin. -->","yoast_head_json":{"title":"O nas - Variant International - Torby i akcesoria Vacuumcleaner","robots":{"index":"index","follow":"follow","max-snippet":"max-snippet:-1","max-image-preview":"max-image-preview:large","max-video-preview":"max-video-preview:-1"},"canonical":"https:\/\/www.variantinternational.com\/pl\/o-nas\/","og_locale":"pl_PL","og_type":"article","og_title":"O nas - Variant International - Torby i akcesoria Vacuumcleaner","og_description":"Najwy\u017csza jako\u015b\u0107, najlepszy serwis","og_url":"https:\/\/www.variantinternational.com\/pl\/o-nas\/","og_site_name":"Variant International - Torby i akcesoria Vacuumcleaner","article_modified_time":"2025-05-20T04:32:21+00:00","twitter_misc":{"Szacowany czas czytania":"1 minuta"},"schema":{"@context":"https:\/\/schema.org","@graph":[{"@type":"WebPage","@id":"https:\/\/www.variantinternational.com\/pl\/o-nas\/","url":"https:\/\/www.variantinternational.com\/pl\/o-nas\/","name":"O nas - Variant International - Torby i akcesoria Vacuumcleaner","isPartOf":{"@id":"https:\/\/www.variantinternational.com\/#website"},"datePublished":"2013-01-29T07:48:57+00:00","dateModified":"2025-05-20T04:32:21+00:00","breadcrumb":{"@id":"https:\/\/www.variantinternational.com\/pl\/o-nas\/#breadcrumb"},"inLanguage":"pl-PL","potentialAction":[{"@type":"ReadAction","target":["https:\/\/www.variantinternational.com\/pl\/o-nas\/"]}]},{"@type":"BreadcrumbList","@id":"https:\/\/www.variantinternational.com\/pl\/o-nas\/#breadcrumb","itemListElement":[{"@type":"ListItem","position":1,"name":"Home","item":"https:\/\/www.variantinternational.com\/pl\/"},{"@type":"ListItem","position":2,"name":"O nas"}]},{"@type":"WebSite","@id":"https:\/\/www.variantinternational.com\/#website","url":"https:\/\/www.variantinternational.com\/","name":"Variant International - Torby i akcesoria Vacuumcleaner","description":"Variant. Mocny w\u015br\u00f3d mocnych marek.","potentialAction":[{"@type":"SearchAction","target":{"@type":"EntryPoint","urlTemplate":"https:\/\/www.variantinternational.com\/?s={search_term_string}"},"query-input":{"@type":"PropertyValueSpecification","valueRequired":true,"valueName":"search_term_string"}}],"inLanguage":"pl-PL"}]}},"_links":{"self":[{"href":"https:\/\/www.variantinternational.com\/pl\/wp-json\/wp\/v2\/pages\/702","targetHints":{"allow":["GET"]}}],"collection":[{"href":"https:\/\/www.variantinternational.com\/pl\/wp-json\/wp\/v2\/pages"}],"about":[{"href":"https:\/\/www.variantinternational.com\/pl\/wp-json\/wp\/v2\/types\/page"}],"author":[{"embeddable":true,"href":"https:\/\/www.variantinternational.com\/pl\/wp-json\/wp\/v2\/users\/7"}],"replies":[{"embeddable":true,"href":"https:\/\/www.variantinternational.com\/pl\/wp-json\/wp\/v2\/comments?post=702"}],"version-history":[{"count":3,"href":"https:\/\/www.variantinternational.com\/pl\/wp-json\/wp\/v2\/pages\/702\/revisions"}],"predecessor-version":[{"id":1131,"href":"https:\/\/www.variantinternational.com\/pl\/wp-json\/wp\/v2\/pages\/702\/revisions\/1131"}],"wp:attachment":[{"href":"https:\/\/www.variantinternational.com\/pl\/wp-json\/wp\/v2\/media?parent=702"}],"curies":[{"name":"wp","href":"https:\/\/api.w.org\/{rel}","templated":true}]}}