{"id":705,"date":"2013-01-29T07:51:34","date_gmt":"2013-01-29T07:51:34","guid":{"rendered":"http:\/\/www.variantinternational.com\/?page_id=705"},"modified":"2020-10-19T08:08:25","modified_gmt":"2020-10-19T06:08:25","slug":"kontakt","status":"publish","type":"page","link":"https:\/\/www.variantinternational.com\/pl\/kontakt\/","title":{"rendered":"Kontakt"},"content":{"rendered":"<div class=\"inner-row rf-section\"><div class=\"sixcol  \">\n<iframe loading=\"lazy\" width=\"100%\" height=\"320px\" frameborder=\"0\" scrolling=\"no\" marginheight=\"0\" marginwidth=\"0\" src=\"http:\/\/maps.google.com\/maps?f=q&amp;source=s_q&amp;q=Kelvinweg+7,+Spijkenisse&amp;ie=UTF8&amp;z=10&amp;iwloc=B&amp;output=embed\"><\/iframe><br \/><br \/>\n<div><\/div><\/div>\n<div class=\"sixcol last \">\n<strong>VARIANT Benelux BV<\/strong><\/p>\n<p>Kelvinweg 7<br \/>\n3208 KC Spijkenisse<br \/>\nHolandia<br \/>\nTel.: +31 (0) 181 62 03 77<br \/>\nFax: +31 (0) 181 62 29 80<\/p>\n<p><a title=\"info@variantinternational.com\" href=\"mailto:info@variantinternational.com\">info@variantinternational.com<\/a><br \/>\n<a title=\"Frontpage\" href=\"http:\/\/www.variantinternational.com\/\">www.variantinternational.com<\/a><\/p>\n<p>Darmowy katalog: <a title=\"http:\/\/catalog.variantinternational.com\" href=\"http:\/\/catalog.variantinternational.com\" target=\"_blank\" rel=\"noopener noreferrer\">http:\/\/catalog.variantinternational.com<\/a><br \/>\nSklep internetowy: <a title=\"http:\/\/shop.variantinternational.com\" href=\"http:\/\/shop.variantinternational.com\" target=\"_blank\" rel=\"noopener noreferrer\">http:\/\/shop.variantinternational.com<\/a><\/p>\n<p><em>Izba Handlowa: 24.30.96.27 Rotterdam<\/em><br \/>\n<em> Numer VAT: NL8237.65.854.B03<br \/>\n<\/em><\/p>\n<\/div><\/div>\n<p><img loading=\"lazy\" decoding=\"async\" class=\"alignnone  wp-image-334\" src=\"http:\/\/www.variant.nl\/wp-content\/uploads\/2011\/08\/2010-Kelvinweg-7-foto-pand-1.jpg\" alt=\"Main office building, Kelvinweg 7\" width=\"645\" height=\"340\" srcset=\"https:\/\/www.variantinternational.com\/wp-content\/uploads\/2011\/08\/2010-Kelvinweg-7-foto-pand-1.jpg 1024w, https:\/\/www.variantinternational.com\/wp-content\/uploads\/2011\/08\/2010-Kelvinweg-7-foto-pand-1-300x157.jpg 300w\" sizes=\"auto, (max-width: 645px) 100vw, 645px\" \/><\/p>\n<p>&nbsp;<\/p>\n","protected":false},"excerpt":{"rendered":"<p>Mi\u0142o nam Ci\u0119 pozna\u0107!<\/p>\n","protected":false},"author":7,"featured_media":0,"parent":0,"menu_order":0,"comment_status":"open","ping_status":"open","template":"","meta":{"ngg_post_thumbnail":0,"footnotes":""},"class_list":["post-705","page","type-page","status-publish","hentry"],"yoast_head":"<!-- This site is optimized with the Yoast SEO plugin v27.4 - https:\/\/yoast.com\/product\/yoast-seo-wordpress\/ -->\n<title>Kontakt - Variant International - Torby i akcesoria Vacuumcleaner<\/title>\n<meta name=\"robots\" content=\"index, follow, max-snippet:-1, max-image-preview:large, max-video-preview:-1\" \/>\n<link rel=\"canonical\" href=\"https:\/\/www.variantinternational.com\/pl\/kontakt\/\" \/>\n<meta property=\"og:locale\" content=\"pl_PL\" \/>\n<meta property=\"og:type\" content=\"article\" \/>\n<meta property=\"og:title\" content=\"Kontakt - Variant International - Torby i akcesoria Vacuumcleaner\" \/>\n<meta property=\"og:description\" content=\"Mi\u0142o nam Ci\u0119 pozna\u0107!\" \/>\n<meta property=\"og:url\" content=\"https:\/\/www.variantinternational.com\/pl\/kontakt\/\" \/>\n<meta property=\"og:site_name\" content=\"Variant International - Torby i akcesoria Vacuumcleaner\" \/>\n<meta property=\"article:modified_time\" content=\"2020-10-19T06:08:25+00:00\" \/>\n<meta property=\"og:image\" content=\"http:\/\/www.variant.nl\/wp-content\/uploads\/2011\/08\/2010-Kelvinweg-7-foto-pand-1.jpg\" \/>\n<script type=\"application\/ld+json\" class=\"yoast-schema-graph\">{\"@context\":\"https:\\\/\\\/schema.org\",\"@graph\":[{\"@type\":\"WebPage\",\"@id\":\"https:\\\/\\\/www.variantinternational.com\\\/pl\\\/kontakt\\\/\",\"url\":\"https:\\\/\\\/www.variantinternational.com\\\/pl\\\/kontakt\\\/\",\"name\":\"Kontakt - Variant International - Torby i akcesoria Vacuumcleaner\",\"isPartOf\":{\"@id\":\"https:\\\/\\\/www.variantinternational.com\\\/#website\"},\"primaryImageOfPage\":{\"@id\":\"https:\\\/\\\/www.variantinternational.com\\\/pl\\\/kontakt\\\/#primaryimage\"},\"image\":{\"@id\":\"https:\\\/\\\/www.variantinternational.com\\\/pl\\\/kontakt\\\/#primaryimage\"},\"thumbnailUrl\":\"http:\\\/\\\/www.variant.nl\\\/wp-content\\\/uploads\\\/2011\\\/08\\\/2010-Kelvinweg-7-foto-pand-1.jpg\",\"datePublished\":\"2013-01-29T07:51:34+00:00\",\"dateModified\":\"2020-10-19T06:08:25+00:00\",\"breadcrumb\":{\"@id\":\"https:\\\/\\\/www.variantinternational.com\\\/pl\\\/kontakt\\\/#breadcrumb\"},\"inLanguage\":\"pl-PL\",\"potentialAction\":[{\"@type\":\"ReadAction\",\"target\":[\"https:\\\/\\\/www.variantinternational.com\\\/pl\\\/kontakt\\\/\"]}]},{\"@type\":\"ImageObject\",\"inLanguage\":\"pl-PL\",\"@id\":\"https:\\\/\\\/www.variantinternational.com\\\/pl\\\/kontakt\\\/#primaryimage\",\"url\":\"http:\\\/\\\/www.variant.nl\\\/wp-content\\\/uploads\\\/2011\\\/08\\\/2010-Kelvinweg-7-foto-pand-1.jpg\",\"contentUrl\":\"http:\\\/\\\/www.variant.nl\\\/wp-content\\\/uploads\\\/2011\\\/08\\\/2010-Kelvinweg-7-foto-pand-1.jpg\"},{\"@type\":\"BreadcrumbList\",\"@id\":\"https:\\\/\\\/www.variantinternational.com\\\/pl\\\/kontakt\\\/#breadcrumb\",\"itemListElement\":[{\"@type\":\"ListItem\",\"position\":1,\"name\":\"Home\",\"item\":\"https:\\\/\\\/www.variantinternational.com\\\/pl\\\/\"},{\"@type\":\"ListItem\",\"position\":2,\"name\":\"Kontakt\"}]},{\"@type\":\"WebSite\",\"@id\":\"https:\\\/\\\/www.variantinternational.com\\\/#website\",\"url\":\"https:\\\/\\\/www.variantinternational.com\\\/\",\"name\":\"Variant International - Torby i akcesoria Vacuumcleaner\",\"description\":\"Variant. Mocny w\u015br\u00f3d mocnych marek.\",\"potentialAction\":[{\"@type\":\"SearchAction\",\"target\":{\"@type\":\"EntryPoint\",\"urlTemplate\":\"https:\\\/\\\/www.variantinternational.com\\\/?s={search_term_string}\"},\"query-input\":{\"@type\":\"PropertyValueSpecification\",\"valueRequired\":true,\"valueName\":\"search_term_string\"}}],\"inLanguage\":\"pl-PL\"}]}<\/script>\n<!-- \/ Yoast SEO plugin. -->","yoast_head_json":{"title":"Kontakt - Variant International - Torby i akcesoria Vacuumcleaner","robots":{"index":"index","follow":"follow","max-snippet":"max-snippet:-1","max-image-preview":"max-image-preview:large","max-video-preview":"max-video-preview:-1"},"canonical":"https:\/\/www.variantinternational.com\/pl\/kontakt\/","og_locale":"pl_PL","og_type":"article","og_title":"Kontakt - Variant International - Torby i akcesoria Vacuumcleaner","og_description":"Mi\u0142o nam Ci\u0119 pozna\u0107!","og_url":"https:\/\/www.variantinternational.com\/pl\/kontakt\/","og_site_name":"Variant International - Torby i akcesoria Vacuumcleaner","article_modified_time":"2020-10-19T06:08:25+00:00","og_image":[{"url":"http:\/\/www.variant.nl\/wp-content\/uploads\/2011\/08\/2010-Kelvinweg-7-foto-pand-1.jpg","type":"","width":"","height":""}],"schema":{"@context":"https:\/\/schema.org","@graph":[{"@type":"WebPage","@id":"https:\/\/www.variantinternational.com\/pl\/kontakt\/","url":"https:\/\/www.variantinternational.com\/pl\/kontakt\/","name":"Kontakt - Variant International - Torby i akcesoria Vacuumcleaner","isPartOf":{"@id":"https:\/\/www.variantinternational.com\/#website"},"primaryImageOfPage":{"@id":"https:\/\/www.variantinternational.com\/pl\/kontakt\/#primaryimage"},"image":{"@id":"https:\/\/www.variantinternational.com\/pl\/kontakt\/#primaryimage"},"thumbnailUrl":"http:\/\/www.variant.nl\/wp-content\/uploads\/2011\/08\/2010-Kelvinweg-7-foto-pand-1.jpg","datePublished":"2013-01-29T07:51:34+00:00","dateModified":"2020-10-19T06:08:25+00:00","breadcrumb":{"@id":"https:\/\/www.variantinternational.com\/pl\/kontakt\/#breadcrumb"},"inLanguage":"pl-PL","potentialAction":[{"@type":"ReadAction","target":["https:\/\/www.variantinternational.com\/pl\/kontakt\/"]}]},{"@type":"ImageObject","inLanguage":"pl-PL","@id":"https:\/\/www.variantinternational.com\/pl\/kontakt\/#primaryimage","url":"http:\/\/www.variant.nl\/wp-content\/uploads\/2011\/08\/2010-Kelvinweg-7-foto-pand-1.jpg","contentUrl":"http:\/\/www.variant.nl\/wp-content\/uploads\/2011\/08\/2010-Kelvinweg-7-foto-pand-1.jpg"},{"@type":"BreadcrumbList","@id":"https:\/\/www.variantinternational.com\/pl\/kontakt\/#breadcrumb","itemListElement":[{"@type":"ListItem","position":1,"name":"Home","item":"https:\/\/www.variantinternational.com\/pl\/"},{"@type":"ListItem","position":2,"name":"Kontakt"}]},{"@type":"WebSite","@id":"https:\/\/www.variantinternational.com\/#website","url":"https:\/\/www.variantinternational.com\/","name":"Variant International - Torby i akcesoria Vacuumcleaner","description":"Variant. Mocny w\u015br\u00f3d mocnych marek.","potentialAction":[{"@type":"SearchAction","target":{"@type":"EntryPoint","urlTemplate":"https:\/\/www.variantinternational.com\/?s={search_term_string}"},"query-input":{"@type":"PropertyValueSpecification","valueRequired":true,"valueName":"search_term_string"}}],"inLanguage":"pl-PL"}]}},"_links":{"self":[{"href":"https:\/\/www.variantinternational.com\/pl\/wp-json\/wp\/v2\/pages\/705","targetHints":{"allow":["GET"]}}],"collection":[{"href":"https:\/\/www.variantinternational.com\/pl\/wp-json\/wp\/v2\/pages"}],"about":[{"href":"https:\/\/www.variantinternational.com\/pl\/wp-json\/wp\/v2\/types\/page"}],"author":[{"embeddable":true,"href":"https:\/\/www.variantinternational.com\/pl\/wp-json\/wp\/v2\/users\/7"}],"replies":[{"embeddable":true,"href":"https:\/\/www.variantinternational.com\/pl\/wp-json\/wp\/v2\/comments?post=705"}],"version-history":[{"count":6,"href":"https:\/\/www.variantinternational.com\/pl\/wp-json\/wp\/v2\/pages\/705\/revisions"}],"predecessor-version":[{"id":1123,"href":"https:\/\/www.variantinternational.com\/pl\/wp-json\/wp\/v2\/pages\/705\/revisions\/1123"}],"wp:attachment":[{"href":"https:\/\/www.variantinternational.com\/pl\/wp-json\/wp\/v2\/media?parent=705"}],"curies":[{"name":"wp","href":"https:\/\/api.w.org\/{rel}","templated":true}]}}