{"id":713,"date":"2013-01-29T07:56:44","date_gmt":"2013-01-29T07:56:44","guid":{"rendered":"http:\/\/www.variantinternational.com\/?page_id=713"},"modified":"2013-01-29T07:56:44","modified_gmt":"2013-01-29T07:56:44","slug":"polityka-prywatnosci","status":"publish","type":"page","link":"https:\/\/www.variantinternational.com\/pl\/polityka-prywatnosci\/","title":{"rendered":"Polityka prywatno\u015bci"},"content":{"rendered":"<p>Variant Benelux B.V. zapewnia o ochronie danych osobowych swoich klient\u00f3w. Prosimy o podanie prawdziwych informacji, dzi\u0119ki kt\u00f3rym mo\u017cesz zosta\u0107 zidentyfikowany podczas korzystania z tej strony. Mo\u017cesz mie\u0107 pewno\u015b\u0107, \u017ce b\u0119d\u0105 one u\u017cywane zgodnie z nasz\u0105 polityk\u0105 prywatno\u015bci.<\/p>\n<p>Niniejsza polityka prywatno\u015bci zawiera wyja\u015bnienie, co dzieje si\u0119 z wszelkimi danymi osobowymi, kt\u00f3re nam dostarczasz, lub kt\u00f3re zbieramy od Ciebie.<\/p>\n<p>Mo\u017cemy zmieni\u0107 t\u0119 polityk\u0119 od czasu do czasu poprzez aktualizacj\u0119 strony. Nale\u017cy sprawdzi\u0107 t\u0119 stron\u0119 od czasu do czasu, aby upewni\u0107 si\u0119, \u017ce jeste\u015b zadowolony ze zmian. Ta zasada obowi\u0105zuje od sierpnia 2012 roku.<\/p>\n<h2>Zbierane informacje<\/h2>\n<ol>\n<li>Szczeg\u00f3\u0142y dotycz\u0105ce Twojej wizyty na naszej stronie internetowej oraz zasob\u00f3w, do kt\u00f3rych masz dost\u0119p, w\u0142\u0105czaj\u0105c, ale nie ograniczaj\u0105c do danych o ruchu, danych o lokalizacji, blogach i innych danych komunikacyjnych.<\/li>\n<li>Informacje dostarczone przez wype\u0142nianie formularzy na naszej stronie, takich jak podczas zapisu na nasz newsletter, czy zarejesrowania si\u0119 w celu uzyskania informacji lub dokonania zakupu.<\/li>\n<li>Informacje przekazane nam podczas komunikowania si\u0119 z nami z jakiegokolwiek powodu.<\/li>\n<\/ol>\n<h2>Korzystanie z plik\u00f3w cookie<\/h2>\n<p>Przy okazji, mo\u017cemy zbiera\u0107 informacje o Twoim komputerze dla naszych us\u0142ug i informacji statystycznych dotycz\u0105cych korzystania z naszej strony internetowej dla naszych reklamodawc\u00f3w. Informacje te nie b\u0119d\u0105 identyfikowa\u0142y u\u017cytkownika osobi\u015bcie. To dane statystyczne dotycz\u0105ce naszych go\u015bci i wykorzystania przez nich naszej witryny. Dane statystyczne w \u017caden spos\u00f3b nie identyfikuj\u0105 \u017cadnych danych osobowych.<\/p>\n<p>Podobnie jak powy\u017cej, mo\u017cemy zbiera\u0107 informacje na temat og\u00f3lnego korzystania z Internetu za pomoc\u0105 pliku cookie. Cookie to ma\u0142y plik, kt\u00f3ry prosi o pozwolenie zostania umieszczonym na dysku twardym Twojego komputera. Gdy si\u0119 zgodzisz, plik jest dodawany i pomaga analizowa\u0107 ruch sieciowy lub powiadamia, kiedy u\u017cytkownik odwiedza dan\u0105 witryn\u0119. Pliki cookie pozwalaj\u0105 aplikacjom internetowym reagowa\u0107 na Ciebie indywidualnie. Aplikacja internetowa mo\u017ce dostosowa\u0107 swoje dzia\u0142anie do Twoich potrzeb, upodoba\u0144 lub niech\u0119ci, poprzez zbieranie i zapami\u0119tywanie informacji dotycz\u0105cych Twoich preferencji.<\/p>\n<p>Wszystkie komputery maj\u0105 mo\u017cliwo\u015b\u0107 automatycznego akceptowania lub odrzucania plik\u00f3w cookie. Mo\u017cna to zrobi\u0107 poprzez uruchomienie ustawienia w przegl\u0105darce, kt\u00f3ra okre\u015bla, jak radzi\u0107 sobie z plikami cookie. Prosimy pami\u0119ta\u0107, \u017ce je\u015bli zdecydujesz si\u0119 odrzuci\u0107 pliki cookie, mo\u017cesz nie by\u0107 w stanie uzyska\u0107 dost\u0119pu do poszczeg\u00f3lnych cz\u0119\u015bci naszej strony internetowej.<\/p>\n<p>Nasi reklamodawcy mog\u0105 tak\u017ce wykorzystywa\u0107 pliki cookie, nad kt\u00f3rymi nie mamy kontroli. Takie pliki (je\u015bli s\u0105 stosowane) mog\u0105 by\u0107 pobrane po klikni\u0119ciu reklamy na naszej stronie internetowej.<\/p>\n<h2>U\u017cycie Twoich danych<\/h2>\n<p>Informacje, kt\u00f3re gromadzimy i przechowujemy w odniesieniu do Ciebie s\u0105 u\u017cywane przede wszystkim w celu umo\u017cliwienia nam \u015bwiadczenia naszych us\u0142ug dla Ciebie. Dodatkowo, mo\u017cemy wykorzysta\u0107 informacje do nast\u0119puj\u0105cych cel\u00f3w:<\/p>\n<ol>\n<li>Aby zapewni\u0107 Tobie wymagane od nas informacje, dotycz\u0105ce naszych produkt\u00f3w lub us\u0142ug. Dostarczy\u0107 informacji na temat innych produkt\u00f3w, kt\u00f3re jak uwa\u017camy, mog\u0105 by\u0107 dla Ciebie interesuj\u0105ce, je\u017celi wyrazi\u0142e\u015b zgod\u0119 na otrzymywanie takich informacji.<\/li>\n<li>Aby zrealizowa\u0107 nasze zobowi\u0105zania wobec Ciebie.<\/li>\n<li>Do powiadamiania o wszelkich zmianach na naszej stronie internetowej, takich jak ulepszenia lub zmiany us\u0142ugi \/ produktu, kt\u00f3re mog\u0105 wp\u0142ywa\u0107 na nasze us\u0142ugi.<\/li>\n<\/ol>\n<p>Je\u015bli jeste\u015b ju\u017c naszym klientem, mo\u017cemy skontaktowa\u0107 si\u0119 z Tob\u0105 w celu przekazania informacji na temat towar\u00f3w i us\u0142ug podobnych do tych, kt\u00f3re by\u0142y przedmiotem wcze\u015bniejszej sprzeda\u017cy dla Ciebie.<\/p>\n<h2>Przechowywanie Twoich danych osobowych<\/h2>\n<p>Dane, kt\u00f3re s\u0105 nam przekazane, s\u0105 przechowywane na naszych bezpiecznych serwerach. Szczeg\u00f3\u0142y dotycz\u0105ce wszystkich transakcji, zawartych na naszej stronie, b\u0119d\u0105 szyfrowane w celu zapewnienia im bezpiecze\u0144stwa.<\/p>\n<p>Przekazywanie informacji za po\u015brednictwem Internetu nie jest ca\u0142kowicie bezpieczne i dlatego nie mo\u017cemy zagwarantowa\u0107 bezpiecze\u0144stwa danych przesy\u0142anych do nas drog\u0105 elektroniczn\u0105, a zatem przekazywanie takich danych jest ca\u0142kowicie na w\u0142asne ryzyko. Je\u017celi otrzymasz (lub sam wybierzesz) has\u0142o, w celu uzyskania dost\u0119pu do niekt\u00f3rych cz\u0119\u015bci naszej strony, jeste\u015b odpowiedzialny za przechowywanie tego has\u0142a w tajemnicy.<\/p>\n<h2>Ujawnienie Twoich danych<\/h2>\n<p>W niekt\u00f3rych przypadkach, mo\u017cemy ujawni\u0107 Twoje dane osobowe ka\u017cdemu cz\u0142onkowi naszej grupy. Obejmuje to, w stosownych przypadkach, nasze sp\u00f3\u0142ki zale\u017cne, nasz\u0105 sp\u00f3\u0142k\u0119 holdingow\u0105 i jej inne jednostki zale\u017cne (je\u017celi takie wyst\u0119puj\u0105).<\/p>\n<p>Mo\u017cemy tak\u017ce ujawni\u0107 dane osobowe stronom trzecim:<\/p>\n<ol>\n<li>Je\u017celi sprzedamy cz\u0119\u015b\u0107 lub wszystkie nasze przedsi\u0119biorstwa i \/ lub nasze aktywa na rzecz osoby trzeciej.<\/li>\n<li>Je\u017celi jeste\u015bmy prawnie zobowi\u0105zani do ujawnienia informacji.<\/li>\n<li>Aby u\u0142atwi\u0107 ochron\u0119 przed oszustwami i minimalizacji ryzyka kredytowego.<\/li>\n<\/ol>\n<h2>Linki os\u00f3b trzecich<\/h2>\n<p>Na naszej stronie internetowej mo\u017cesz znale\u017a\u0107 linki do stron internetowych os\u00f3b trzecich. Strony te powinny mie\u0107 swoje w\u0142asne zasady ochrony prywatno\u015bci, kt\u00f3re nale\u017cy sprawdzi\u0107. Nie ponosimy zadnej odpowiedzialno\u015bci za ich polityki, gdy\u017c nie mamy nad nimi kontroli.<\/p>\n<h2>Dost\u0119p do informacji<\/h2>\n<p>Je\u017celi chcesz otrzymywa\u0107 informacje, kt\u00f3re posiadamy na Tw\u00f3j temat prosimy o kontakt, korzystaj\u0105c z danych kontaktowych poni\u017cej.<\/p>\n<h2>Kontakt z nami<\/h2>\n<p>B\u0119dziemy wdzi\u0119czni za wszelkie pytania, uwagi lub wnioski, kt\u00f3re mog\u0105 dotyczy\u0107 tej polityki prywatno\u015bci. Nie wahaj si\u0119 z nami skontaktowa\u0107 w <a href=\"mailto:info@variantinternational.com\">info@variantinternational.com<\/a>.<\/p>\n<h2>Twoja zgoda<\/h2>\n<p>Korzystaj\u0105c z tej witryny, u\u017cytkownik wyra\u017ca zgod\u0119 na zbieranie i wykorzystywanie informacji przedstawionych w powy\u017cszej dokumentacji. Je\u015bli zdecydujemy si\u0119 na zmian\u0119 naszej polityki prywatno\u015bci, zamie\u015bcimy te zmiany na tej stronie, tak, \u017ce zawsze b\u0119dziesz \u015bwiadomy jakie informacje zbieramy, w jaki spos\u00f3b je wykorzystujemy i w jakich okoliczno\u015bciach je ujawniamy.<\/p>\n","protected":false},"excerpt":{"rendered":"<p>Variant Benelux B.V. zapewnia o ochronie danych osobowych swoich klient\u00f3w. Prosimy o podanie prawdziwych informacji, dzi\u0119ki kt\u00f3rym mo\u017cesz zosta\u0107 zidentyfikowany podczas korzystania z tej strony. Mo\u017cesz mie\u0107 pewno\u015b\u0107, \u017ce b\u0119d\u0105 one u\u017cywane zgodnie z nasz\u0105 polityk\u0105 prywatno\u015bci. Niniejsza polityka prywatno\u015bci zawiera wyja\u015bnienie, co dzieje si\u0119 z wszelkimi danymi osobowymi, kt\u00f3re nam dostarczasz, lub kt\u00f3re zbieramy [&hellip;]<\/p>\n","protected":false},"author":7,"featured_media":0,"parent":0,"menu_order":0,"comment_status":"open","ping_status":"open","template":"","meta":{"ngg_post_thumbnail":0,"footnotes":""},"class_list":["post-713","page","type-page","status-publish","hentry"],"yoast_head":"<!-- This site is optimized with the Yoast SEO plugin v27.4 - https:\/\/yoast.com\/product\/yoast-seo-wordpress\/ -->\n<title>Polityka prywatno\u015bci - Variant International - Torby i akcesoria Vacuumcleaner<\/title>\n<meta name=\"robots\" content=\"index, follow, max-snippet:-1, max-image-preview:large, max-video-preview:-1\" \/>\n<link rel=\"canonical\" href=\"https:\/\/www.variantinternational.com\/pl\/polityka-prywatnosci\/\" \/>\n<meta property=\"og:locale\" content=\"pl_PL\" \/>\n<meta property=\"og:type\" content=\"article\" \/>\n<meta property=\"og:title\" content=\"Polityka prywatno\u015bci - Variant International - Torby i akcesoria Vacuumcleaner\" \/>\n<meta property=\"og:description\" content=\"Variant Benelux B.V. zapewnia o ochronie danych osobowych swoich klient\u00f3w. Prosimy o podanie prawdziwych informacji, dzi\u0119ki kt\u00f3rym mo\u017cesz zosta\u0107 zidentyfikowany podczas korzystania z tej strony. Mo\u017cesz mie\u0107 pewno\u015b\u0107, \u017ce b\u0119d\u0105 one u\u017cywane zgodnie z nasz\u0105 polityk\u0105 prywatno\u015bci. Niniejsza polityka prywatno\u015bci zawiera wyja\u015bnienie, co dzieje si\u0119 z wszelkimi danymi osobowymi, kt\u00f3re nam dostarczasz, lub kt\u00f3re zbieramy [&hellip;]\" \/>\n<meta property=\"og:url\" content=\"https:\/\/www.variantinternational.com\/pl\/polityka-prywatnosci\/\" \/>\n<meta property=\"og:site_name\" content=\"Variant International - Torby i akcesoria Vacuumcleaner\" \/>\n<meta name=\"twitter:label1\" content=\"Szacowany czas czytania\" \/>\n\t<meta name=\"twitter:data1\" content=\"5 minut\" \/>\n<script type=\"application\/ld+json\" class=\"yoast-schema-graph\">{\"@context\":\"https:\\\/\\\/schema.org\",\"@graph\":[{\"@type\":\"WebPage\",\"@id\":\"https:\\\/\\\/www.variantinternational.com\\\/pl\\\/polityka-prywatnosci\\\/\",\"url\":\"https:\\\/\\\/www.variantinternational.com\\\/pl\\\/polityka-prywatnosci\\\/\",\"name\":\"Polityka prywatno\u015bci - Variant International - Torby i akcesoria Vacuumcleaner\",\"isPartOf\":{\"@id\":\"https:\\\/\\\/www.variantinternational.com\\\/#website\"},\"datePublished\":\"2013-01-29T07:56:44+00:00\",\"breadcrumb\":{\"@id\":\"https:\\\/\\\/www.variantinternational.com\\\/pl\\\/polityka-prywatnosci\\\/#breadcrumb\"},\"inLanguage\":\"pl-PL\",\"potentialAction\":[{\"@type\":\"ReadAction\",\"target\":[\"https:\\\/\\\/www.variantinternational.com\\\/pl\\\/polityka-prywatnosci\\\/\"]}]},{\"@type\":\"BreadcrumbList\",\"@id\":\"https:\\\/\\\/www.variantinternational.com\\\/pl\\\/polityka-prywatnosci\\\/#breadcrumb\",\"itemListElement\":[{\"@type\":\"ListItem\",\"position\":1,\"name\":\"Home\",\"item\":\"https:\\\/\\\/www.variantinternational.com\\\/pl\\\/\"},{\"@type\":\"ListItem\",\"position\":2,\"name\":\"Polityka prywatno\u015bci\"}]},{\"@type\":\"WebSite\",\"@id\":\"https:\\\/\\\/www.variantinternational.com\\\/#website\",\"url\":\"https:\\\/\\\/www.variantinternational.com\\\/\",\"name\":\"Variant International - Torby i akcesoria Vacuumcleaner\",\"description\":\"Variant. Mocny w\u015br\u00f3d mocnych marek.\",\"potentialAction\":[{\"@type\":\"SearchAction\",\"target\":{\"@type\":\"EntryPoint\",\"urlTemplate\":\"https:\\\/\\\/www.variantinternational.com\\\/?s={search_term_string}\"},\"query-input\":{\"@type\":\"PropertyValueSpecification\",\"valueRequired\":true,\"valueName\":\"search_term_string\"}}],\"inLanguage\":\"pl-PL\"}]}<\/script>\n<!-- \/ Yoast SEO plugin. -->","yoast_head_json":{"title":"Polityka prywatno\u015bci - Variant International - Torby i akcesoria Vacuumcleaner","robots":{"index":"index","follow":"follow","max-snippet":"max-snippet:-1","max-image-preview":"max-image-preview:large","max-video-preview":"max-video-preview:-1"},"canonical":"https:\/\/www.variantinternational.com\/pl\/polityka-prywatnosci\/","og_locale":"pl_PL","og_type":"article","og_title":"Polityka prywatno\u015bci - Variant International - Torby i akcesoria Vacuumcleaner","og_description":"Variant Benelux B.V. zapewnia o ochronie danych osobowych swoich klient\u00f3w. Prosimy o podanie prawdziwych informacji, dzi\u0119ki kt\u00f3rym mo\u017cesz zosta\u0107 zidentyfikowany podczas korzystania z tej strony. Mo\u017cesz mie\u0107 pewno\u015b\u0107, \u017ce b\u0119d\u0105 one u\u017cywane zgodnie z nasz\u0105 polityk\u0105 prywatno\u015bci. Niniejsza polityka prywatno\u015bci zawiera wyja\u015bnienie, co dzieje si\u0119 z wszelkimi danymi osobowymi, kt\u00f3re nam dostarczasz, lub kt\u00f3re zbieramy [&hellip;]","og_url":"https:\/\/www.variantinternational.com\/pl\/polityka-prywatnosci\/","og_site_name":"Variant International - Torby i akcesoria Vacuumcleaner","twitter_misc":{"Szacowany czas czytania":"5 minut"},"schema":{"@context":"https:\/\/schema.org","@graph":[{"@type":"WebPage","@id":"https:\/\/www.variantinternational.com\/pl\/polityka-prywatnosci\/","url":"https:\/\/www.variantinternational.com\/pl\/polityka-prywatnosci\/","name":"Polityka prywatno\u015bci - Variant International - Torby i akcesoria Vacuumcleaner","isPartOf":{"@id":"https:\/\/www.variantinternational.com\/#website"},"datePublished":"2013-01-29T07:56:44+00:00","breadcrumb":{"@id":"https:\/\/www.variantinternational.com\/pl\/polityka-prywatnosci\/#breadcrumb"},"inLanguage":"pl-PL","potentialAction":[{"@type":"ReadAction","target":["https:\/\/www.variantinternational.com\/pl\/polityka-prywatnosci\/"]}]},{"@type":"BreadcrumbList","@id":"https:\/\/www.variantinternational.com\/pl\/polityka-prywatnosci\/#breadcrumb","itemListElement":[{"@type":"ListItem","position":1,"name":"Home","item":"https:\/\/www.variantinternational.com\/pl\/"},{"@type":"ListItem","position":2,"name":"Polityka prywatno\u015bci"}]},{"@type":"WebSite","@id":"https:\/\/www.variantinternational.com\/#website","url":"https:\/\/www.variantinternational.com\/","name":"Variant International - Torby i akcesoria Vacuumcleaner","description":"Variant. Mocny w\u015br\u00f3d mocnych marek.","potentialAction":[{"@type":"SearchAction","target":{"@type":"EntryPoint","urlTemplate":"https:\/\/www.variantinternational.com\/?s={search_term_string}"},"query-input":{"@type":"PropertyValueSpecification","valueRequired":true,"valueName":"search_term_string"}}],"inLanguage":"pl-PL"}]}},"_links":{"self":[{"href":"https:\/\/www.variantinternational.com\/pl\/wp-json\/wp\/v2\/pages\/713","targetHints":{"allow":["GET"]}}],"collection":[{"href":"https:\/\/www.variantinternational.com\/pl\/wp-json\/wp\/v2\/pages"}],"about":[{"href":"https:\/\/www.variantinternational.com\/pl\/wp-json\/wp\/v2\/types\/page"}],"author":[{"embeddable":true,"href":"https:\/\/www.variantinternational.com\/pl\/wp-json\/wp\/v2\/users\/7"}],"replies":[{"embeddable":true,"href":"https:\/\/www.variantinternational.com\/pl\/wp-json\/wp\/v2\/comments?post=713"}],"version-history":[{"count":2,"href":"https:\/\/www.variantinternational.com\/pl\/wp-json\/wp\/v2\/pages\/713\/revisions"}],"predecessor-version":[{"id":715,"href":"https:\/\/www.variantinternational.com\/pl\/wp-json\/wp\/v2\/pages\/713\/revisions\/715"}],"wp:attachment":[{"href":"https:\/\/www.variantinternational.com\/pl\/wp-json\/wp\/v2\/media?parent=713"}],"curies":[{"name":"wp","href":"https:\/\/api.w.org\/{rel}","templated":true}]}}