{"id":721,"date":"2013-01-29T08:02:59","date_gmt":"2013-01-29T08:02:59","guid":{"rendered":"http:\/\/www.variantinternational.com\/?page_id=721"},"modified":"2016-11-03T11:32:06","modified_gmt":"2016-11-03T10:32:06","slug":"nasze-marki","status":"publish","type":"page","link":"https:\/\/www.variantinternational.com\/pl\/nasze-marki\/","title":{"rendered":"Nasze marki"},"content":{"rendered":"<div class=\"inner-row rf-section\"><div class=\"tencol  \">\n<h2>Nasze worki i akcesoria do odkurzaczy<\/h2>\n<p>Z niestandardowych form wykonanych z tworzyw sztucznych oraz dzi\u0119ki w\u0142asnej fabryce w Chinach, Variant jest w stanie wytwarza\u0107 szeroki zakres produkt\u00f3w o niezr\u00f3wnanej jako\u015bci. Produkty obejmuj\u0105:<\/p>\n<ul>\n<li>worki do odkurzaczy domowych \/ komercyjnych<\/li>\n<li>przemys\u0142owe worki do odkurzaczy<\/li>\n<li>w\u0119\u017ce do domowych odkurzaczy (r\u00f3wnie\u017c rynek sprzeda\u017cy cz\u0119\u015bci zapasowych i akcesori\u00f3w)<\/li>\n<li>w\u0119\u017ce do zastosowa\u0144 przemys\u0142owych<\/li>\n<li>ssawki i szczotki<\/li>\n<li>r\u0105czki<\/li>\n<li>z\u0142\u0105czki<\/li>\n<li>Rury, tak\u017ce teleskopowe. Z PCV, stali nierdzewnej, aluminium<\/li>\n<li>system odkurzacza centralnego<\/li>\n<\/ul>\n<p><a href=\"http:\/\/shop.variantinternational.com\" target=\"_blank\" style=\";;;;;\n\t\t-moz-border-radius: 3px;\n\t\t-webkit-border-radius: 3px;\n\t\t-ie-border-radius: 3px;\n\t\t-o-border-radius: 3px;\n\t\tborder-radius: 3px; \n\t\" class=\"button-inner arrowed green overlay\">Przejrzyj kompletny katalog<\/a><\/p>\n<p>Obok naszej w\u0142asnej linii produkt\u00f3w, wybrali\u015bmy niekt\u00f3re z wiod\u0105cych na \u015bwiecie wyspecjalizowanych marek, aby zapewni\u0107 jeszcze silniejszy zestaw produkt\u00f3w.<\/p>\n<\/div>\n<div class=\"twocol last \">\n<\/div><\/div>\n<div class=\"line\"><\/div>\n<div class=\"inner-row rf-section\"><div class=\"sixcol  \">\n<h3><a name=\"plastiflex\"><\/a>Plastiflex<\/h3>\n<p><img loading=\"lazy\" decoding=\"async\" class=\"alignnone size-full wp-image-417\" title=\"logo_plastiflex\" src=\"http:\/\/www.variantinternational.com\/wp-content\/uploads\/2012\/08\/logo_plastiflex.jpg\" alt=\"\" width=\"320\" height=\"110\" srcset=\"https:\/\/www.variantinternational.com\/wp-content\/uploads\/2012\/08\/logo_plastiflex.jpg 320w, https:\/\/www.variantinternational.com\/wp-content\/uploads\/2012\/08\/logo_plastiflex-300x103.jpg 300w\" sizes=\"auto, (max-width: 320px) 100vw, 320px\" \/><\/p>\n<p>Plastiflex jest \u015bwiatowym liderem w ulepszaniu i tworzeniu systemowych zastosowa\u0144 dla w\u0119\u017cy elastycznych przez wzgl\u0105d na szeroki\u0105 gam\u0119 wykorzystywania, od opieki zdrowotnej, poprzez stosowaniu przy basenie, do u\u017cycia w przemy\u015ble, czy do piel\u0119gnacji pod\u0142ogi.<\/p>\n<p>Wariant zapewnia szeroki zakres produkt\u00f3w firmy Plastiflex. Przejrzyj <a href=\"http:\/\/catalog.variantinternational.com\/categories\/55-hoses-plastiflex\/products\" target=\"_blank\">katalog online<\/a>, aby to wszystko zobaczy\u0107.<\/p>\n<p><a title=\"Odwied\u017a stron\u0119 internetow\u0105 firmy Plastiflex \" href=\"http:\/\/www.plastiflex-industrial-hoses.com\/\" target=\"_blank\">Odwied\u017a stron\u0119 internetow\u0105 firmy Plastiflex<\/a><\/p>\n<div class=\"line\"><\/div>\n<\/div>\n<div class=\"sixcol last \">\n<h3><a name=\"wesselwerk\"><\/a>Wessel\u2219Werk<\/h3>\n<p><img loading=\"lazy\" decoding=\"async\" class=\"alignnone size-full wp-image-419\" title=\"logo_wessel-werk\" src=\"http:\/\/www.variantinternational.com\/wp-content\/uploads\/2012\/08\/logo_wessel-werk.jpg\" alt=\"\" width=\"320\" height=\"110\" srcset=\"https:\/\/www.variantinternational.com\/wp-content\/uploads\/2012\/08\/logo_wessel-werk.jpg 320w, https:\/\/www.variantinternational.com\/wp-content\/uploads\/2012\/08\/logo_wessel-werk-300x103.jpg 300w\" sizes=\"auto, (max-width: 320px) 100vw, 320px\" \/><\/p>\n<p>Dzi\u015b, Wessel\u2219Werk GmbH jest wiod\u0105cym na \u015bwiecie producentem odkurzaczy, ssawek i akcesori\u00f3w do odkurzaczy. Innowacja i wysoka jako\u015b\u0107 s\u0105 tym, co okre\u015bla t\u0119 mark\u0119.<\/p>\n<p>Variant mo\u017ce dostarczy\u0107 tobie ich komercyjne i przemys\u0142owe <a href=\"http:\/\/catalog.variantinternational.com\/categories\/66-nozzles-brushes-wessel-werk\/products\" target=\"_blank\">ssawki i szczotki<\/a>.<\/p>\n<p><a title=\"Odwied\u017a stron\u0119 internetow\u0105 firmy Wessel\u2219Werk\" href=\"http:\/\/www.wessel-werk.com\" target=\"_blank\">Odwied\u017a stron\u0119 internetow\u0105 firmy Wessel\u2219Werk<\/a><\/p>\n<div class=\"line\"><\/div>\n<\/div><\/div>\n<div class=\"inner-row rf-section\"><div class=\"sixcol  \">\n<h3><a name=\"centralvac\"><\/a>Central VAC<\/h3>\n<p><img loading=\"lazy\" decoding=\"async\" class=\"alignnone size-full wp-image-417\" title=\"logo_plastiflex\" src=\"http:\/\/www.variantinternational.com\/wp-content\/uploads\/2012\/08\/logo_plastiflex.jpg\" alt=\"\" width=\"320\" height=\"110\" srcset=\"https:\/\/www.variantinternational.com\/wp-content\/uploads\/2012\/08\/logo_plastiflex.jpg 320w, https:\/\/www.variantinternational.com\/wp-content\/uploads\/2012\/08\/logo_plastiflex-300x103.jpg 300w\" sizes=\"auto, (max-width: 320px) 100vw, 320px\" \/><\/p>\n<p>Variant mo\u017ce dostarczy\u0107 wszystkie rodzaje rur, po\u0142\u0105cze\u0144 i materia\u0142\u00f3w wylotowych. Zobacz dzia\u0142 <a href=\"http:\/\/catalog.variantinternational.com\/categories\/63-central-vac-plastiflex\/products\" target=\"_blank\">katalogu CentralVac<\/a>, aby uzyska\u0107 wi\u0119cej szczeg\u00f3\u0142\u00f3w.<\/p>\n<p><a title=\"Odwied\u017a stron\u0119 internetow\u0105 firmy CentralVac\" href=\"http:\/\/cvac.plastiflex.com\/\" target=\"_blank\">Odwied\u017a stron\u0119 internetow\u0105 firmy CentralVac<\/a><\/p>\n<div class=\"line\"><\/div>\n<\/div>\n<div class=\"sixcol last \">\n<h3><a name=\"privatelabel\"><\/a>Tw\u00f3j w\u0142asny znak firmowy<\/h3>\n<p><img loading=\"lazy\" decoding=\"async\" class=\"alignnone size-full wp-image-459\" title=\"threeMIboxes\" src=\"http:\/\/www.variantinternational.com\/wp-content\/uploads\/2012\/08\/threeMIboxes.jpg\" alt=\"\" width=\"320\" height=\"110\" srcset=\"https:\/\/www.variantinternational.com\/wp-content\/uploads\/2012\/08\/threeMIboxes.jpg 320w, https:\/\/www.variantinternational.com\/wp-content\/uploads\/2012\/08\/threeMIboxes-300x103.jpg 300w\" sizes=\"auto, (max-width: 320px) 100vw, 320px\" \/><\/p>\n<p>Mo\u017cliwo\u015bci przedstawienia w\u0142asnego znaku firmowego s\u0105 nieograniczone. Je\u017celi jeste\u015b detalit\u0105 lub posiadasz sklep firmowy, mo\u017cesz dostarczy\u0107 nam w\u0142asne wzory opakowa\u0144, kt\u00f3re b\u0119d\u0105 produkowane i dostarczane Tobie bezpo\u015brednio z naszej fabryki.<\/p>\n<p>Mo\u017cemy r\u00f3wnie\u017c dostarczy\u0107 pe\u0142n\u0105 gam\u0119 rozwi\u0105za\u0144, ze znakiem firmowym firmy Variant lub Twoim w\u0142asnym.<\/p>\n<p><a title=\"Contact\" href=\"https:\/\/www.variantinternational.com\/pl\/kontakt\">Aby uzyska\u0107 wi\u0119cej informacji, skontaktuj si\u0119 z dzia\u0142em sprzeda\u017cy<\/a>.<\/p>\n<div class=\"line\"><\/div>\n<\/div><\/div>\n","protected":false},"excerpt":{"rendered":"<p>Cztery wysokiej jako\u015bci marki.<\/p>\n","protected":false},"author":7,"featured_media":0,"parent":0,"menu_order":0,"comment_status":"open","ping_status":"open","template":"","meta":{"ngg_post_thumbnail":0,"footnotes":""},"class_list":["post-721","page","type-page","status-publish","hentry"],"yoast_head":"<!-- This site is optimized with the Yoast SEO plugin v27.5 - https:\/\/yoast.com\/product\/yoast-seo-wordpress\/ -->\n<title>Nasze marki - Variant International - Torby i akcesoria Vacuumcleaner<\/title>\n<meta name=\"robots\" content=\"index, follow, max-snippet:-1, max-image-preview:large, max-video-preview:-1\" \/>\n<link rel=\"canonical\" href=\"https:\/\/www.variantinternational.com\/pl\/nasze-marki\/\" \/>\n<meta property=\"og:locale\" content=\"pl_PL\" \/>\n<meta property=\"og:type\" content=\"article\" \/>\n<meta property=\"og:title\" content=\"Nasze marki - Variant International - Torby i akcesoria Vacuumcleaner\" \/>\n<meta property=\"og:description\" content=\"Cztery wysokiej jako\u015bci marki.\" \/>\n<meta property=\"og:url\" content=\"https:\/\/www.variantinternational.com\/pl\/nasze-marki\/\" \/>\n<meta property=\"og:site_name\" content=\"Variant International - Torby i akcesoria Vacuumcleaner\" \/>\n<meta property=\"article:modified_time\" content=\"2016-11-03T10:32:06+00:00\" \/>\n<meta property=\"og:image\" content=\"http:\/\/www.variantinternational.com\/wp-content\/uploads\/2012\/08\/logo_plastiflex.jpg\" \/>\n<meta name=\"twitter:label1\" content=\"Szacowany czas czytania\" \/>\n\t<meta name=\"twitter:data1\" content=\"2 minuty\" \/>\n<script type=\"application\/ld+json\" class=\"yoast-schema-graph\">{\"@context\":\"https:\\\/\\\/schema.org\",\"@graph\":[{\"@type\":\"WebPage\",\"@id\":\"https:\\\/\\\/www.variantinternational.com\\\/pl\\\/nasze-marki\\\/\",\"url\":\"https:\\\/\\\/www.variantinternational.com\\\/pl\\\/nasze-marki\\\/\",\"name\":\"Nasze marki - Variant International - Torby i akcesoria Vacuumcleaner\",\"isPartOf\":{\"@id\":\"https:\\\/\\\/www.variantinternational.com\\\/#website\"},\"primaryImageOfPage\":{\"@id\":\"https:\\\/\\\/www.variantinternational.com\\\/pl\\\/nasze-marki\\\/#primaryimage\"},\"image\":{\"@id\":\"https:\\\/\\\/www.variantinternational.com\\\/pl\\\/nasze-marki\\\/#primaryimage\"},\"thumbnailUrl\":\"http:\\\/\\\/www.variantinternational.com\\\/wp-content\\\/uploads\\\/2012\\\/08\\\/logo_plastiflex.jpg\",\"datePublished\":\"2013-01-29T08:02:59+00:00\",\"dateModified\":\"2016-11-03T10:32:06+00:00\",\"breadcrumb\":{\"@id\":\"https:\\\/\\\/www.variantinternational.com\\\/pl\\\/nasze-marki\\\/#breadcrumb\"},\"inLanguage\":\"pl-PL\",\"potentialAction\":[{\"@type\":\"ReadAction\",\"target\":[\"https:\\\/\\\/www.variantinternational.com\\\/pl\\\/nasze-marki\\\/\"]}]},{\"@type\":\"ImageObject\",\"inLanguage\":\"pl-PL\",\"@id\":\"https:\\\/\\\/www.variantinternational.com\\\/pl\\\/nasze-marki\\\/#primaryimage\",\"url\":\"http:\\\/\\\/www.variantinternational.com\\\/wp-content\\\/uploads\\\/2012\\\/08\\\/logo_plastiflex.jpg\",\"contentUrl\":\"http:\\\/\\\/www.variantinternational.com\\\/wp-content\\\/uploads\\\/2012\\\/08\\\/logo_plastiflex.jpg\"},{\"@type\":\"BreadcrumbList\",\"@id\":\"https:\\\/\\\/www.variantinternational.com\\\/pl\\\/nasze-marki\\\/#breadcrumb\",\"itemListElement\":[{\"@type\":\"ListItem\",\"position\":1,\"name\":\"Home\",\"item\":\"https:\\\/\\\/www.variantinternational.com\\\/pl\\\/\"},{\"@type\":\"ListItem\",\"position\":2,\"name\":\"Nasze marki\"}]},{\"@type\":\"WebSite\",\"@id\":\"https:\\\/\\\/www.variantinternational.com\\\/#website\",\"url\":\"https:\\\/\\\/www.variantinternational.com\\\/\",\"name\":\"Variant International - Torby i akcesoria Vacuumcleaner\",\"description\":\"Variant. Mocny w\u015br\u00f3d mocnych marek.\",\"potentialAction\":[{\"@type\":\"SearchAction\",\"target\":{\"@type\":\"EntryPoint\",\"urlTemplate\":\"https:\\\/\\\/www.variantinternational.com\\\/?s={search_term_string}\"},\"query-input\":{\"@type\":\"PropertyValueSpecification\",\"valueRequired\":true,\"valueName\":\"search_term_string\"}}],\"inLanguage\":\"pl-PL\"}]}<\/script>\n<!-- \/ Yoast SEO plugin. -->","yoast_head_json":{"title":"Nasze marki - Variant International - Torby i akcesoria Vacuumcleaner","robots":{"index":"index","follow":"follow","max-snippet":"max-snippet:-1","max-image-preview":"max-image-preview:large","max-video-preview":"max-video-preview:-1"},"canonical":"https:\/\/www.variantinternational.com\/pl\/nasze-marki\/","og_locale":"pl_PL","og_type":"article","og_title":"Nasze marki - Variant International - Torby i akcesoria Vacuumcleaner","og_description":"Cztery wysokiej jako\u015bci marki.","og_url":"https:\/\/www.variantinternational.com\/pl\/nasze-marki\/","og_site_name":"Variant International - Torby i akcesoria Vacuumcleaner","article_modified_time":"2016-11-03T10:32:06+00:00","og_image":[{"url":"http:\/\/www.variantinternational.com\/wp-content\/uploads\/2012\/08\/logo_plastiflex.jpg","type":"","width":"","height":""}],"twitter_misc":{"Szacowany czas czytania":"2 minuty"},"schema":{"@context":"https:\/\/schema.org","@graph":[{"@type":"WebPage","@id":"https:\/\/www.variantinternational.com\/pl\/nasze-marki\/","url":"https:\/\/www.variantinternational.com\/pl\/nasze-marki\/","name":"Nasze marki - Variant International - Torby i akcesoria Vacuumcleaner","isPartOf":{"@id":"https:\/\/www.variantinternational.com\/#website"},"primaryImageOfPage":{"@id":"https:\/\/www.variantinternational.com\/pl\/nasze-marki\/#primaryimage"},"image":{"@id":"https:\/\/www.variantinternational.com\/pl\/nasze-marki\/#primaryimage"},"thumbnailUrl":"http:\/\/www.variantinternational.com\/wp-content\/uploads\/2012\/08\/logo_plastiflex.jpg","datePublished":"2013-01-29T08:02:59+00:00","dateModified":"2016-11-03T10:32:06+00:00","breadcrumb":{"@id":"https:\/\/www.variantinternational.com\/pl\/nasze-marki\/#breadcrumb"},"inLanguage":"pl-PL","potentialAction":[{"@type":"ReadAction","target":["https:\/\/www.variantinternational.com\/pl\/nasze-marki\/"]}]},{"@type":"ImageObject","inLanguage":"pl-PL","@id":"https:\/\/www.variantinternational.com\/pl\/nasze-marki\/#primaryimage","url":"http:\/\/www.variantinternational.com\/wp-content\/uploads\/2012\/08\/logo_plastiflex.jpg","contentUrl":"http:\/\/www.variantinternational.com\/wp-content\/uploads\/2012\/08\/logo_plastiflex.jpg"},{"@type":"BreadcrumbList","@id":"https:\/\/www.variantinternational.com\/pl\/nasze-marki\/#breadcrumb","itemListElement":[{"@type":"ListItem","position":1,"name":"Home","item":"https:\/\/www.variantinternational.com\/pl\/"},{"@type":"ListItem","position":2,"name":"Nasze marki"}]},{"@type":"WebSite","@id":"https:\/\/www.variantinternational.com\/#website","url":"https:\/\/www.variantinternational.com\/","name":"Variant International - Torby i akcesoria Vacuumcleaner","description":"Variant. Mocny w\u015br\u00f3d mocnych marek.","potentialAction":[{"@type":"SearchAction","target":{"@type":"EntryPoint","urlTemplate":"https:\/\/www.variantinternational.com\/?s={search_term_string}"},"query-input":{"@type":"PropertyValueSpecification","valueRequired":true,"valueName":"search_term_string"}}],"inLanguage":"pl-PL"}]}},"_links":{"self":[{"href":"https:\/\/www.variantinternational.com\/pl\/wp-json\/wp\/v2\/pages\/721","targetHints":{"allow":["GET"]}}],"collection":[{"href":"https:\/\/www.variantinternational.com\/pl\/wp-json\/wp\/v2\/pages"}],"about":[{"href":"https:\/\/www.variantinternational.com\/pl\/wp-json\/wp\/v2\/types\/page"}],"author":[{"embeddable":true,"href":"https:\/\/www.variantinternational.com\/pl\/wp-json\/wp\/v2\/users\/7"}],"replies":[{"embeddable":true,"href":"https:\/\/www.variantinternational.com\/pl\/wp-json\/wp\/v2\/comments?post=721"}],"version-history":[{"count":6,"href":"https:\/\/www.variantinternational.com\/pl\/wp-json\/wp\/v2\/pages\/721\/revisions"}],"predecessor-version":[{"id":1100,"href":"https:\/\/www.variantinternational.com\/pl\/wp-json\/wp\/v2\/pages\/721\/revisions\/1100"}],"wp:attachment":[{"href":"https:\/\/www.variantinternational.com\/pl\/wp-json\/wp\/v2\/media?parent=721"}],"curies":[{"name":"wp","href":"https:\/\/api.w.org\/{rel}","templated":true}]}}