{"id":725,"date":"2013-01-29T08:07:45","date_gmt":"2013-01-29T08:07:45","guid":{"rendered":"http:\/\/www.variantinternational.com\/?page_id=725"},"modified":"2020-03-25T07:07:10","modified_gmt":"2020-03-25T06:07:10","slug":"strona-glowna","status":"publish","type":"page","link":"https:\/\/www.variantinternational.com\/pl\/","title":{"rendered":"Strona g\u0142\u00f3wna"},"content":{"rendered":"<div class=\"inner-row rf-section\"><div class=\"sixcol  \">\n<h3>Nowa strona, ta sama us\u0142uga<\/h3>\n<p>Jako jeden z najwi\u0119kszych europejskich producent\u00f3w work\u00f3w i akcesori\u00f3w do odkurzaczy, ca\u0142y czas dostosowywujemy si\u0119 do ci\u0105gle zmieniaj\u0105cego si\u0119 rynku. Jedn\u0105 z tych zmian jest nowa strona internetowa do lepszego spe\u0142niania twoich potrzeb. Nasza wizja pozostaje jednak ta sama: najwa\u017cniejszy dla nas jest klient.<\/p>\n<p><a title=\"About Variant\" href=\"https:\/\/www.variantinternational.com\/pl\/o-nas\">Czytaj wi\u0119cej o nas<\/a><\/p>\n<div class=\"line\"><\/div>\n<\/div>\n<div class=\"sixcol last \">\n<h3>Bezp\u0142atny katalog online<\/h3>\n<p>Odkryj ca\u0142y asortyment przegl\u0105daj\u0105c online katalog produkt\u00f3w. Variant r\u00f3wnie\u017c dostarcza opakowania z Twoim w\u0142asnym znakiem firmowym, koncepcj\u0119 takiego opakowania, jak r\u00f3wnie\u017c bia\u0142e opakowania bez etykiety. Skontaktuj si\u0119 z nami z jakimikolwiek pytaniami lub z ch\u0119ci\u0105 z\u0142o\u017cenia wniosku o utworzenie konta klienta.<\/p>\n<p><a class=\"button-inner arrowed green overlay\" style=\";;;;; -moz-border-radius: 3px; -webkit-border-radius: 3px; -ie-border-radius: 3px; -o-border-radius: 3px; border-radius: 3px;\" title=\"Odwied\u017a katalog online\" href=\"http:\/\/shop.variantinternational.com\" target=\"_blank\" rel=\"noopener noreferrer\">Odwied\u017a katalog online<\/a><\/p>\n<div class=\"line\"><\/div>\n<\/div><\/div>\n<div class=\"inner-row rf-section\"><div class=\"sixcol  \">\n<h3>Znajd\u017a odpowiedni worek do ka\u017cdej marki.<\/h3>\n<p><a href=\"http:\/\/www.variantinternational.com\/searchengine\" target=\"_blank\" rel=\"noopener noreferrer\"><img loading=\"lazy\" decoding=\"async\" class=\"alignnone size-full wp-image-459\" title=\"Otw\u00f3rz wyszukiwark\u0119\" src=\"http:\/\/www.variantinternational.com\/wp-content\/uploads\/2012\/08\/threeMIboxes.jpg\" alt=\"Otw\u00f3rz wyszukiwark\u0119\" width=\"320\" height=\"110\" srcset=\"https:\/\/www.variantinternational.com\/wp-content\/uploads\/2012\/08\/threeMIboxes.jpg 320w, https:\/\/www.variantinternational.com\/wp-content\/uploads\/2012\/08\/threeMIboxes-300x103.jpg 300w\" sizes=\"auto, (max-width: 320px) 100vw, 320px\" \/><\/a><\/p>\n<p>Skorzystaj z naszej por\u0119cznej wyszukiwarki, aby znale\u017a\u0107 odpowiedni model worka. Wybierz mark\u0119 i typ odkurzacza, aby zobaczy\u0107, kt\u00f3ry z naszych work\u00f3w idealnie do niego pasuje.<\/p>\n<p><a title=\"Otw\u00f3rz wyszukiwark\u0119\" href=\"http:\/\/variantinternational.com\/searchengine\" target=\"_blank\" rel=\"noopener noreferrer\">Otw\u00f3rz wyszukiwark\u0119<\/a><\/p>\n<div class=\"line\"><\/div>\n<\/div>\n<div class=\"sixcol last \">\n<h3>Najnowsze oferty pracy<\/h3>\n<p><img loading=\"lazy\" decoding=\"async\" class=\"alignnone size-full wp-image-852\" title=\"Job offering\" src=\"http:\/\/www.variantinternational.com\/wp-content\/uploads\/2013\/02\/foto_bewerkt.jpg\" alt=\"image of warehouse\" width=\"320\" height=\"110\" srcset=\"https:\/\/www.variantinternational.com\/wp-content\/uploads\/2013\/02\/foto_bewerkt.jpg 320w, https:\/\/www.variantinternational.com\/wp-content\/uploads\/2013\/02\/foto_bewerkt-300x103.jpg 300w\" sizes=\"auto, (max-width: 320px) 100vw, 320px\" \/><\/p>\n<div class=\"text-wrap tlid-copy-target\">\n<div class=\"result-shield-container tlid-copy-target\" tabindex=\"0\"><span class=\"tlid-translation translation\" lang=\"pl\"><span class=\"\" title=\"\">Brak wolnych miejsc.<\/span><\/span><\/div>\n<\/div>\n<div class=\"line\"><\/div>\n<\/div><\/div>\n<p>&nbsp;<\/p>\n","protected":false},"excerpt":{"rendered":"<p><span class=\"main-title\">Variant. Mocny w\u015br\u00f3d mocnych marek.<\/span><br \/>\n<span class=\"sub-title\"><a href=\"\/pl\/o-nas\">Odkryj mo\u017cliwo\u015bci.<\/a><\/span><\/p>\n","protected":false},"author":7,"featured_media":0,"parent":0,"menu_order":0,"comment_status":"open","ping_status":"open","template":"","meta":{"ngg_post_thumbnail":0,"footnotes":""},"class_list":["post-725","page","type-page","status-publish","hentry"],"yoast_head":"<!-- This site is optimized with the Yoast SEO plugin v27.4 - https:\/\/yoast.com\/product\/yoast-seo-wordpress\/ -->\n<title>Variant International \u2022 Torby i akcesoria Vacuumcleaner<\/title>\n<meta name=\"robots\" content=\"index, follow, max-snippet:-1, max-image-preview:large, max-video-preview:-1\" \/>\n<link rel=\"canonical\" href=\"https:\/\/www.variantinternational.com\/pl\/\" \/>\n<meta property=\"og:locale\" content=\"pl_PL\" \/>\n<meta property=\"og:type\" content=\"article\" \/>\n<meta property=\"og:title\" content=\"Variant International \u2022 Torby i akcesoria Vacuumcleaner\" \/>\n<meta property=\"og:description\" content=\"Variant. Mocny w\u015br\u00f3d mocnych marek. Odkryj mo\u017cliwo\u015bci.\" \/>\n<meta property=\"og:url\" content=\"https:\/\/www.variantinternational.com\/pl\/\" \/>\n<meta property=\"og:site_name\" content=\"Variant International - Torby i akcesoria Vacuumcleaner\" \/>\n<meta property=\"article:modified_time\" content=\"2020-03-25T06:07:10+00:00\" \/>\n<meta property=\"og:image\" content=\"http:\/\/www.variantinternational.com\/wp-content\/uploads\/2012\/08\/threeMIboxes.jpg\" \/>\n<meta name=\"twitter:label1\" content=\"Szacowany czas czytania\" \/>\n\t<meta name=\"twitter:data1\" content=\"1 minuta\" \/>\n<script type=\"application\/ld+json\" class=\"yoast-schema-graph\">{\"@context\":\"https:\\\/\\\/schema.org\",\"@graph\":[{\"@type\":\"WebPage\",\"@id\":\"https:\\\/\\\/www.variantinternational.com\\\/pl\\\/\",\"url\":\"https:\\\/\\\/www.variantinternational.com\\\/pl\\\/\",\"name\":\"Variant International \u2022 Torby i akcesoria Vacuumcleaner\",\"isPartOf\":{\"@id\":\"https:\\\/\\\/www.variantinternational.com\\\/#website\"},\"primaryImageOfPage\":{\"@id\":\"https:\\\/\\\/www.variantinternational.com\\\/pl\\\/#primaryimage\"},\"image\":{\"@id\":\"https:\\\/\\\/www.variantinternational.com\\\/pl\\\/#primaryimage\"},\"thumbnailUrl\":\"http:\\\/\\\/www.variantinternational.com\\\/wp-content\\\/uploads\\\/2012\\\/08\\\/threeMIboxes.jpg\",\"datePublished\":\"2013-01-29T08:07:45+00:00\",\"dateModified\":\"2020-03-25T06:07:10+00:00\",\"breadcrumb\":{\"@id\":\"https:\\\/\\\/www.variantinternational.com\\\/pl\\\/#breadcrumb\"},\"inLanguage\":\"pl-PL\",\"potentialAction\":[{\"@type\":\"ReadAction\",\"target\":[\"https:\\\/\\\/www.variantinternational.com\\\/pl\\\/\"]}]},{\"@type\":\"ImageObject\",\"inLanguage\":\"pl-PL\",\"@id\":\"https:\\\/\\\/www.variantinternational.com\\\/pl\\\/#primaryimage\",\"url\":\"http:\\\/\\\/www.variantinternational.com\\\/wp-content\\\/uploads\\\/2012\\\/08\\\/threeMIboxes.jpg\",\"contentUrl\":\"http:\\\/\\\/www.variantinternational.com\\\/wp-content\\\/uploads\\\/2012\\\/08\\\/threeMIboxes.jpg\"},{\"@type\":\"BreadcrumbList\",\"@id\":\"https:\\\/\\\/www.variantinternational.com\\\/pl\\\/#breadcrumb\",\"itemListElement\":[{\"@type\":\"ListItem\",\"position\":1,\"name\":\"Home\",\"item\":\"https:\\\/\\\/www.variantinternational.com\\\/pl\\\/\"},{\"@type\":\"ListItem\",\"position\":2,\"name\":\"Strona g\u0142\u00f3wna\"}]},{\"@type\":\"WebSite\",\"@id\":\"https:\\\/\\\/www.variantinternational.com\\\/#website\",\"url\":\"https:\\\/\\\/www.variantinternational.com\\\/\",\"name\":\"Variant International - Torby i akcesoria Vacuumcleaner\",\"description\":\"Variant. Mocny w\u015br\u00f3d mocnych marek.\",\"potentialAction\":[{\"@type\":\"SearchAction\",\"target\":{\"@type\":\"EntryPoint\",\"urlTemplate\":\"https:\\\/\\\/www.variantinternational.com\\\/?s={search_term_string}\"},\"query-input\":{\"@type\":\"PropertyValueSpecification\",\"valueRequired\":true,\"valueName\":\"search_term_string\"}}],\"inLanguage\":\"pl-PL\"}]}<\/script>\n<!-- \/ Yoast SEO plugin. -->","yoast_head_json":{"title":"Variant International \u2022 Torby i akcesoria Vacuumcleaner","robots":{"index":"index","follow":"follow","max-snippet":"max-snippet:-1","max-image-preview":"max-image-preview:large","max-video-preview":"max-video-preview:-1"},"canonical":"https:\/\/www.variantinternational.com\/pl\/","og_locale":"pl_PL","og_type":"article","og_title":"Variant International \u2022 Torby i akcesoria Vacuumcleaner","og_description":"Variant. Mocny w\u015br\u00f3d mocnych marek. Odkryj mo\u017cliwo\u015bci.","og_url":"https:\/\/www.variantinternational.com\/pl\/","og_site_name":"Variant International - Torby i akcesoria Vacuumcleaner","article_modified_time":"2020-03-25T06:07:10+00:00","og_image":[{"url":"http:\/\/www.variantinternational.com\/wp-content\/uploads\/2012\/08\/threeMIboxes.jpg","type":"","width":"","height":""}],"twitter_misc":{"Szacowany czas czytania":"1 minuta"},"schema":{"@context":"https:\/\/schema.org","@graph":[{"@type":"WebPage","@id":"https:\/\/www.variantinternational.com\/pl\/","url":"https:\/\/www.variantinternational.com\/pl\/","name":"Variant International \u2022 Torby i akcesoria Vacuumcleaner","isPartOf":{"@id":"https:\/\/www.variantinternational.com\/#website"},"primaryImageOfPage":{"@id":"https:\/\/www.variantinternational.com\/pl\/#primaryimage"},"image":{"@id":"https:\/\/www.variantinternational.com\/pl\/#primaryimage"},"thumbnailUrl":"http:\/\/www.variantinternational.com\/wp-content\/uploads\/2012\/08\/threeMIboxes.jpg","datePublished":"2013-01-29T08:07:45+00:00","dateModified":"2020-03-25T06:07:10+00:00","breadcrumb":{"@id":"https:\/\/www.variantinternational.com\/pl\/#breadcrumb"},"inLanguage":"pl-PL","potentialAction":[{"@type":"ReadAction","target":["https:\/\/www.variantinternational.com\/pl\/"]}]},{"@type":"ImageObject","inLanguage":"pl-PL","@id":"https:\/\/www.variantinternational.com\/pl\/#primaryimage","url":"http:\/\/www.variantinternational.com\/wp-content\/uploads\/2012\/08\/threeMIboxes.jpg","contentUrl":"http:\/\/www.variantinternational.com\/wp-content\/uploads\/2012\/08\/threeMIboxes.jpg"},{"@type":"BreadcrumbList","@id":"https:\/\/www.variantinternational.com\/pl\/#breadcrumb","itemListElement":[{"@type":"ListItem","position":1,"name":"Home","item":"https:\/\/www.variantinternational.com\/pl\/"},{"@type":"ListItem","position":2,"name":"Strona g\u0142\u00f3wna"}]},{"@type":"WebSite","@id":"https:\/\/www.variantinternational.com\/#website","url":"https:\/\/www.variantinternational.com\/","name":"Variant International - Torby i akcesoria Vacuumcleaner","description":"Variant. Mocny w\u015br\u00f3d mocnych marek.","potentialAction":[{"@type":"SearchAction","target":{"@type":"EntryPoint","urlTemplate":"https:\/\/www.variantinternational.com\/?s={search_term_string}"},"query-input":{"@type":"PropertyValueSpecification","valueRequired":true,"valueName":"search_term_string"}}],"inLanguage":"pl-PL"}]}},"_links":{"self":[{"href":"https:\/\/www.variantinternational.com\/pl\/wp-json\/wp\/v2\/pages\/725","targetHints":{"allow":["GET"]}}],"collection":[{"href":"https:\/\/www.variantinternational.com\/pl\/wp-json\/wp\/v2\/pages"}],"about":[{"href":"https:\/\/www.variantinternational.com\/pl\/wp-json\/wp\/v2\/types\/page"}],"author":[{"embeddable":true,"href":"https:\/\/www.variantinternational.com\/pl\/wp-json\/wp\/v2\/users\/7"}],"replies":[{"embeddable":true,"href":"https:\/\/www.variantinternational.com\/pl\/wp-json\/wp\/v2\/comments?post=725"}],"version-history":[{"count":12,"href":"https:\/\/www.variantinternational.com\/pl\/wp-json\/wp\/v2\/pages\/725\/revisions"}],"predecessor-version":[{"id":1117,"href":"https:\/\/www.variantinternational.com\/pl\/wp-json\/wp\/v2\/pages\/725\/revisions\/1117"}],"wp:attachment":[{"href":"https:\/\/www.variantinternational.com\/pl\/wp-json\/wp\/v2\/media?parent=725"}],"curies":[{"name":"wp","href":"https:\/\/api.w.org\/{rel}","templated":true}]}}