{"id":825,"date":"2013-07-09T05:58:11","date_gmt":"2013-07-09T05:58:11","guid":{"rendered":"http:\/\/www.variantinternational.com\/?page_id=825"},"modified":"2013-07-10T05:48:38","modified_gmt":"2013-07-10T05:48:38","slug":"zostan-klientem","status":"publish","type":"page","link":"https:\/\/www.variantinternational.com\/pl\/zostan-klientem\/","title":{"rendered":"Zosta\u0144 klientem"},"content":{"rendered":"<p>Chcesz sta\u0107 si\u0119 klientem Variant Benelux BV? Wype\u0142nij formularz poni\u017cej, a otrzymasz dost\u0119p do naszego sklepu internetowego dop\u00f3ki twoje konto nie zostanie zatwierdzone mo\u017cna  zobaczy\u0107 nasz\u0105 pe\u0142n\u0105 ofert\u0119 w naszym <a href=\"http:\/\/catalog.variantinternational.com\">katalogu online<\/a>.<\/p>\n\n<div class=\"wpcf7 no-js\" id=\"wpcf7-f824-o1\" lang=\"en-US\" dir=\"ltr\" data-wpcf7-id=\"824\">\n<div class=\"screen-reader-response\"><p role=\"status\" aria-live=\"polite\" aria-atomic=\"true\"><\/p> <ul><\/ul><\/div>\n<form action=\"\/pl\/wp-json\/wp\/v2\/pages\/825#wpcf7-f824-o1\" method=\"post\" class=\"wpcf7-form init\" aria-label=\"Contact form\" novalidate=\"novalidate\" data-status=\"init\">\n<fieldset class=\"hidden-fields-container\"><input type=\"hidden\" name=\"_wpcf7\" value=\"824\" \/><input type=\"hidden\" name=\"_wpcf7_version\" value=\"6.1.5\" \/><input type=\"hidden\" name=\"_wpcf7_locale\" value=\"en_US\" \/><input type=\"hidden\" name=\"_wpcf7_unit_tag\" value=\"wpcf7-f824-o1\" \/><input type=\"hidden\" name=\"_wpcf7_container_post\" value=\"0\" \/><input type=\"hidden\" name=\"_wpcf7_posted_data_hash\" value=\"\" \/>\n<\/fieldset>\n<p><i>Pola oznaczone * s\u0105 wymagane<\/i>\n<\/p>\n<p><b>Nazwa Firmy<\/b>*<br \/>\n<span class=\"wpcf7-form-control-wrap\" data-name=\"Bedrijfsnaam\"><input size=\"40\" maxlength=\"400\" class=\"wpcf7-form-control wpcf7-text wpcf7-validates-as-required\" aria-required=\"true\" aria-invalid=\"false\" value=\"\" type=\"text\" name=\"Bedrijfsnaam\" \/><\/span>\n<\/p>\n<p><b>Typ Firmy<\/b>*<br \/>\n<span class=\"wpcf7-form-control-wrap\" data-name=\"Soortbedrijf\"><select class=\"wpcf7-form-control wpcf7-select wpcf7-validates-as-required\" aria-required=\"true\" aria-invalid=\"false\" name=\"Soortbedrijf\"><option value=\"Sklep\">Sklep<\/option><option value=\"Hurtownia\">Hurtownia<\/option><option value=\"Sprzedawca\">Sprzedawca<\/option><option value=\"Sklep Internetowy\">Sklep Internetowy<\/option><option value=\"Targ\">Targ<\/option><option value=\"Sklep Specjalny\">Sklep Specjalny<\/option><option value=\"Serwis Sprz\u0105tanie\">Serwis Sprz\u0105tanie<\/option><option value=\"Hotel\">Hotel<\/option><option value=\"Inny\">Inny<\/option><\/select><\/span>\n<\/p>\n<p><b>P\u0142e\u0107<\/b><br \/>\n<span class=\"wpcf7-form-control-wrap\" data-name=\"Geslacht\"><span class=\"wpcf7-form-control wpcf7-radio\"><span class=\"wpcf7-list-item first\"><span class=\"wpcf7-list-item-label\">M\u0119\u017cczyzna<\/span><input type=\"radio\" name=\"Geslacht\" value=\"M\u0119\u017cczyzna\" \/><\/span><span class=\"wpcf7-list-item last\"><span class=\"wpcf7-list-item-label\">Kobieta<\/span><input type=\"radio\" name=\"Geslacht\" value=\"Kobieta\" \/><\/span><\/span><\/span>\n<\/p>\n<p><b>Osoba kontaktowa<\/b>*<br \/>\n<span class=\"wpcf7-form-control-wrap\" data-name=\"Contactpersoon\"><input size=\"40\" maxlength=\"400\" class=\"wpcf7-form-control wpcf7-text wpcf7-validates-as-required\" aria-required=\"true\" aria-invalid=\"false\" value=\"\" type=\"text\" name=\"Contactpersoon\" \/><\/span>\n<\/p>\n<p><b>Adres<\/b>*<br \/>\n<span class=\"wpcf7-form-control-wrap\" data-name=\"Adres\"><input size=\"40\" maxlength=\"400\" class=\"wpcf7-form-control wpcf7-text wpcf7-validates-as-required\" aria-required=\"true\" aria-invalid=\"false\" value=\"\" type=\"text\" name=\"Adres\" \/><\/span>\n<\/p>\n<p><b>Kod pocztowy<\/b>*<br \/>\n<span class=\"wpcf7-form-control-wrap\" data-name=\"Postcode\"><input size=\"40\" maxlength=\"400\" class=\"wpcf7-form-control wpcf7-text wpcf7-validates-as-required\" aria-required=\"true\" aria-invalid=\"false\" value=\"\" type=\"text\" name=\"Postcode\" \/><\/span>\n<\/p>\n<p><b>Miasto<\/b>*<br \/>\n<span class=\"wpcf7-form-control-wrap\" data-name=\"Plaats\"><input size=\"40\" maxlength=\"400\" class=\"wpcf7-form-control wpcf7-text wpcf7-validates-as-required\" aria-required=\"true\" aria-invalid=\"false\" value=\"\" type=\"text\" name=\"Plaats\" \/><\/span>\n<\/p>\n<p><b>Kraj<\/b>*<br \/>\n<span class=\"wpcf7-form-control-wrap\" data-name=\"Land\"><input size=\"40\" maxlength=\"400\" class=\"wpcf7-form-control wpcf7-text wpcf7-validates-as-required\" aria-required=\"true\" aria-invalid=\"false\" value=\"\" type=\"text\" name=\"Land\" \/><\/span>\n<\/p>\n<p><b>Telefon<\/b>*<br \/>\n<span class=\"wpcf7-form-control-wrap\" data-name=\"Telefoon\"><input size=\"40\" maxlength=\"400\" class=\"wpcf7-form-control wpcf7-text wpcf7-validates-as-required\" aria-required=\"true\" aria-invalid=\"false\" value=\"\" type=\"text\" name=\"Telefoon\" \/><\/span>\n<\/p>\n<p><b>Telefon Kom\u00f3rkowy<\/b><br \/>\n<span class=\"wpcf7-form-control-wrap\" data-name=\"Mobiel\"><input size=\"40\" maxlength=\"400\" class=\"wpcf7-form-control wpcf7-text\" aria-invalid=\"false\" value=\"\" type=\"text\" name=\"Mobiel\" \/><\/span>\n<\/p>\n<p><b>Adres Email<\/b>*<br \/>\n<span class=\"wpcf7-form-control-wrap\" data-name=\"E-mailadres\"><input size=\"40\" maxlength=\"400\" class=\"wpcf7-form-control wpcf7-email wpcf7-validates-as-required wpcf7-text wpcf7-validates-as-email\" aria-required=\"true\" aria-invalid=\"false\" value=\"\" type=\"email\" name=\"E-mailadres\" \/><\/span>\n<\/p>\n<p><b>Strona internetowa<\/b><br \/>\n<span class=\"wpcf7-form-control-wrap\" data-name=\"Website\"><input size=\"40\" maxlength=\"400\" class=\"wpcf7-form-control wpcf7-text\" aria-invalid=\"false\" value=\"\" type=\"text\" name=\"Website\" \/><\/span>\n<\/p>\n<p><b>Numer s\u0142u\u017cbowy<\/b>*<br \/>\n<span class=\"wpcf7-form-control-wrap\" data-name=\"KVK-nummer\"><input size=\"40\" maxlength=\"400\" class=\"wpcf7-form-control wpcf7-text wpcf7-validates-as-required\" aria-required=\"true\" aria-invalid=\"false\" value=\"\" type=\"text\" name=\"KVK-nummer\" \/><\/span>\n<\/p>\n<p><b>Numer VAT<\/b>*<br \/>\n<span class=\"wpcf7-form-control-wrap\" data-name=\"BTW-nummer\"><input size=\"40\" maxlength=\"400\" class=\"wpcf7-form-control wpcf7-text wpcf7-validates-as-required\" aria-required=\"true\" aria-invalid=\"false\" value=\"\" type=\"text\" name=\"BTW-nummer\" \/><\/span>\n<\/p>\n<p><b>Jak nas znalaz\u0142e\u015b?<\/b>*<br \/>\n<span class=\"wpcf7-form-control-wrap\" data-name=\"Hoeheeftuonsgevonden\"><select class=\"wpcf7-form-control wpcf7-select wpcf7-validates-as-required\" aria-required=\"true\" aria-invalid=\"false\" name=\"Hoeheeftuonsgevonden\"><option value=\"Magazyn\">Magazyn<\/option><option value=\"Widz\u0142em w sklepie\">Widz\u0142em w sklepie<\/option><option value=\"Internet\">Internet<\/option><option value=\"inny\">inny<\/option><\/select><\/span>\n<\/p>\n<p><b>Uwagi<\/b><br \/>\n<span class=\"wpcf7-form-control-wrap\" data-name=\"Opmerkingen\"><textarea cols=\"40\" rows=\"10\" maxlength=\"2000\" class=\"wpcf7-form-control wpcf7-textarea\" aria-invalid=\"false\" name=\"Opmerkingen\"><\/textarea><\/span>\n<\/p>\n<p><b>Kod weryfikacyjny<\/b><br \/>\n<input type=\"hidden\" name=\"_wpcf7_captcha_challenge_captcha-970\" value=\"3610934690\" \/><img loading=\"lazy\" decoding=\"async\" class=\"wpcf7-form-control wpcf7-captchac wpcf7-captcha-captcha-970\" width=\"72\" height=\"24\" alt=\"captcha\" src=\"https:\/\/www.variantinternational.com\/wp-content\/uploads\/wpcf7_captcha\/3610934690.png\" \/>\n<\/p>\n<p><b>Wprowad\u017a powy\u017cszy kod<\/b><br \/>\n<span class=\"wpcf7-form-control-wrap\" data-name=\"captcha-970\"><input size=\"40\" class=\"wpcf7-form-control wpcf7-captchar\" autocomplete=\"off\" aria-invalid=\"false\" value=\"\" type=\"text\" name=\"captcha-970\" \/><\/span>\n<\/p>\n<center>\n\t<p style=\"background: green; color: #FFFFFF; text-align: middle; font-size: 120%; padding: 5px;\"><b><input class=\"wpcf7-form-control wpcf7-submit has-spinner\" type=\"submit\" value=\"Prze\u015blij zapytanie\" \/><\/b>\n\t<\/p>\n<\/center><p style=\"display: none !important;\" class=\"akismet-fields-container\" data-prefix=\"_wpcf7_ak_\"><label>&#916;<textarea name=\"_wpcf7_ak_hp_textarea\" cols=\"45\" rows=\"8\" maxlength=\"100\"><\/textarea><\/label><input type=\"hidden\" id=\"ak_js_1\" name=\"_wpcf7_ak_js\" value=\"189\"\/><script>document.getElementById( \"ak_js_1\" ).setAttribute( \"value\", ( new Date() ).getTime() );<\/script><\/p><div class=\"wpcf7-response-output\" aria-hidden=\"true\"><\/div>\n<\/form>\n<\/div>\n\n","protected":false},"excerpt":{"rendered":"<p>Chcesz sta\u0107 si\u0119 klientem Variant Benelux BV? Wype\u0142nij formularz poni\u017cej, a otrzymasz dost\u0119p do naszego sklepu internetowego dop\u00f3ki twoje konto nie zostanie zatwierdzone mo\u017cna zobaczy\u0107 nasz\u0105 pe\u0142n\u0105 ofert\u0119 w naszym katalogu online.<\/p>\n","protected":false},"author":7,"featured_media":0,"parent":0,"menu_order":0,"comment_status":"closed","ping_status":"closed","template":"","meta":{"ngg_post_thumbnail":0,"footnotes":""},"class_list":["post-825","page","type-page","status-publish","hentry"],"yoast_head":"<!-- This site is optimized with the Yoast SEO plugin v27.4 - https:\/\/yoast.com\/product\/yoast-seo-wordpress\/ -->\n<title>Zosta\u0144 klientem - Variant International - Torby i akcesoria Vacuumcleaner<\/title>\n<meta name=\"robots\" content=\"index, follow, max-snippet:-1, max-image-preview:large, max-video-preview:-1\" \/>\n<link rel=\"canonical\" href=\"https:\/\/www.variantinternational.com\/pl\/zostan-klientem\/\" \/>\n<meta property=\"og:locale\" content=\"pl_PL\" \/>\n<meta property=\"og:type\" content=\"article\" \/>\n<meta property=\"og:title\" content=\"Zosta\u0144 klientem - Variant International - Torby i akcesoria Vacuumcleaner\" \/>\n<meta property=\"og:description\" content=\"Chcesz sta\u0107 si\u0119 klientem Variant Benelux BV? Wype\u0142nij formularz poni\u017cej, a otrzymasz dost\u0119p do naszego sklepu internetowego dop\u00f3ki twoje konto nie zostanie zatwierdzone mo\u017cna zobaczy\u0107 nasz\u0105 pe\u0142n\u0105 ofert\u0119 w naszym katalogu online.\" \/>\n<meta property=\"og:url\" content=\"https:\/\/www.variantinternational.com\/pl\/zostan-klientem\/\" \/>\n<meta property=\"og:site_name\" content=\"Variant International - Torby i akcesoria Vacuumcleaner\" \/>\n<meta property=\"article:modified_time\" content=\"2013-07-10T05:48:38+00:00\" \/>\n<script type=\"application\/ld+json\" class=\"yoast-schema-graph\">{\"@context\":\"https:\\\/\\\/schema.org\",\"@graph\":[{\"@type\":\"WebPage\",\"@id\":\"https:\\\/\\\/www.variantinternational.com\\\/pl\\\/zostan-klientem\\\/\",\"url\":\"https:\\\/\\\/www.variantinternational.com\\\/pl\\\/zostan-klientem\\\/\",\"name\":\"Zosta\u0144 klientem - Variant International - Torby i akcesoria Vacuumcleaner\",\"isPartOf\":{\"@id\":\"https:\\\/\\\/www.variantinternational.com\\\/#website\"},\"datePublished\":\"2013-07-09T05:58:11+00:00\",\"dateModified\":\"2013-07-10T05:48:38+00:00\",\"breadcrumb\":{\"@id\":\"https:\\\/\\\/www.variantinternational.com\\\/pl\\\/zostan-klientem\\\/#breadcrumb\"},\"inLanguage\":\"pl-PL\",\"potentialAction\":[{\"@type\":\"ReadAction\",\"target\":[\"https:\\\/\\\/www.variantinternational.com\\\/pl\\\/zostan-klientem\\\/\"]}]},{\"@type\":\"BreadcrumbList\",\"@id\":\"https:\\\/\\\/www.variantinternational.com\\\/pl\\\/zostan-klientem\\\/#breadcrumb\",\"itemListElement\":[{\"@type\":\"ListItem\",\"position\":1,\"name\":\"Home\",\"item\":\"https:\\\/\\\/www.variantinternational.com\\\/pl\\\/\"},{\"@type\":\"ListItem\",\"position\":2,\"name\":\"Zosta\u0144 klientem\"}]},{\"@type\":\"WebSite\",\"@id\":\"https:\\\/\\\/www.variantinternational.com\\\/#website\",\"url\":\"https:\\\/\\\/www.variantinternational.com\\\/\",\"name\":\"Variant International - Torby i akcesoria Vacuumcleaner\",\"description\":\"Variant. Mocny w\u015br\u00f3d mocnych marek.\",\"potentialAction\":[{\"@type\":\"SearchAction\",\"target\":{\"@type\":\"EntryPoint\",\"urlTemplate\":\"https:\\\/\\\/www.variantinternational.com\\\/?s={search_term_string}\"},\"query-input\":{\"@type\":\"PropertyValueSpecification\",\"valueRequired\":true,\"valueName\":\"search_term_string\"}}],\"inLanguage\":\"pl-PL\"}]}<\/script>\n<!-- \/ Yoast SEO plugin. -->","yoast_head_json":{"title":"Zosta\u0144 klientem - Variant International - Torby i akcesoria Vacuumcleaner","robots":{"index":"index","follow":"follow","max-snippet":"max-snippet:-1","max-image-preview":"max-image-preview:large","max-video-preview":"max-video-preview:-1"},"canonical":"https:\/\/www.variantinternational.com\/pl\/zostan-klientem\/","og_locale":"pl_PL","og_type":"article","og_title":"Zosta\u0144 klientem - Variant International - Torby i akcesoria Vacuumcleaner","og_description":"Chcesz sta\u0107 si\u0119 klientem Variant Benelux BV? Wype\u0142nij formularz poni\u017cej, a otrzymasz dost\u0119p do naszego sklepu internetowego dop\u00f3ki twoje konto nie zostanie zatwierdzone mo\u017cna zobaczy\u0107 nasz\u0105 pe\u0142n\u0105 ofert\u0119 w naszym katalogu online.","og_url":"https:\/\/www.variantinternational.com\/pl\/zostan-klientem\/","og_site_name":"Variant International - Torby i akcesoria Vacuumcleaner","article_modified_time":"2013-07-10T05:48:38+00:00","schema":{"@context":"https:\/\/schema.org","@graph":[{"@type":"WebPage","@id":"https:\/\/www.variantinternational.com\/pl\/zostan-klientem\/","url":"https:\/\/www.variantinternational.com\/pl\/zostan-klientem\/","name":"Zosta\u0144 klientem - Variant International - Torby i akcesoria Vacuumcleaner","isPartOf":{"@id":"https:\/\/www.variantinternational.com\/#website"},"datePublished":"2013-07-09T05:58:11+00:00","dateModified":"2013-07-10T05:48:38+00:00","breadcrumb":{"@id":"https:\/\/www.variantinternational.com\/pl\/zostan-klientem\/#breadcrumb"},"inLanguage":"pl-PL","potentialAction":[{"@type":"ReadAction","target":["https:\/\/www.variantinternational.com\/pl\/zostan-klientem\/"]}]},{"@type":"BreadcrumbList","@id":"https:\/\/www.variantinternational.com\/pl\/zostan-klientem\/#breadcrumb","itemListElement":[{"@type":"ListItem","position":1,"name":"Home","item":"https:\/\/www.variantinternational.com\/pl\/"},{"@type":"ListItem","position":2,"name":"Zosta\u0144 klientem"}]},{"@type":"WebSite","@id":"https:\/\/www.variantinternational.com\/#website","url":"https:\/\/www.variantinternational.com\/","name":"Variant International - Torby i akcesoria Vacuumcleaner","description":"Variant. Mocny w\u015br\u00f3d mocnych marek.","potentialAction":[{"@type":"SearchAction","target":{"@type":"EntryPoint","urlTemplate":"https:\/\/www.variantinternational.com\/?s={search_term_string}"},"query-input":{"@type":"PropertyValueSpecification","valueRequired":true,"valueName":"search_term_string"}}],"inLanguage":"pl-PL"}]}},"_links":{"self":[{"href":"https:\/\/www.variantinternational.com\/pl\/wp-json\/wp\/v2\/pages\/825","targetHints":{"allow":["GET"]}}],"collection":[{"href":"https:\/\/www.variantinternational.com\/pl\/wp-json\/wp\/v2\/pages"}],"about":[{"href":"https:\/\/www.variantinternational.com\/pl\/wp-json\/wp\/v2\/types\/page"}],"author":[{"embeddable":true,"href":"https:\/\/www.variantinternational.com\/pl\/wp-json\/wp\/v2\/users\/7"}],"replies":[{"embeddable":true,"href":"https:\/\/www.variantinternational.com\/pl\/wp-json\/wp\/v2\/comments?post=825"}],"version-history":[{"count":3,"href":"https:\/\/www.variantinternational.com\/pl\/wp-json\/wp\/v2\/pages\/825\/revisions"}],"predecessor-version":[{"id":828,"href":"https:\/\/www.variantinternational.com\/pl\/wp-json\/wp\/v2\/pages\/825\/revisions\/828"}],"wp:attachment":[{"href":"https:\/\/www.variantinternational.com\/pl\/wp-json\/wp\/v2\/media?parent=825"}],"curies":[{"name":"wp","href":"https:\/\/api.w.org\/{rel}","templated":true}]}}